{"id":643,"date":"2018-05-25T19:01:51","date_gmt":"2018-05-25T19:01:51","guid":{"rendered":"https:\/\/www.oceanum.es\/?page_id=643"},"modified":"2018-06-25T10:41:06","modified_gmt":"2018-06-25T10:41:06","slug":"dpv-tec","status":"publish","type":"page","link":"https:\/\/www.oceanum.es\/?page_id=643","title":{"rendered":"DPV Tec"},"content":{"rendered":"<p><strong>Objetivo<\/strong><img decoding=\"async\" class=\"alignright size-medium wp-image-835\" src=\"https:\/\/www.oceanum.es\/wp-content\/uploads\/2018\/06\/dpv2-300x139.jpg\" alt=\"\" width=\"300\" height=\"139\" srcset=\"https:\/\/www.oceanum.es\/wp-content\/uploads\/2018\/06\/dpv2-300x139.jpg 300w, https:\/\/www.oceanum.es\/wp-content\/uploads\/2018\/06\/dpv2-600x278.jpg 600w, https:\/\/www.oceanum.es\/wp-content\/uploads\/2018\/06\/dpv2-768x356.jpg 768w, https:\/\/www.oceanum.es\/wp-content\/uploads\/2018\/06\/dpv2-776x360.jpg 776w, https:\/\/www.oceanum.es\/wp-content\/uploads\/2018\/06\/dpv2.jpg 777w\" sizes=\"(max-width: 300px) 100vw, 300px\" \/><\/p>\n<p>Este programa est\u00e1 dise\u00f1ado para proporcionar la capacitaci\u00f3n necesaria para el uso de veh\u00edculos de propulsi\u00f3n de buceo (DIVER P<span style=\"font-size: 1rem;\">ROPULSION VEHICLE) en inmersiones T\u00e9cnicas en aguas abiertas.<\/span><\/p>\n<p><strong>\u00bfA que profundidad se puede llegar esta certificaci\u00f3n?<\/strong><\/p>\n<p>La profundidad m\u00e1xima para esta certificaci\u00f3n est\u00e1 limitada a al nivel de certificaci\u00f3n m\u00e1xima que tenga en cuanto a profundidad.<\/p>\n<p><strong>Pre-requisitos para acceder a esta certificaci\u00f3n<\/strong><\/p>\n<ul>\n<li style=\"list-style-type: none\">\n<ul>\n<li>Tener un m\u00ednimo de 15 o m\u00e1s.<\/li>\n<li>Cualquier programa Tek Lite, programa t\u00e9cnico o programa adicional se puede combinar con el programa Tek Open Water Sidemount Diver<\/li>\n<\/ul>\n<\/li>\n<\/ul>\n<p><strong>Material necesario<\/strong><\/p>\n<ul>\n<li style=\"list-style-type: none\">\n<ul>\n<li>IANTD Open Water DPV Student Kit<\/li>\n<\/ul>\n<\/li>\n<\/ul>\n<p><strong>Contenido de la certificaci\u00f3n<\/strong><\/p>\n<ul>\n<li style=\"list-style-type: none;\">\n<ul>\n<li style=\"list-style-type: none;\">\n<ul>\n<li>Sesiones acad\u00e9micas<\/li>\n<li>Sesiones de agua confinada<\/li>\n<li>Sesiones de agua abiertas<\/li>\n<\/ul>\n<\/li>\n<\/ul>\n<\/li>\n<\/ul>\n<p><a href=\"https:\/\/www.oceanum.es\/?page_id=422\"><img decoding=\"async\" class=\"alignright\" src=\"https:\/\/www.oceanum.es\/wp-content\/uploads\/2018\/06\/flecha2.gif\" alt=\"\" width=\"43\" height=\"32\" \/><\/a><\/p>\n","protected":false},"excerpt":{"rendered":"<p>Objetivo Este programa est\u00e1 dise\u00f1ado para proporcionar la capacitaci\u00f3n necesaria para el uso de veh\u00edculos de propulsi\u00f3n de buceo (DIVER PROPULSION VEHICLE) en inmersiones T\u00e9cnicas en aguas abiertas. \u00bfA que profundidad se puede llegar esta certificaci\u00f3n? La profundidad m\u00e1xima para esta certificaci\u00f3n est\u00e1 limitada a al nivel de certificaci\u00f3n m\u00e1xima que tenga en cuanto a profundidad. Pre-requisitos para acceder a esta certificaci\u00f3n Tener un m\u00ednimo de 15 o m\u00e1s. Cualquier<\/p>\n<p><a class=\"more-link\" href=\"https:\/\/www.oceanum.es\/?page_id=643\">Leer m\u00e1s<\/a><\/p>\n","protected":false},"author":1,"featured_media":0,"parent":0,"menu_order":0,"comment_status":"closed","ping_status":"closed","template":"","meta":{"footnotes":""},"class_list":["post-643","page","type-page","status-publish","hentry"],"yoast_head":"<title>DPV Tec - Oceanum Diving Experiences<\/title>\n<meta name=\"robots\" content=\"index, follow, max-snippet:-1, max-image-preview:large, max-video-preview:-1\" \/>\n<link rel=\"canonical\" href=\"https:\/\/www.oceanum.es\/?page_id=643\" \/>\n<meta property=\"og:locale\" content=\"es_ES\" \/>\n<meta property=\"og:type\" content=\"article\" \/>\n<meta property=\"og:title\" content=\"DPV Tec - Oceanum Diving Experiences\" \/>\n<meta property=\"og:description\" content=\"Objetivo Este programa est\u00e1 dise\u00f1ado para proporcionar la capacitaci\u00f3n necesaria para el uso de veh\u00edculos de propulsi\u00f3n de buceo (DIVER PROPULSION VEHICLE) en inmersiones T\u00e9cnicas en aguas abiertas. \u00bfA que profundidad se puede llegar esta certificaci\u00f3n? La profundidad m\u00e1xima para esta certificaci\u00f3n est\u00e1 limitada a al nivel de certificaci\u00f3n m\u00e1xima que tenga en cuanto a profundidad. Pre-requisitos para acceder a esta certificaci\u00f3n Tener un m\u00ednimo de 15 o m\u00e1s. CualquierLeer m\u00e1s\" \/>\n<meta property=\"og:url\" content=\"https:\/\/www.oceanum.es\/?page_id=643\" \/>\n<meta property=\"og:site_name\" content=\"Oceanum Diving Experiences\" \/>\n<meta property=\"article:publisher\" content=\"https:\/\/www.facebook.com\/OceanumDiving\/\" \/>\n<meta property=\"article:modified_time\" content=\"2018-06-25T10:41:06+00:00\" \/>\n<meta property=\"og:image\" content=\"https:\/\/www.oceanum.es\/wp-content\/uploads\/2018\/06\/dpv2-300x139.jpg\" \/>\n<meta name=\"twitter:card\" content=\"summary_large_image\" \/>\n<meta name=\"twitter:site\" content=\"@OceanumDiving\" \/>\n<meta name=\"twitter:label1\" content=\"Tiempo de lectura\" \/>\n\t<meta name=\"twitter:data1\" content=\"1 minuto\" \/>\n<script type=\"application\/ld+json\" class=\"yoast-schema-graph\">{\"@context\":\"https:\\\/\\\/schema.org\",\"@graph\":[{\"@type\":\"WebPage\",\"@id\":\"https:\\\/\\\/www.oceanum.es\\\/?page_id=643\",\"url\":\"https:\\\/\\\/www.oceanum.es\\\/?page_id=643\",\"name\":\"DPV Tec - Oceanum Diving Experiences\",\"isPartOf\":{\"@id\":\"https:\\\/\\\/www.oceanum.es\\\/#website\"},\"primaryImageOfPage\":{\"@id\":\"https:\\\/\\\/www.oceanum.es\\\/?page_id=643#primaryimage\"},\"image\":{\"@id\":\"https:\\\/\\\/www.oceanum.es\\\/?page_id=643#primaryimage\"},\"thumbnailUrl\":\"https:\\\/\\\/www.oceanum.es\\\/wp-content\\\/uploads\\\/2018\\\/06\\\/dpv2-300x139.jpg\",\"datePublished\":\"2018-05-25T19:01:51+00:00\",\"dateModified\":\"2018-06-25T10:41:06+00:00\",\"breadcrumb\":{\"@id\":\"https:\\\/\\\/www.oceanum.es\\\/?page_id=643#breadcrumb\"},\"inLanguage\":\"es\",\"potentialAction\":[{\"@type\":\"ReadAction\",\"target\":[\"https:\\\/\\\/www.oceanum.es\\\/?page_id=643\"]}]},{\"@type\":\"ImageObject\",\"inLanguage\":\"es\",\"@id\":\"https:\\\/\\\/www.oceanum.es\\\/?page_id=643#primaryimage\",\"url\":\"https:\\\/\\\/www.oceanum.es\\\/wp-content\\\/uploads\\\/2018\\\/06\\\/dpv2.jpg\",\"contentUrl\":\"https:\\\/\\\/www.oceanum.es\\\/wp-content\\\/uploads\\\/2018\\\/06\\\/dpv2.jpg\",\"width\":777,\"height\":360},{\"@type\":\"BreadcrumbList\",\"@id\":\"https:\\\/\\\/www.oceanum.es\\\/?page_id=643#breadcrumb\",\"itemListElement\":[{\"@type\":\"ListItem\",\"position\":1,\"name\":\"Portada\",\"item\":\"https:\\\/\\\/www.oceanum.es\\\/\"},{\"@type\":\"ListItem\",\"position\":2,\"name\":\"DPV Tec\"}]},{\"@type\":\"WebSite\",\"@id\":\"https:\\\/\\\/www.oceanum.es\\\/#website\",\"url\":\"https:\\\/\\\/www.oceanum.es\\\/\",\"name\":\"Oceanum Diving Experiences\",\"description\":\"Otra forma de Bucear\",\"potentialAction\":[{\"@type\":\"SearchAction\",\"target\":{\"@type\":\"EntryPoint\",\"urlTemplate\":\"https:\\\/\\\/www.oceanum.es\\\/?s={search_term_string}\"},\"query-input\":{\"@type\":\"PropertyValueSpecification\",\"valueRequired\":true,\"valueName\":\"search_term_string\"}}],\"inLanguage\":\"es\"}]}<\/script>","yoast_head_json":{"title":"DPV Tec - Oceanum Diving Experiences","robots":{"index":"index","follow":"follow","max-snippet":"max-snippet:-1","max-image-preview":"max-image-preview:large","max-video-preview":"max-video-preview:-1"},"canonical":"https:\/\/www.oceanum.es\/?page_id=643","og_locale":"es_ES","og_type":"article","og_title":"DPV Tec - Oceanum Diving Experiences","og_description":"Objetivo Este programa est\u00e1 dise\u00f1ado para proporcionar la capacitaci\u00f3n necesaria para el uso de veh\u00edculos de propulsi\u00f3n de buceo (DIVER PROPULSION VEHICLE) en inmersiones T\u00e9cnicas en aguas abiertas. \u00bfA que profundidad se puede llegar esta certificaci\u00f3n? La profundidad m\u00e1xima para esta certificaci\u00f3n est\u00e1 limitada a al nivel de certificaci\u00f3n m\u00e1xima que tenga en cuanto a profundidad. Pre-requisitos para acceder a esta certificaci\u00f3n Tener un m\u00ednimo de 15 o m\u00e1s. CualquierLeer m\u00e1s","og_url":"https:\/\/www.oceanum.es\/?page_id=643","og_site_name":"Oceanum Diving Experiences","article_publisher":"https:\/\/www.facebook.com\/OceanumDiving\/","article_modified_time":"2018-06-25T10:41:06+00:00","og_image":[{"url":"https:\/\/www.oceanum.es\/wp-content\/uploads\/2018\/06\/dpv2-300x139.jpg","type":"","width":"","height":""}],"twitter_card":"summary_large_image","twitter_site":"@OceanumDiving","twitter_misc":{"Tiempo de lectura":"1 minuto"},"schema":{"@context":"https:\/\/schema.org","@graph":[{"@type":"WebPage","@id":"https:\/\/www.oceanum.es\/?page_id=643","url":"https:\/\/www.oceanum.es\/?page_id=643","name":"DPV Tec - Oceanum Diving Experiences","isPartOf":{"@id":"https:\/\/www.oceanum.es\/#website"},"primaryImageOfPage":{"@id":"https:\/\/www.oceanum.es\/?page_id=643#primaryimage"},"image":{"@id":"https:\/\/www.oceanum.es\/?page_id=643#primaryimage"},"thumbnailUrl":"https:\/\/www.oceanum.es\/wp-content\/uploads\/2018\/06\/dpv2-300x139.jpg","datePublished":"2018-05-25T19:01:51+00:00","dateModified":"2018-06-25T10:41:06+00:00","breadcrumb":{"@id":"https:\/\/www.oceanum.es\/?page_id=643#breadcrumb"},"inLanguage":"es","potentialAction":[{"@type":"ReadAction","target":["https:\/\/www.oceanum.es\/?page_id=643"]}]},{"@type":"ImageObject","inLanguage":"es","@id":"https:\/\/www.oceanum.es\/?page_id=643#primaryimage","url":"https:\/\/www.oceanum.es\/wp-content\/uploads\/2018\/06\/dpv2.jpg","contentUrl":"https:\/\/www.oceanum.es\/wp-content\/uploads\/2018\/06\/dpv2.jpg","width":777,"height":360},{"@type":"BreadcrumbList","@id":"https:\/\/www.oceanum.es\/?page_id=643#breadcrumb","itemListElement":[{"@type":"ListItem","position":1,"name":"Portada","item":"https:\/\/www.oceanum.es\/"},{"@type":"ListItem","position":2,"name":"DPV Tec"}]},{"@type":"WebSite","@id":"https:\/\/www.oceanum.es\/#website","url":"https:\/\/www.oceanum.es\/","name":"Oceanum Diving Experiences","description":"Otra forma de Bucear","potentialAction":[{"@type":"SearchAction","target":{"@type":"EntryPoint","urlTemplate":"https:\/\/www.oceanum.es\/?s={search_term_string}"},"query-input":{"@type":"PropertyValueSpecification","valueRequired":true,"valueName":"search_term_string"}}],"inLanguage":"es"}]}},"amp_enabled":true,"_links":{"self":[{"href":"https:\/\/www.oceanum.es\/index.php?rest_route=\/wp\/v2\/pages\/643","targetHints":{"allow":["GET"]}}],"collection":[{"href":"https:\/\/www.oceanum.es\/index.php?rest_route=\/wp\/v2\/pages"}],"about":[{"href":"https:\/\/www.oceanum.es\/index.php?rest_route=\/wp\/v2\/types\/page"}],"author":[{"embeddable":true,"href":"https:\/\/www.oceanum.es\/index.php?rest_route=\/wp\/v2\/users\/1"}],"replies":[{"embeddable":true,"href":"https:\/\/www.oceanum.es\/index.php?rest_route=%2Fwp%2Fv2%2Fcomments&post=643"}],"version-history":[{"count":7,"href":"https:\/\/www.oceanum.es\/index.php?rest_route=\/wp\/v2\/pages\/643\/revisions"}],"predecessor-version":[{"id":1008,"href":"https:\/\/www.oceanum.es\/index.php?rest_route=\/wp\/v2\/pages\/643\/revisions\/1008"}],"wp:attachment":[{"href":"https:\/\/www.oceanum.es\/index.php?rest_route=%2Fwp%2Fv2%2Fmedia&parent=643"}],"curies":[{"name":"wp","href":"https:\/\/api.w.org\/{rel}","templated":true}]}}