{"id":624,"date":"2018-05-25T18:56:16","date_gmt":"2018-05-25T18:56:16","guid":{"rendered":"https:\/\/www.oceanum.es\/?page_id=624"},"modified":"2018-06-24T15:31:19","modified_gmt":"2018-06-24T15:31:19","slug":"assistant-iahd","status":"publish","type":"page","link":"https:\/\/www.oceanum.es\/?page_id=624","title":{"rendered":"Assistant IAHD"},"content":{"rendered":"<p><img fetchpriority=\"high\" decoding=\"async\" class=\"alignright size-medium wp-image-921\" src=\"https:\/\/www.oceanum.es\/wp-content\/uploads\/2018\/06\/Logo_I_IA_site_500-300x300.png\" alt=\"\" width=\"300\" height=\"300\" srcset=\"https:\/\/www.oceanum.es\/wp-content\/uploads\/2018\/06\/Logo_I_IA_site_500-300x300.png 300w, https:\/\/www.oceanum.es\/wp-content\/uploads\/2018\/06\/Logo_I_IA_site_500-100x100.png 100w, https:\/\/www.oceanum.es\/wp-content\/uploads\/2018\/06\/Logo_I_IA_site_500-150x150.png 150w, https:\/\/www.oceanum.es\/wp-content\/uploads\/2018\/06\/Logo_I_IA_site_500-250x250.png 250w, https:\/\/www.oceanum.es\/wp-content\/uploads\/2018\/06\/Logo_I_IA_site_500.png 500w\" sizes=\"(max-width: 300px) 100vw, 300px\" \/>El Asistente de Instructor de buceo adaptado es un Asistente de Instructor o un nivel equivalente de una organizaci\u00f3n reconocida de entrenamiento para buceadores, que ha recibido entrenamiento especifico de c\u00f3mo bucear y ayudar en el entrenamiento de un buceador con discapacidad f\u00edsica. Al igual que en el PRO-TRAINING recibes experiencia de mano de un Director de Curso de buceo adaptado para comprender los principales problemas que afectan a los buceadores discapacitados. Un Asistente de Instructor certificado en buceo adaptado en Teaching status activo est\u00e1 cualificado para: Actuar como asistente certificado de un Instructor de buceo adaptado durante los cursos de Open Water Diver y Dive Partner o Realizar partes del curso Open Water Diver de forma independiente seg\u00fan los est\u00e1ndares de tu organizaci\u00f3n habitual de buceo. o Realizar el programa de buceo adaptado Scuba Diving Experience de forma independiente. Para participar en el Pro-Trainer una persona debe:<\/p>\n<p><img decoding=\"async\" class=\"size-medium wp-image-937 alignleft\" src=\"https:\/\/www.oceanum.es\/wp-content\/uploads\/2018\/06\/fraser1-300x225.jpg\" alt=\"\" width=\"300\" height=\"225\" srcset=\"https:\/\/www.oceanum.es\/wp-content\/uploads\/2018\/06\/fraser1-300x225.jpg 300w, https:\/\/www.oceanum.es\/wp-content\/uploads\/2018\/06\/fraser1-600x450.jpg 600w, https:\/\/www.oceanum.es\/wp-content\/uploads\/2018\/06\/fraser1-400x300.jpg 400w, https:\/\/www.oceanum.es\/wp-content\/uploads\/2018\/06\/fraser1.jpg 640w\" sizes=\"(max-width: 300px) 100vw, 300px\" \/>Estar certificado como Asistente de Instructor o equivalente por una organizaci\u00f3n de ense\u00f1anza de buceo internacionalmente reconocida y hallarse en estado activo. Enviar una copia de un certificado m\u00e9dico que especifique que la persona es apta para el buceo. El examen m\u00e9dico debe haberse realizado dentro de los \u00faltimos doce meses o haber recibido entrenamiento en Primeros Auxilios\/RCP en los \u00faltimos veinticuatro meses y enviar prueba de ello<br \/>\n<a href=\"https:\/\/www.oceanum.es\/?page_id=421\"><img decoding=\"async\" class=\"alignright\" src=\"https:\/\/www.oceanum.es\/wp-content\/uploads\/2018\/06\/flecha2.gif\" alt=\"\" width=\"43\" height=\"32\" \/><\/a><\/p>\n","protected":false},"excerpt":{"rendered":"<p>El Asistente de Instructor de buceo adaptado es un Asistente de Instructor o un nivel equivalente de una organizaci\u00f3n reconocida de entrenamiento para buceadores, que ha recibido entrenamiento especifico de c\u00f3mo bucear y ayudar en el entrenamiento de un buceador con discapacidad f\u00edsica. Al igual que en el PRO-TRAINING recibes experiencia de mano de un Director de Curso de buceo adaptado para comprender los principales problemas que afectan a los<\/p>\n<p><a class=\"more-link\" href=\"https:\/\/www.oceanum.es\/?page_id=624\">Leer m\u00e1s<\/a><\/p>\n","protected":false},"author":1,"featured_media":0,"parent":0,"menu_order":0,"comment_status":"closed","ping_status":"closed","template":"","meta":{"footnotes":""},"class_list":["post-624","page","type-page","status-publish","hentry"],"yoast_head":"<title>Assistant IAHD - Oceanum Diving Experiences<\/title>\n<meta name=\"robots\" content=\"index, follow, max-snippet:-1, max-image-preview:large, max-video-preview:-1\" \/>\n<link rel=\"canonical\" href=\"https:\/\/www.oceanum.es\/?page_id=624\" \/>\n<meta property=\"og:locale\" content=\"es_ES\" \/>\n<meta property=\"og:type\" content=\"article\" \/>\n<meta property=\"og:title\" content=\"Assistant IAHD - Oceanum Diving Experiences\" \/>\n<meta property=\"og:description\" content=\"El Asistente de Instructor de buceo adaptado es un Asistente de Instructor o un nivel equivalente de una organizaci\u00f3n reconocida de entrenamiento para buceadores, que ha recibido entrenamiento especifico de c\u00f3mo bucear y ayudar en el entrenamiento de un buceador con discapacidad f\u00edsica. Al igual que en el PRO-TRAINING recibes experiencia de mano de un Director de Curso de buceo adaptado para comprender los principales problemas que afectan a losLeer m\u00e1s\" \/>\n<meta property=\"og:url\" content=\"https:\/\/www.oceanum.es\/?page_id=624\" \/>\n<meta property=\"og:site_name\" content=\"Oceanum Diving Experiences\" \/>\n<meta property=\"article:publisher\" content=\"https:\/\/www.facebook.com\/OceanumDiving\/\" \/>\n<meta property=\"article:modified_time\" content=\"2018-06-24T15:31:19+00:00\" \/>\n<meta property=\"og:image\" content=\"https:\/\/www.oceanum.es\/wp-content\/uploads\/2018\/06\/Logo_I_IA_site_500-300x300.png\" \/>\n<meta name=\"twitter:card\" content=\"summary_large_image\" \/>\n<meta name=\"twitter:site\" content=\"@OceanumDiving\" \/>\n<meta name=\"twitter:label1\" content=\"Tiempo de lectura\" \/>\n\t<meta name=\"twitter:data1\" content=\"1 minuto\" \/>\n<script type=\"application\/ld+json\" class=\"yoast-schema-graph\">{\"@context\":\"https:\\\/\\\/schema.org\",\"@graph\":[{\"@type\":\"WebPage\",\"@id\":\"https:\\\/\\\/www.oceanum.es\\\/?page_id=624\",\"url\":\"https:\\\/\\\/www.oceanum.es\\\/?page_id=624\",\"name\":\"Assistant IAHD - Oceanum Diving Experiences\",\"isPartOf\":{\"@id\":\"https:\\\/\\\/www.oceanum.es\\\/#website\"},\"primaryImageOfPage\":{\"@id\":\"https:\\\/\\\/www.oceanum.es\\\/?page_id=624#primaryimage\"},\"image\":{\"@id\":\"https:\\\/\\\/www.oceanum.es\\\/?page_id=624#primaryimage\"},\"thumbnailUrl\":\"https:\\\/\\\/www.oceanum.es\\\/wp-content\\\/uploads\\\/2018\\\/06\\\/Logo_I_IA_site_500-300x300.png\",\"datePublished\":\"2018-05-25T18:56:16+00:00\",\"dateModified\":\"2018-06-24T15:31:19+00:00\",\"breadcrumb\":{\"@id\":\"https:\\\/\\\/www.oceanum.es\\\/?page_id=624#breadcrumb\"},\"inLanguage\":\"es\",\"potentialAction\":[{\"@type\":\"ReadAction\",\"target\":[\"https:\\\/\\\/www.oceanum.es\\\/?page_id=624\"]}]},{\"@type\":\"ImageObject\",\"inLanguage\":\"es\",\"@id\":\"https:\\\/\\\/www.oceanum.es\\\/?page_id=624#primaryimage\",\"url\":\"https:\\\/\\\/www.oceanum.es\\\/wp-content\\\/uploads\\\/2018\\\/06\\\/Logo_I_IA_site_500.png\",\"contentUrl\":\"https:\\\/\\\/www.oceanum.es\\\/wp-content\\\/uploads\\\/2018\\\/06\\\/Logo_I_IA_site_500.png\",\"width\":500,\"height\":500},{\"@type\":\"BreadcrumbList\",\"@id\":\"https:\\\/\\\/www.oceanum.es\\\/?page_id=624#breadcrumb\",\"itemListElement\":[{\"@type\":\"ListItem\",\"position\":1,\"name\":\"Portada\",\"item\":\"https:\\\/\\\/www.oceanum.es\\\/\"},{\"@type\":\"ListItem\",\"position\":2,\"name\":\"Assistant IAHD\"}]},{\"@type\":\"WebSite\",\"@id\":\"https:\\\/\\\/www.oceanum.es\\\/#website\",\"url\":\"https:\\\/\\\/www.oceanum.es\\\/\",\"name\":\"Oceanum Diving Experiences\",\"description\":\"Otra forma de Bucear\",\"potentialAction\":[{\"@type\":\"SearchAction\",\"target\":{\"@type\":\"EntryPoint\",\"urlTemplate\":\"https:\\\/\\\/www.oceanum.es\\\/?s={search_term_string}\"},\"query-input\":{\"@type\":\"PropertyValueSpecification\",\"valueRequired\":true,\"valueName\":\"search_term_string\"}}],\"inLanguage\":\"es\"}]}<\/script>","yoast_head_json":{"title":"Assistant IAHD - Oceanum Diving Experiences","robots":{"index":"index","follow":"follow","max-snippet":"max-snippet:-1","max-image-preview":"max-image-preview:large","max-video-preview":"max-video-preview:-1"},"canonical":"https:\/\/www.oceanum.es\/?page_id=624","og_locale":"es_ES","og_type":"article","og_title":"Assistant IAHD - Oceanum Diving Experiences","og_description":"El Asistente de Instructor de buceo adaptado es un Asistente de Instructor o un nivel equivalente de una organizaci\u00f3n reconocida de entrenamiento para buceadores, que ha recibido entrenamiento especifico de c\u00f3mo bucear y ayudar en el entrenamiento de un buceador con discapacidad f\u00edsica. Al igual que en el PRO-TRAINING recibes experiencia de mano de un Director de Curso de buceo adaptado para comprender los principales problemas que afectan a losLeer m\u00e1s","og_url":"https:\/\/www.oceanum.es\/?page_id=624","og_site_name":"Oceanum Diving Experiences","article_publisher":"https:\/\/www.facebook.com\/OceanumDiving\/","article_modified_time":"2018-06-24T15:31:19+00:00","og_image":[{"url":"https:\/\/www.oceanum.es\/wp-content\/uploads\/2018\/06\/Logo_I_IA_site_500-300x300.png","type":"","width":"","height":""}],"twitter_card":"summary_large_image","twitter_site":"@OceanumDiving","twitter_misc":{"Tiempo de lectura":"1 minuto"},"schema":{"@context":"https:\/\/schema.org","@graph":[{"@type":"WebPage","@id":"https:\/\/www.oceanum.es\/?page_id=624","url":"https:\/\/www.oceanum.es\/?page_id=624","name":"Assistant IAHD - Oceanum Diving Experiences","isPartOf":{"@id":"https:\/\/www.oceanum.es\/#website"},"primaryImageOfPage":{"@id":"https:\/\/www.oceanum.es\/?page_id=624#primaryimage"},"image":{"@id":"https:\/\/www.oceanum.es\/?page_id=624#primaryimage"},"thumbnailUrl":"https:\/\/www.oceanum.es\/wp-content\/uploads\/2018\/06\/Logo_I_IA_site_500-300x300.png","datePublished":"2018-05-25T18:56:16+00:00","dateModified":"2018-06-24T15:31:19+00:00","breadcrumb":{"@id":"https:\/\/www.oceanum.es\/?page_id=624#breadcrumb"},"inLanguage":"es","potentialAction":[{"@type":"ReadAction","target":["https:\/\/www.oceanum.es\/?page_id=624"]}]},{"@type":"ImageObject","inLanguage":"es","@id":"https:\/\/www.oceanum.es\/?page_id=624#primaryimage","url":"https:\/\/www.oceanum.es\/wp-content\/uploads\/2018\/06\/Logo_I_IA_site_500.png","contentUrl":"https:\/\/www.oceanum.es\/wp-content\/uploads\/2018\/06\/Logo_I_IA_site_500.png","width":500,"height":500},{"@type":"BreadcrumbList","@id":"https:\/\/www.oceanum.es\/?page_id=624#breadcrumb","itemListElement":[{"@type":"ListItem","position":1,"name":"Portada","item":"https:\/\/www.oceanum.es\/"},{"@type":"ListItem","position":2,"name":"Assistant IAHD"}]},{"@type":"WebSite","@id":"https:\/\/www.oceanum.es\/#website","url":"https:\/\/www.oceanum.es\/","name":"Oceanum Diving Experiences","description":"Otra forma de Bucear","potentialAction":[{"@type":"SearchAction","target":{"@type":"EntryPoint","urlTemplate":"https:\/\/www.oceanum.es\/?s={search_term_string}"},"query-input":{"@type":"PropertyValueSpecification","valueRequired":true,"valueName":"search_term_string"}}],"inLanguage":"es"}]}},"amp_enabled":true,"_links":{"self":[{"href":"https:\/\/www.oceanum.es\/index.php?rest_route=\/wp\/v2\/pages\/624","targetHints":{"allow":["GET"]}}],"collection":[{"href":"https:\/\/www.oceanum.es\/index.php?rest_route=\/wp\/v2\/pages"}],"about":[{"href":"https:\/\/www.oceanum.es\/index.php?rest_route=\/wp\/v2\/types\/page"}],"author":[{"embeddable":true,"href":"https:\/\/www.oceanum.es\/index.php?rest_route=\/wp\/v2\/users\/1"}],"replies":[{"embeddable":true,"href":"https:\/\/www.oceanum.es\/index.php?rest_route=%2Fwp%2Fv2%2Fcomments&post=624"}],"version-history":[{"count":5,"href":"https:\/\/www.oceanum.es\/index.php?rest_route=\/wp\/v2\/pages\/624\/revisions"}],"predecessor-version":[{"id":938,"href":"https:\/\/www.oceanum.es\/index.php?rest_route=\/wp\/v2\/pages\/624\/revisions\/938"}],"wp:attachment":[{"href":"https:\/\/www.oceanum.es\/index.php?rest_route=%2Fwp%2Fv2%2Fmedia&parent=624"}],"curies":[{"name":"wp","href":"https:\/\/api.w.org\/{rel}","templated":true}]}}