{"id":623,"date":"2018-05-25T18:56:16","date_gmt":"2018-05-25T18:56:16","guid":{"rendered":"https:\/\/www.oceanum.es\/?page_id=623"},"modified":"2018-06-24T15:30:09","modified_gmt":"2018-06-24T15:30:09","slug":"surface-support","status":"publish","type":"page","link":"https:\/\/www.oceanum.es\/?page_id=623","title":{"rendered":"Surface Support"},"content":{"rendered":"<p><img fetchpriority=\"high\" decoding=\"async\" class=\"alignright size-medium wp-image-926\" src=\"https:\/\/www.oceanum.es\/wp-content\/uploads\/2018\/06\/Logo_I_3S_site_500-300x300.png\" alt=\"\" width=\"300\" height=\"300\" srcset=\"https:\/\/www.oceanum.es\/wp-content\/uploads\/2018\/06\/Logo_I_3S_site_500-300x300.png 300w, https:\/\/www.oceanum.es\/wp-content\/uploads\/2018\/06\/Logo_I_3S_site_500-100x100.png 100w, https:\/\/www.oceanum.es\/wp-content\/uploads\/2018\/06\/Logo_I_3S_site_500-150x150.png 150w, https:\/\/www.oceanum.es\/wp-content\/uploads\/2018\/06\/Logo_I_3S_site_500-250x250.png 250w, https:\/\/www.oceanum.es\/wp-content\/uploads\/2018\/06\/Logo_I_3S_site_500.png 500w\" sizes=\"(max-width: 300px) 100vw, 300px\" \/><img decoding=\"async\" class=\"alignright size-medium wp-image-935\" src=\"https:\/\/www.oceanum.es\/wp-content\/uploads\/2018\/06\/happyface-300x225.jpg\" alt=\"\" width=\"300\" height=\"225\" srcset=\"https:\/\/www.oceanum.es\/wp-content\/uploads\/2018\/06\/happyface-300x225.jpg 300w, https:\/\/www.oceanum.es\/wp-content\/uploads\/2018\/06\/happyface-600x450.jpg 600w, https:\/\/www.oceanum.es\/wp-content\/uploads\/2018\/06\/happyface-400x300.jpg 400w, https:\/\/www.oceanum.es\/wp-content\/uploads\/2018\/06\/happyface.jpg 640w\" sizes=\"(max-width: 300px) 100vw, 300px\" \/>Este programa de entrenamiento ha sido desarrollado tanto para buceadores como para quienes no bucean y tienen la intenci\u00f3n de ayudar a buceadores con discapacidades f\u00edsicas o mentales, desde la orilla del agua.<\/p>\n<p>Los buceadores con discapacidades f\u00edsicas o mentales a menudo van acompa\u00f1ados por amigos o familiares, que los traen a ellos y su equipo desde y hacia el sitio de buceo, los ayudan a armarse, etc. Despu\u00e9s de seguir este programa, los que no bucean pueden participar activamente en la planificaci\u00f3n de buceo y ayudar a otros buzos, realizando tareas \u00fatiles y agradables. Despu\u00e9s de la inmersi\u00f3n, el buceador de IAHD y el especialista de soporte de superficie pueden analizar la inmersi\u00f3n y compartir sus experiencias.<\/p>\n<p>El curso \u00abSpecial Support Specialist\u00bb de IAHD est\u00e1 compuesto por los siguientes m\u00f3dulos:<\/p>\n<p>Conocimiento Te\u00f3rico:<br \/>\nEn este m\u00f3dulo aprender\u00e1 sobre los diversos elementos del equipo de buceo, incluyendo c\u00f3mo funcionan y c\u00f3mo debe armarse un equipo de buceo. Adem\u00e1s, aprendes c\u00f3mo planear inmersiones. Tambi\u00e9n se cubren diversas ayudas y situaciones m\u00e9dicas.<\/p>\n<p>Habilidades pr\u00e1cticas:<br \/>\nEn este m\u00f3dulo aprender\u00e1 c\u00f3mo ayudar a un buzo con una discapacidad f\u00edsica o mental a entrar y salir del agua. Tambi\u00e9n aprende m\u00e1s sobre la planificaci\u00f3n de buceo y los procedimientos de emergencia.<\/p>\n<p>Prerrequisitos:<br \/>\n\u2022 M\u00ednimo 16 a\u00f1os de edad;<br \/>\n\u2022 Nadador competente (no es necesario un diploma de nataci\u00f3n);<br \/>\nADEM\u00c1S, SE RECOMIENDA LO SIGUIENTE:<br \/>\n\u2022 Certificado de proveedor de soporte vital b\u00e1sico de DAN o certificaci\u00f3n de primeros auxilios y RCP equivalente (solicite a su instructor oportunidades de capacitaci\u00f3n);<br \/>\n\u2022 Proveedor de ox\u00edgeno DAN certificado u certificaci\u00f3n de administraci\u00f3n equivalente de ox\u00edgeno m\u00e9dico (solicite a su instructor oportunidades de capacitaci\u00f3n).<\/p>\n<p>Autorizado para:<br \/>\n\u2022 Asistir a buceadores con una discapacidad f\u00edsica o mental en el borde del agua;<br \/>\n\u2022 Montar y desmontar conjuntos de buceo para buzos con una discapacidad f\u00edsica o mental.<br \/>\n<a href=\"https:\/\/www.oceanum.es\/?page_id=421\"><img decoding=\"async\" class=\"alignright\" src=\"https:\/\/www.oceanum.es\/wp-content\/uploads\/2018\/06\/flecha2.gif\" alt=\"\" width=\"43\" height=\"32\" \/><\/a><\/p>\n","protected":false},"excerpt":{"rendered":"<p>Este programa de entrenamiento ha sido desarrollado tanto para buceadores como para quienes no bucean y tienen la intenci\u00f3n de ayudar a buceadores con discapacidades f\u00edsicas o mentales, desde la orilla del agua. Los buceadores con discapacidades f\u00edsicas o mentales a menudo van acompa\u00f1ados por amigos o familiares, que los traen a ellos y su equipo desde y hacia el sitio de buceo, los ayudan a armarse, etc. Despu\u00e9s de<\/p>\n<p><a class=\"more-link\" href=\"https:\/\/www.oceanum.es\/?page_id=623\">Leer m\u00e1s<\/a><\/p>\n","protected":false},"author":1,"featured_media":0,"parent":0,"menu_order":0,"comment_status":"closed","ping_status":"closed","template":"","meta":{"footnotes":""},"class_list":["post-623","page","type-page","status-publish","hentry"],"yoast_head":"<title>Surface Support - Oceanum Diving Experiences<\/title>\n<meta name=\"robots\" content=\"index, follow, max-snippet:-1, max-image-preview:large, max-video-preview:-1\" \/>\n<link rel=\"canonical\" href=\"https:\/\/www.oceanum.es\/?page_id=623\" \/>\n<meta property=\"og:locale\" content=\"es_ES\" \/>\n<meta property=\"og:type\" content=\"article\" \/>\n<meta property=\"og:title\" content=\"Surface Support - Oceanum Diving Experiences\" \/>\n<meta property=\"og:description\" content=\"Este programa de entrenamiento ha sido desarrollado tanto para buceadores como para quienes no bucean y tienen la intenci\u00f3n de ayudar a buceadores con discapacidades f\u00edsicas o mentales, desde la orilla del agua. Los buceadores con discapacidades f\u00edsicas o mentales a menudo van acompa\u00f1ados por amigos o familiares, que los traen a ellos y su equipo desde y hacia el sitio de buceo, los ayudan a armarse, etc. Despu\u00e9s deLeer m\u00e1s\" \/>\n<meta property=\"og:url\" content=\"https:\/\/www.oceanum.es\/?page_id=623\" \/>\n<meta property=\"og:site_name\" content=\"Oceanum Diving Experiences\" \/>\n<meta property=\"article:publisher\" content=\"https:\/\/www.facebook.com\/OceanumDiving\/\" \/>\n<meta property=\"article:modified_time\" content=\"2018-06-24T15:30:09+00:00\" \/>\n<meta property=\"og:image\" content=\"https:\/\/www.oceanum.es\/wp-content\/uploads\/2018\/06\/Logo_I_3S_site_500-300x300.png\" \/>\n<meta name=\"twitter:card\" content=\"summary_large_image\" \/>\n<meta name=\"twitter:site\" content=\"@OceanumDiving\" \/>\n<meta name=\"twitter:label1\" content=\"Tiempo de lectura\" \/>\n\t<meta name=\"twitter:data1\" content=\"2 minutos\" \/>\n<script type=\"application\/ld+json\" class=\"yoast-schema-graph\">{\"@context\":\"https:\\\/\\\/schema.org\",\"@graph\":[{\"@type\":\"WebPage\",\"@id\":\"https:\\\/\\\/www.oceanum.es\\\/?page_id=623\",\"url\":\"https:\\\/\\\/www.oceanum.es\\\/?page_id=623\",\"name\":\"Surface Support - Oceanum Diving Experiences\",\"isPartOf\":{\"@id\":\"https:\\\/\\\/www.oceanum.es\\\/#website\"},\"primaryImageOfPage\":{\"@id\":\"https:\\\/\\\/www.oceanum.es\\\/?page_id=623#primaryimage\"},\"image\":{\"@id\":\"https:\\\/\\\/www.oceanum.es\\\/?page_id=623#primaryimage\"},\"thumbnailUrl\":\"https:\\\/\\\/www.oceanum.es\\\/wp-content\\\/uploads\\\/2018\\\/06\\\/Logo_I_3S_site_500-300x300.png\",\"datePublished\":\"2018-05-25T18:56:16+00:00\",\"dateModified\":\"2018-06-24T15:30:09+00:00\",\"breadcrumb\":{\"@id\":\"https:\\\/\\\/www.oceanum.es\\\/?page_id=623#breadcrumb\"},\"inLanguage\":\"es\",\"potentialAction\":[{\"@type\":\"ReadAction\",\"target\":[\"https:\\\/\\\/www.oceanum.es\\\/?page_id=623\"]}]},{\"@type\":\"ImageObject\",\"inLanguage\":\"es\",\"@id\":\"https:\\\/\\\/www.oceanum.es\\\/?page_id=623#primaryimage\",\"url\":\"https:\\\/\\\/www.oceanum.es\\\/wp-content\\\/uploads\\\/2018\\\/06\\\/Logo_I_3S_site_500.png\",\"contentUrl\":\"https:\\\/\\\/www.oceanum.es\\\/wp-content\\\/uploads\\\/2018\\\/06\\\/Logo_I_3S_site_500.png\",\"width\":500,\"height\":500},{\"@type\":\"BreadcrumbList\",\"@id\":\"https:\\\/\\\/www.oceanum.es\\\/?page_id=623#breadcrumb\",\"itemListElement\":[{\"@type\":\"ListItem\",\"position\":1,\"name\":\"Portada\",\"item\":\"https:\\\/\\\/www.oceanum.es\\\/\"},{\"@type\":\"ListItem\",\"position\":2,\"name\":\"Surface Support\"}]},{\"@type\":\"WebSite\",\"@id\":\"https:\\\/\\\/www.oceanum.es\\\/#website\",\"url\":\"https:\\\/\\\/www.oceanum.es\\\/\",\"name\":\"Oceanum Diving Experiences\",\"description\":\"Otra forma de Bucear\",\"potentialAction\":[{\"@type\":\"SearchAction\",\"target\":{\"@type\":\"EntryPoint\",\"urlTemplate\":\"https:\\\/\\\/www.oceanum.es\\\/?s={search_term_string}\"},\"query-input\":{\"@type\":\"PropertyValueSpecification\",\"valueRequired\":true,\"valueName\":\"search_term_string\"}}],\"inLanguage\":\"es\"}]}<\/script>","yoast_head_json":{"title":"Surface Support - Oceanum Diving Experiences","robots":{"index":"index","follow":"follow","max-snippet":"max-snippet:-1","max-image-preview":"max-image-preview:large","max-video-preview":"max-video-preview:-1"},"canonical":"https:\/\/www.oceanum.es\/?page_id=623","og_locale":"es_ES","og_type":"article","og_title":"Surface Support - Oceanum Diving Experiences","og_description":"Este programa de entrenamiento ha sido desarrollado tanto para buceadores como para quienes no bucean y tienen la intenci\u00f3n de ayudar a buceadores con discapacidades f\u00edsicas o mentales, desde la orilla del agua. Los buceadores con discapacidades f\u00edsicas o mentales a menudo van acompa\u00f1ados por amigos o familiares, que los traen a ellos y su equipo desde y hacia el sitio de buceo, los ayudan a armarse, etc. Despu\u00e9s deLeer m\u00e1s","og_url":"https:\/\/www.oceanum.es\/?page_id=623","og_site_name":"Oceanum Diving Experiences","article_publisher":"https:\/\/www.facebook.com\/OceanumDiving\/","article_modified_time":"2018-06-24T15:30:09+00:00","og_image":[{"url":"https:\/\/www.oceanum.es\/wp-content\/uploads\/2018\/06\/Logo_I_3S_site_500-300x300.png","type":"","width":"","height":""}],"twitter_card":"summary_large_image","twitter_site":"@OceanumDiving","twitter_misc":{"Tiempo de lectura":"2 minutos"},"schema":{"@context":"https:\/\/schema.org","@graph":[{"@type":"WebPage","@id":"https:\/\/www.oceanum.es\/?page_id=623","url":"https:\/\/www.oceanum.es\/?page_id=623","name":"Surface Support - Oceanum Diving Experiences","isPartOf":{"@id":"https:\/\/www.oceanum.es\/#website"},"primaryImageOfPage":{"@id":"https:\/\/www.oceanum.es\/?page_id=623#primaryimage"},"image":{"@id":"https:\/\/www.oceanum.es\/?page_id=623#primaryimage"},"thumbnailUrl":"https:\/\/www.oceanum.es\/wp-content\/uploads\/2018\/06\/Logo_I_3S_site_500-300x300.png","datePublished":"2018-05-25T18:56:16+00:00","dateModified":"2018-06-24T15:30:09+00:00","breadcrumb":{"@id":"https:\/\/www.oceanum.es\/?page_id=623#breadcrumb"},"inLanguage":"es","potentialAction":[{"@type":"ReadAction","target":["https:\/\/www.oceanum.es\/?page_id=623"]}]},{"@type":"ImageObject","inLanguage":"es","@id":"https:\/\/www.oceanum.es\/?page_id=623#primaryimage","url":"https:\/\/www.oceanum.es\/wp-content\/uploads\/2018\/06\/Logo_I_3S_site_500.png","contentUrl":"https:\/\/www.oceanum.es\/wp-content\/uploads\/2018\/06\/Logo_I_3S_site_500.png","width":500,"height":500},{"@type":"BreadcrumbList","@id":"https:\/\/www.oceanum.es\/?page_id=623#breadcrumb","itemListElement":[{"@type":"ListItem","position":1,"name":"Portada","item":"https:\/\/www.oceanum.es\/"},{"@type":"ListItem","position":2,"name":"Surface Support"}]},{"@type":"WebSite","@id":"https:\/\/www.oceanum.es\/#website","url":"https:\/\/www.oceanum.es\/","name":"Oceanum Diving Experiences","description":"Otra forma de Bucear","potentialAction":[{"@type":"SearchAction","target":{"@type":"EntryPoint","urlTemplate":"https:\/\/www.oceanum.es\/?s={search_term_string}"},"query-input":{"@type":"PropertyValueSpecification","valueRequired":true,"valueName":"search_term_string"}}],"inLanguage":"es"}]}},"amp_enabled":true,"_links":{"self":[{"href":"https:\/\/www.oceanum.es\/index.php?rest_route=\/wp\/v2\/pages\/623","targetHints":{"allow":["GET"]}}],"collection":[{"href":"https:\/\/www.oceanum.es\/index.php?rest_route=\/wp\/v2\/pages"}],"about":[{"href":"https:\/\/www.oceanum.es\/index.php?rest_route=\/wp\/v2\/types\/page"}],"author":[{"embeddable":true,"href":"https:\/\/www.oceanum.es\/index.php?rest_route=\/wp\/v2\/users\/1"}],"replies":[{"embeddable":true,"href":"https:\/\/www.oceanum.es\/index.php?rest_route=%2Fwp%2Fv2%2Fcomments&post=623"}],"version-history":[{"count":3,"href":"https:\/\/www.oceanum.es\/index.php?rest_route=\/wp\/v2\/pages\/623\/revisions"}],"predecessor-version":[{"id":936,"href":"https:\/\/www.oceanum.es\/index.php?rest_route=\/wp\/v2\/pages\/623\/revisions\/936"}],"wp:attachment":[{"href":"https:\/\/www.oceanum.es\/index.php?rest_route=%2Fwp%2Fv2%2Fmedia&parent=623"}],"curies":[{"name":"wp","href":"https:\/\/api.w.org\/{rel}","templated":true}]}}