{"id":622,"date":"2018-05-25T18:56:16","date_gmt":"2018-05-25T18:56:16","guid":{"rendered":"https:\/\/www.oceanum.es\/?page_id=622"},"modified":"2018-06-24T15:26:02","modified_gmt":"2018-06-24T15:26:02","slug":"divepartner-iahd","status":"publish","type":"page","link":"https:\/\/www.oceanum.es\/?page_id=622","title":{"rendered":"DivePartner IAHD"},"content":{"rendered":"<p><img fetchpriority=\"high\" decoding=\"async\" class=\"alignright size-medium wp-image-915\" src=\"https:\/\/www.oceanum.es\/wp-content\/uploads\/2018\/06\/divepartners-300x188.jpg\" alt=\"\" width=\"300\" height=\"188\" srcset=\"https:\/\/www.oceanum.es\/wp-content\/uploads\/2018\/06\/divepartners-300x188.jpg 300w, https:\/\/www.oceanum.es\/wp-content\/uploads\/2018\/06\/divepartners.jpg 320w\" sizes=\"(max-width: 300px) 100vw, 300px\" \/>El Dive Partner de buceo adaptado es un buceador certificado que ha recibido entrenamiento especifico de c\u00f3mo bucear con un buceador con una discapacidad f\u00edsica.<\/p>\n<p>Al igual que el \u00abInstructor Training Course\u00bb recibes experiencia de primera mano para comprender los principales problemas que afectan a los buceadores discapacitados.<\/p>\n<p>El entrenamiento tambi\u00e9n te califica para ser un asistente de buceo eficiente.<\/p>\n<p>Requisitos Previos del Curso: Edad m\u00ednima de 16 a\u00f1os al inicio del curso, una copia de un certificado m\u00e9dico, firmado por un m\u00e9dico y que especifique: \u00abEsta persona es apta para el buceo\u00bb. El examen m\u00e9dico debe haberse realizado dentro de los \u00faltimos 12 meses, prueba del t\u00edtulo de buceo u otra acreditaci\u00f3n emitida por una organizaci\u00f3n reconocida en la ense\u00f1anza del buceo. Poder demostrar haber realizado al menos 20 inmersiones registradas, y experiencia en el buceo nocturno y navegaci\u00f3n.<\/p>\n<p>El candidato debe acreditar haber recibido entrenamiento como buceador de Rescate.<\/p>\n<p>El candidato debe acreditar haber recibido entrenamiento en Primeros Auxilios y RCP dentro de los \u00faltimos 24 meses.<br \/>\n<a href=\"https:\/\/www.oceanum.es\/?page_id=421\"><img decoding=\"async\" class=\"alignright\" src=\"https:\/\/www.oceanum.es\/wp-content\/uploads\/2018\/06\/flecha2.gif\" alt=\"\" width=\"43\" height=\"32\" \/><\/a><\/p>\n","protected":false},"excerpt":{"rendered":"<p>El Dive Partner de buceo adaptado es un buceador certificado que ha recibido entrenamiento especifico de c\u00f3mo bucear con un buceador con una discapacidad f\u00edsica. Al igual que el \u00abInstructor Training Course\u00bb recibes experiencia de primera mano para comprender los principales problemas que afectan a los buceadores discapacitados. El entrenamiento tambi\u00e9n te califica para ser un asistente de buceo eficiente. Requisitos Previos del Curso: Edad m\u00ednima de 16 a\u00f1os al<\/p>\n<p><a class=\"more-link\" href=\"https:\/\/www.oceanum.es\/?page_id=622\">Leer m\u00e1s<\/a><\/p>\n","protected":false},"author":1,"featured_media":0,"parent":0,"menu_order":0,"comment_status":"closed","ping_status":"closed","template":"","meta":{"footnotes":""},"class_list":["post-622","page","type-page","status-publish","hentry"],"yoast_head":"<title>DivePartner IAHD - Oceanum Diving Experiences<\/title>\n<meta name=\"robots\" content=\"index, follow, max-snippet:-1, max-image-preview:large, max-video-preview:-1\" \/>\n<link rel=\"canonical\" href=\"https:\/\/www.oceanum.es\/?page_id=622\" \/>\n<meta property=\"og:locale\" content=\"es_ES\" \/>\n<meta property=\"og:type\" content=\"article\" \/>\n<meta property=\"og:title\" content=\"DivePartner IAHD - Oceanum Diving Experiences\" \/>\n<meta property=\"og:description\" content=\"El Dive Partner de buceo adaptado es un buceador certificado que ha recibido entrenamiento especifico de c\u00f3mo bucear con un buceador con una discapacidad f\u00edsica. Al igual que el \u00abInstructor Training Course\u00bb recibes experiencia de primera mano para comprender los principales problemas que afectan a los buceadores discapacitados. El entrenamiento tambi\u00e9n te califica para ser un asistente de buceo eficiente. Requisitos Previos del Curso: Edad m\u00ednima de 16 a\u00f1os alLeer m\u00e1s\" \/>\n<meta property=\"og:url\" content=\"https:\/\/www.oceanum.es\/?page_id=622\" \/>\n<meta property=\"og:site_name\" content=\"Oceanum Diving Experiences\" \/>\n<meta property=\"article:publisher\" content=\"https:\/\/www.facebook.com\/OceanumDiving\/\" \/>\n<meta property=\"article:modified_time\" content=\"2018-06-24T15:26:02+00:00\" \/>\n<meta property=\"og:image\" content=\"https:\/\/www.oceanum.es\/wp-content\/uploads\/2018\/06\/divepartners-300x188.jpg\" \/>\n<meta name=\"twitter:card\" content=\"summary_large_image\" \/>\n<meta name=\"twitter:site\" content=\"@OceanumDiving\" \/>\n<meta name=\"twitter:label1\" content=\"Tiempo de lectura\" \/>\n\t<meta name=\"twitter:data1\" content=\"1 minuto\" \/>\n<script type=\"application\/ld+json\" class=\"yoast-schema-graph\">{\"@context\":\"https:\\\/\\\/schema.org\",\"@graph\":[{\"@type\":\"WebPage\",\"@id\":\"https:\\\/\\\/www.oceanum.es\\\/?page_id=622\",\"url\":\"https:\\\/\\\/www.oceanum.es\\\/?page_id=622\",\"name\":\"DivePartner IAHD - Oceanum Diving Experiences\",\"isPartOf\":{\"@id\":\"https:\\\/\\\/www.oceanum.es\\\/#website\"},\"primaryImageOfPage\":{\"@id\":\"https:\\\/\\\/www.oceanum.es\\\/?page_id=622#primaryimage\"},\"image\":{\"@id\":\"https:\\\/\\\/www.oceanum.es\\\/?page_id=622#primaryimage\"},\"thumbnailUrl\":\"https:\\\/\\\/www.oceanum.es\\\/wp-content\\\/uploads\\\/2018\\\/06\\\/divepartners-300x188.jpg\",\"datePublished\":\"2018-05-25T18:56:16+00:00\",\"dateModified\":\"2018-06-24T15:26:02+00:00\",\"breadcrumb\":{\"@id\":\"https:\\\/\\\/www.oceanum.es\\\/?page_id=622#breadcrumb\"},\"inLanguage\":\"es\",\"potentialAction\":[{\"@type\":\"ReadAction\",\"target\":[\"https:\\\/\\\/www.oceanum.es\\\/?page_id=622\"]}]},{\"@type\":\"ImageObject\",\"inLanguage\":\"es\",\"@id\":\"https:\\\/\\\/www.oceanum.es\\\/?page_id=622#primaryimage\",\"url\":\"https:\\\/\\\/www.oceanum.es\\\/wp-content\\\/uploads\\\/2018\\\/06\\\/divepartners.jpg\",\"contentUrl\":\"https:\\\/\\\/www.oceanum.es\\\/wp-content\\\/uploads\\\/2018\\\/06\\\/divepartners.jpg\",\"width\":320,\"height\":200},{\"@type\":\"BreadcrumbList\",\"@id\":\"https:\\\/\\\/www.oceanum.es\\\/?page_id=622#breadcrumb\",\"itemListElement\":[{\"@type\":\"ListItem\",\"position\":1,\"name\":\"Portada\",\"item\":\"https:\\\/\\\/www.oceanum.es\\\/\"},{\"@type\":\"ListItem\",\"position\":2,\"name\":\"DivePartner IAHD\"}]},{\"@type\":\"WebSite\",\"@id\":\"https:\\\/\\\/www.oceanum.es\\\/#website\",\"url\":\"https:\\\/\\\/www.oceanum.es\\\/\",\"name\":\"Oceanum Diving Experiences\",\"description\":\"Otra forma de Bucear\",\"potentialAction\":[{\"@type\":\"SearchAction\",\"target\":{\"@type\":\"EntryPoint\",\"urlTemplate\":\"https:\\\/\\\/www.oceanum.es\\\/?s={search_term_string}\"},\"query-input\":{\"@type\":\"PropertyValueSpecification\",\"valueRequired\":true,\"valueName\":\"search_term_string\"}}],\"inLanguage\":\"es\"}]}<\/script>","yoast_head_json":{"title":"DivePartner IAHD - Oceanum Diving Experiences","robots":{"index":"index","follow":"follow","max-snippet":"max-snippet:-1","max-image-preview":"max-image-preview:large","max-video-preview":"max-video-preview:-1"},"canonical":"https:\/\/www.oceanum.es\/?page_id=622","og_locale":"es_ES","og_type":"article","og_title":"DivePartner IAHD - Oceanum Diving Experiences","og_description":"El Dive Partner de buceo adaptado es un buceador certificado que ha recibido entrenamiento especifico de c\u00f3mo bucear con un buceador con una discapacidad f\u00edsica. Al igual que el \u00abInstructor Training Course\u00bb recibes experiencia de primera mano para comprender los principales problemas que afectan a los buceadores discapacitados. El entrenamiento tambi\u00e9n te califica para ser un asistente de buceo eficiente. Requisitos Previos del Curso: Edad m\u00ednima de 16 a\u00f1os alLeer m\u00e1s","og_url":"https:\/\/www.oceanum.es\/?page_id=622","og_site_name":"Oceanum Diving Experiences","article_publisher":"https:\/\/www.facebook.com\/OceanumDiving\/","article_modified_time":"2018-06-24T15:26:02+00:00","og_image":[{"url":"https:\/\/www.oceanum.es\/wp-content\/uploads\/2018\/06\/divepartners-300x188.jpg","type":"","width":"","height":""}],"twitter_card":"summary_large_image","twitter_site":"@OceanumDiving","twitter_misc":{"Tiempo de lectura":"1 minuto"},"schema":{"@context":"https:\/\/schema.org","@graph":[{"@type":"WebPage","@id":"https:\/\/www.oceanum.es\/?page_id=622","url":"https:\/\/www.oceanum.es\/?page_id=622","name":"DivePartner IAHD - Oceanum Diving Experiences","isPartOf":{"@id":"https:\/\/www.oceanum.es\/#website"},"primaryImageOfPage":{"@id":"https:\/\/www.oceanum.es\/?page_id=622#primaryimage"},"image":{"@id":"https:\/\/www.oceanum.es\/?page_id=622#primaryimage"},"thumbnailUrl":"https:\/\/www.oceanum.es\/wp-content\/uploads\/2018\/06\/divepartners-300x188.jpg","datePublished":"2018-05-25T18:56:16+00:00","dateModified":"2018-06-24T15:26:02+00:00","breadcrumb":{"@id":"https:\/\/www.oceanum.es\/?page_id=622#breadcrumb"},"inLanguage":"es","potentialAction":[{"@type":"ReadAction","target":["https:\/\/www.oceanum.es\/?page_id=622"]}]},{"@type":"ImageObject","inLanguage":"es","@id":"https:\/\/www.oceanum.es\/?page_id=622#primaryimage","url":"https:\/\/www.oceanum.es\/wp-content\/uploads\/2018\/06\/divepartners.jpg","contentUrl":"https:\/\/www.oceanum.es\/wp-content\/uploads\/2018\/06\/divepartners.jpg","width":320,"height":200},{"@type":"BreadcrumbList","@id":"https:\/\/www.oceanum.es\/?page_id=622#breadcrumb","itemListElement":[{"@type":"ListItem","position":1,"name":"Portada","item":"https:\/\/www.oceanum.es\/"},{"@type":"ListItem","position":2,"name":"DivePartner IAHD"}]},{"@type":"WebSite","@id":"https:\/\/www.oceanum.es\/#website","url":"https:\/\/www.oceanum.es\/","name":"Oceanum Diving Experiences","description":"Otra forma de Bucear","potentialAction":[{"@type":"SearchAction","target":{"@type":"EntryPoint","urlTemplate":"https:\/\/www.oceanum.es\/?s={search_term_string}"},"query-input":{"@type":"PropertyValueSpecification","valueRequired":true,"valueName":"search_term_string"}}],"inLanguage":"es"}]}},"amp_enabled":true,"_links":{"self":[{"href":"https:\/\/www.oceanum.es\/index.php?rest_route=\/wp\/v2\/pages\/622","targetHints":{"allow":["GET"]}}],"collection":[{"href":"https:\/\/www.oceanum.es\/index.php?rest_route=\/wp\/v2\/pages"}],"about":[{"href":"https:\/\/www.oceanum.es\/index.php?rest_route=\/wp\/v2\/types\/page"}],"author":[{"embeddable":true,"href":"https:\/\/www.oceanum.es\/index.php?rest_route=\/wp\/v2\/users\/1"}],"replies":[{"embeddable":true,"href":"https:\/\/www.oceanum.es\/index.php?rest_route=%2Fwp%2Fv2%2Fcomments&post=622"}],"version-history":[{"count":4,"href":"https:\/\/www.oceanum.es\/index.php?rest_route=\/wp\/v2\/pages\/622\/revisions"}],"predecessor-version":[{"id":933,"href":"https:\/\/www.oceanum.es\/index.php?rest_route=\/wp\/v2\/pages\/622\/revisions\/933"}],"wp:attachment":[{"href":"https:\/\/www.oceanum.es\/index.php?rest_route=%2Fwp%2Fv2%2Fmedia&parent=622"}],"curies":[{"name":"wp","href":"https:\/\/api.w.org\/{rel}","templated":true}]}}