{"id":618,"date":"2018-05-25T18:56:16","date_gmt":"2018-05-25T18:56:16","guid":{"rendered":"https:\/\/www.oceanum.es\/?page_id=618"},"modified":"2018-06-24T15:23:02","modified_gmt":"2018-06-24T15:23:02","slug":"confined-water","status":"publish","type":"page","link":"https:\/\/www.oceanum.es\/?page_id=618","title":{"rendered":"Confined Water"},"content":{"rendered":"<p><img fetchpriority=\"high\" decoding=\"async\" class=\"alignright size-medium wp-image-927\" src=\"https:\/\/www.oceanum.es\/wp-content\/uploads\/2018\/06\/choni1-300x271.gif\" alt=\"\" width=\"300\" height=\"271\" \/>El curso Confined Water Diver proporciona a los alumnos los conocimientos y destrezas necesarias para bucear con seguridad en un entorno de aguas confinadas.<\/p>\n<p>Se requiere que los alumnos completen todas las secciones de entrenamiento acad\u00e9mico y de aguas confinadas del curso de Open Water Diver.<\/p>\n<p>La certificaci\u00f3n y las medidas de seguridad adicionales establecidas en el t\u00edtulo del alumno son parecidas a las de un Open Water Diver.<\/p>\n<p>Requisitos Previos del Curso: Edad m\u00ednima de 16 a\u00f1os al inicio del curso Certificado m\u00e9dico indicando \u00abApto para el buceo\u00bb<br \/>\n<a href=\"https:\/\/www.oceanum.es\/?page_id=421\"><img decoding=\"async\" class=\"alignright\" src=\"https:\/\/www.oceanum.es\/wp-content\/uploads\/2018\/06\/flecha2.gif\" alt=\"\" width=\"43\" height=\"32\" \/><\/a><\/p>\n","protected":false},"excerpt":{"rendered":"<p>El curso Confined Water Diver proporciona a los alumnos los conocimientos y destrezas necesarias para bucear con seguridad en un entorno de aguas confinadas. Se requiere que los alumnos completen todas las secciones de entrenamiento acad\u00e9mico y de aguas confinadas del curso de Open Water Diver. La certificaci\u00f3n y las medidas de seguridad adicionales establecidas en el t\u00edtulo del alumno son parecidas a las de un Open Water Diver. Requisitos<\/p>\n<p><a class=\"more-link\" href=\"https:\/\/www.oceanum.es\/?page_id=618\">Leer m\u00e1s<\/a><\/p>\n","protected":false},"author":1,"featured_media":0,"parent":0,"menu_order":0,"comment_status":"closed","ping_status":"closed","template":"","meta":{"footnotes":""},"class_list":["post-618","page","type-page","status-publish","hentry"],"yoast_head":"<title>Confined Water - Oceanum Diving Experiences<\/title>\n<meta name=\"robots\" content=\"index, follow, max-snippet:-1, max-image-preview:large, max-video-preview:-1\" \/>\n<link rel=\"canonical\" href=\"https:\/\/www.oceanum.es\/?page_id=618\" \/>\n<meta property=\"og:locale\" content=\"es_ES\" \/>\n<meta property=\"og:type\" content=\"article\" \/>\n<meta property=\"og:title\" content=\"Confined Water - Oceanum Diving Experiences\" \/>\n<meta property=\"og:description\" content=\"El curso Confined Water Diver proporciona a los alumnos los conocimientos y destrezas necesarias para bucear con seguridad en un entorno de aguas confinadas. Se requiere que los alumnos completen todas las secciones de entrenamiento acad\u00e9mico y de aguas confinadas del curso de Open Water Diver. La certificaci\u00f3n y las medidas de seguridad adicionales establecidas en el t\u00edtulo del alumno son parecidas a las de un Open Water Diver. RequisitosLeer m\u00e1s\" \/>\n<meta property=\"og:url\" content=\"https:\/\/www.oceanum.es\/?page_id=618\" \/>\n<meta property=\"og:site_name\" content=\"Oceanum Diving Experiences\" \/>\n<meta property=\"article:publisher\" content=\"https:\/\/www.facebook.com\/OceanumDiving\/\" \/>\n<meta property=\"article:modified_time\" content=\"2018-06-24T15:23:02+00:00\" \/>\n<meta property=\"og:image\" content=\"https:\/\/www.oceanum.es\/wp-content\/uploads\/2018\/06\/choni1-300x271.gif\" \/>\n<meta name=\"twitter:card\" content=\"summary_large_image\" \/>\n<meta name=\"twitter:site\" content=\"@OceanumDiving\" \/>\n<script type=\"application\/ld+json\" class=\"yoast-schema-graph\">{\"@context\":\"https:\\\/\\\/schema.org\",\"@graph\":[{\"@type\":\"WebPage\",\"@id\":\"https:\\\/\\\/www.oceanum.es\\\/?page_id=618\",\"url\":\"https:\\\/\\\/www.oceanum.es\\\/?page_id=618\",\"name\":\"Confined Water - Oceanum Diving Experiences\",\"isPartOf\":{\"@id\":\"https:\\\/\\\/www.oceanum.es\\\/#website\"},\"primaryImageOfPage\":{\"@id\":\"https:\\\/\\\/www.oceanum.es\\\/?page_id=618#primaryimage\"},\"image\":{\"@id\":\"https:\\\/\\\/www.oceanum.es\\\/?page_id=618#primaryimage\"},\"thumbnailUrl\":\"https:\\\/\\\/www.oceanum.es\\\/wp-content\\\/uploads\\\/2018\\\/06\\\/choni1-300x271.gif\",\"datePublished\":\"2018-05-25T18:56:16+00:00\",\"dateModified\":\"2018-06-24T15:23:02+00:00\",\"breadcrumb\":{\"@id\":\"https:\\\/\\\/www.oceanum.es\\\/?page_id=618#breadcrumb\"},\"inLanguage\":\"es\",\"potentialAction\":[{\"@type\":\"ReadAction\",\"target\":[\"https:\\\/\\\/www.oceanum.es\\\/?page_id=618\"]}]},{\"@type\":\"ImageObject\",\"inLanguage\":\"es\",\"@id\":\"https:\\\/\\\/www.oceanum.es\\\/?page_id=618#primaryimage\",\"url\":\"https:\\\/\\\/www.oceanum.es\\\/wp-content\\\/uploads\\\/2018\\\/06\\\/choni1.gif\",\"contentUrl\":\"https:\\\/\\\/www.oceanum.es\\\/wp-content\\\/uploads\\\/2018\\\/06\\\/choni1.gif\",\"width\":337,\"height\":304},{\"@type\":\"BreadcrumbList\",\"@id\":\"https:\\\/\\\/www.oceanum.es\\\/?page_id=618#breadcrumb\",\"itemListElement\":[{\"@type\":\"ListItem\",\"position\":1,\"name\":\"Portada\",\"item\":\"https:\\\/\\\/www.oceanum.es\\\/\"},{\"@type\":\"ListItem\",\"position\":2,\"name\":\"Confined Water\"}]},{\"@type\":\"WebSite\",\"@id\":\"https:\\\/\\\/www.oceanum.es\\\/#website\",\"url\":\"https:\\\/\\\/www.oceanum.es\\\/\",\"name\":\"Oceanum Diving Experiences\",\"description\":\"Otra forma de Bucear\",\"potentialAction\":[{\"@type\":\"SearchAction\",\"target\":{\"@type\":\"EntryPoint\",\"urlTemplate\":\"https:\\\/\\\/www.oceanum.es\\\/?s={search_term_string}\"},\"query-input\":{\"@type\":\"PropertyValueSpecification\",\"valueRequired\":true,\"valueName\":\"search_term_string\"}}],\"inLanguage\":\"es\"}]}<\/script>","yoast_head_json":{"title":"Confined Water - Oceanum Diving Experiences","robots":{"index":"index","follow":"follow","max-snippet":"max-snippet:-1","max-image-preview":"max-image-preview:large","max-video-preview":"max-video-preview:-1"},"canonical":"https:\/\/www.oceanum.es\/?page_id=618","og_locale":"es_ES","og_type":"article","og_title":"Confined Water - Oceanum Diving Experiences","og_description":"El curso Confined Water Diver proporciona a los alumnos los conocimientos y destrezas necesarias para bucear con seguridad en un entorno de aguas confinadas. Se requiere que los alumnos completen todas las secciones de entrenamiento acad\u00e9mico y de aguas confinadas del curso de Open Water Diver. La certificaci\u00f3n y las medidas de seguridad adicionales establecidas en el t\u00edtulo del alumno son parecidas a las de un Open Water Diver. RequisitosLeer m\u00e1s","og_url":"https:\/\/www.oceanum.es\/?page_id=618","og_site_name":"Oceanum Diving Experiences","article_publisher":"https:\/\/www.facebook.com\/OceanumDiving\/","article_modified_time":"2018-06-24T15:23:02+00:00","og_image":[{"url":"https:\/\/www.oceanum.es\/wp-content\/uploads\/2018\/06\/choni1-300x271.gif","type":"","width":"","height":""}],"twitter_card":"summary_large_image","twitter_site":"@OceanumDiving","schema":{"@context":"https:\/\/schema.org","@graph":[{"@type":"WebPage","@id":"https:\/\/www.oceanum.es\/?page_id=618","url":"https:\/\/www.oceanum.es\/?page_id=618","name":"Confined Water - Oceanum Diving Experiences","isPartOf":{"@id":"https:\/\/www.oceanum.es\/#website"},"primaryImageOfPage":{"@id":"https:\/\/www.oceanum.es\/?page_id=618#primaryimage"},"image":{"@id":"https:\/\/www.oceanum.es\/?page_id=618#primaryimage"},"thumbnailUrl":"https:\/\/www.oceanum.es\/wp-content\/uploads\/2018\/06\/choni1-300x271.gif","datePublished":"2018-05-25T18:56:16+00:00","dateModified":"2018-06-24T15:23:02+00:00","breadcrumb":{"@id":"https:\/\/www.oceanum.es\/?page_id=618#breadcrumb"},"inLanguage":"es","potentialAction":[{"@type":"ReadAction","target":["https:\/\/www.oceanum.es\/?page_id=618"]}]},{"@type":"ImageObject","inLanguage":"es","@id":"https:\/\/www.oceanum.es\/?page_id=618#primaryimage","url":"https:\/\/www.oceanum.es\/wp-content\/uploads\/2018\/06\/choni1.gif","contentUrl":"https:\/\/www.oceanum.es\/wp-content\/uploads\/2018\/06\/choni1.gif","width":337,"height":304},{"@type":"BreadcrumbList","@id":"https:\/\/www.oceanum.es\/?page_id=618#breadcrumb","itemListElement":[{"@type":"ListItem","position":1,"name":"Portada","item":"https:\/\/www.oceanum.es\/"},{"@type":"ListItem","position":2,"name":"Confined Water"}]},{"@type":"WebSite","@id":"https:\/\/www.oceanum.es\/#website","url":"https:\/\/www.oceanum.es\/","name":"Oceanum Diving Experiences","description":"Otra forma de Bucear","potentialAction":[{"@type":"SearchAction","target":{"@type":"EntryPoint","urlTemplate":"https:\/\/www.oceanum.es\/?s={search_term_string}"},"query-input":{"@type":"PropertyValueSpecification","valueRequired":true,"valueName":"search_term_string"}}],"inLanguage":"es"}]}},"amp_enabled":true,"_links":{"self":[{"href":"https:\/\/www.oceanum.es\/index.php?rest_route=\/wp\/v2\/pages\/618","targetHints":{"allow":["GET"]}}],"collection":[{"href":"https:\/\/www.oceanum.es\/index.php?rest_route=\/wp\/v2\/pages"}],"about":[{"href":"https:\/\/www.oceanum.es\/index.php?rest_route=\/wp\/v2\/types\/page"}],"author":[{"embeddable":true,"href":"https:\/\/www.oceanum.es\/index.php?rest_route=\/wp\/v2\/users\/1"}],"replies":[{"embeddable":true,"href":"https:\/\/www.oceanum.es\/index.php?rest_route=%2Fwp%2Fv2%2Fcomments&post=618"}],"version-history":[{"count":5,"href":"https:\/\/www.oceanum.es\/index.php?rest_route=\/wp\/v2\/pages\/618\/revisions"}],"predecessor-version":[{"id":930,"href":"https:\/\/www.oceanum.es\/index.php?rest_route=\/wp\/v2\/pages\/618\/revisions\/930"}],"wp:attachment":[{"href":"https:\/\/www.oceanum.es\/index.php?rest_route=%2Fwp%2Fv2%2Fmedia&parent=618"}],"curies":[{"name":"wp","href":"https:\/\/api.w.org\/{rel}","templated":true}]}}