{"id":558,"date":"2018-05-25T18:45:30","date_gmt":"2018-05-25T18:45:30","guid":{"rendered":"https:\/\/www.oceanum.es\/?page_id=558"},"modified":"2018-06-25T10:35:27","modified_gmt":"2018-06-25T10:35:27","slug":"adv-wreck","status":"publish","type":"page","link":"https:\/\/www.oceanum.es\/?page_id=558","title":{"rendered":"Adv Wreck"},"content":{"rendered":"<p><img fetchpriority=\"high\" decoding=\"async\" class=\"alignright size-medium wp-image-983\" src=\"https:\/\/www.oceanum.es\/wp-content\/uploads\/2018\/06\/wreck2-300x199.gif\" alt=\"\" width=\"300\" height=\"199\" srcset=\"https:\/\/www.oceanum.es\/wp-content\/uploads\/2018\/06\/wreck2-300x199.gif 300w, https:\/\/www.oceanum.es\/wp-content\/uploads\/2018\/06\/wreck2-600x398.gif 600w, https:\/\/www.oceanum.es\/wp-content\/uploads\/2018\/06\/wreck2-768x510.gif 768w, https:\/\/www.oceanum.es\/wp-content\/uploads\/2018\/06\/wreck2-800x531.gif 800w, https:\/\/www.oceanum.es\/wp-content\/uploads\/2018\/06\/wreck2-527x347.gif 527w\" sizes=\"(max-width: 300px) 100vw, 300px\" \/><strong>Objetivo<\/strong><\/p>\n<p>Esta certificaci\u00f3n est\u00e1 dise\u00f1ada para entrenar a buceadores en buceo extendido de penetraci\u00f3n y la utilizaci\u00f3n t\u00e9cnica de EANx para la exploraci\u00f3n y el curso del EANx y el ox\u00edgeno parala descompresi\u00f3n<\/p>\n<p><strong>\u00bfA que profundidad se puede llegar esta certificaci\u00f3n?<\/strong><\/p>\n<ul>\n<li>La profundidad m\u00e1xima para esta certificaci\u00f3n es de 42 metros para buceadores con la certificaci\u00f3n Advanced EANx Divers<\/li>\n<li>La profundidad m\u00e1xima para esta certificaci\u00f3n es de 48 metros para buceadores con la certificaci\u00f3n Advanced Recreational Trimix Diver<\/li>\n<\/ul>\n<p><strong>Pre-requisitos para acceder a esta certificaci\u00f3n<\/strong><\/p>\n<ol>\n<li>Opci\u00f3n 1 \u2013 Certificado como:\n<ul>\n<li>Poseer las certificaciones Wreck Diver o Cavern Diver oequvalente<\/li>\n<li>Poseer la certificaci\u00f3n Deep Diver o equivalmente<\/li>\n<li>De mostrar un m\u00ednimo de 40 inmersiones registradas con la certificaci\u00f3n Wreck Diver o Cavern Diver.<\/li>\n<\/ul>\n<\/li>\n<li>Opci\u00f3n 2 \u2013 Certificado como:\n<ul>\n<li>Poseer la certificaci\u00f3n Advanced EANx Diver o equivalante<\/li>\n<li>Demostrar un m\u00ednimo de 70 inmersiones o la suficiente experiencia en buceos con EANx avanzado como para demostrar al instructor que se poseen las hablidades y los conocimientos necesarios para seguir la certificaci\u00f3n<\/li>\n<\/ul>\n<\/li>\n<li>Tener un m\u00ednimo de 18 a\u00f1os<\/li>\n<\/ol>\n<p><strong>Material necesario<\/strong><\/p>\n<ul>\n<li>Kit de estudiante para Advanced Wreck Diver Student Kit<\/li>\n<\/ul>\n<p><strong>Contenido de la certificaci\u00f3n<\/strong><\/p>\n<ul>\n<li>Sesiones te\u00f3ricas\n<ul>\n<li>F\u00edsica<\/li>\n<li>Equipamiento<\/li>\n<li>Fisiolog\u00eda<\/li>\n<li>Buceo<\/li>\n<li>\u2026 y mucho m\u00e1s<\/li>\n<\/ul>\n<\/li>\n<li>Inmersiones en aguas confinadas\n<ul>\n<li>Habilidades de supervivencia<\/li>\n<li>Hablidades de flotabilidad<\/li>\n<li>Habilidades de propulsi\u00f3n<\/li>\n<li>\u2026 y mucho m\u00e1s<\/li>\n<\/ul>\n<\/li>\n<li>Inmersiones en aguas abiertas\n<ul>\n<li>Salida del pecio con los ojos cerrados manteninendo el contacto con el compa\u00f1ero y la l\u00ednea usando comunicaci\u00f3n gestual<\/li>\n<li>Escenario de fuga de gases<\/li>\n<li>Realizar cierres de v\u00e1lvulas combinado con cambio de regulador incluyendo el cierre de ambos reguladores<\/li>\n<li>\u2026 y mucho m\u00e1s<\/li>\n<\/ul>\n<\/li>\n<\/ul>\n<p><a href=\"https:\/\/www.oceanum.es\/?page_id=422\"><img decoding=\"async\" class=\"alignright\" src=\"https:\/\/www.oceanum.es\/wp-content\/uploads\/2018\/06\/flecha2.gif\" alt=\"\" width=\"43\" height=\"32\" \/><\/a><\/p>\n","protected":false},"excerpt":{"rendered":"<p>Objetivo Esta certificaci\u00f3n est\u00e1 dise\u00f1ada para entrenar a buceadores en buceo extendido de penetraci\u00f3n y la utilizaci\u00f3n t\u00e9cnica de EANx para la exploraci\u00f3n y el curso del EANx y el ox\u00edgeno parala descompresi\u00f3n \u00bfA que profundidad se puede llegar esta certificaci\u00f3n? La profundidad m\u00e1xima para esta certificaci\u00f3n es de 42 metros para buceadores con la certificaci\u00f3n Advanced EANx Divers La profundidad m\u00e1xima para esta certificaci\u00f3n es de 48 metros para<\/p>\n<p><a class=\"more-link\" href=\"https:\/\/www.oceanum.es\/?page_id=558\">Leer m\u00e1s<\/a><\/p>\n","protected":false},"author":1,"featured_media":0,"parent":0,"menu_order":0,"comment_status":"closed","ping_status":"closed","template":"","meta":{"footnotes":""},"class_list":["post-558","page","type-page","status-publish","hentry"],"yoast_head":"<title>Adv Wreck - Oceanum Diving Experiences<\/title>\n<meta name=\"robots\" content=\"index, follow, max-snippet:-1, max-image-preview:large, max-video-preview:-1\" \/>\n<link rel=\"canonical\" href=\"https:\/\/www.oceanum.es\/?page_id=558\" \/>\n<meta property=\"og:locale\" content=\"es_ES\" \/>\n<meta property=\"og:type\" content=\"article\" \/>\n<meta property=\"og:title\" content=\"Adv Wreck - Oceanum Diving Experiences\" \/>\n<meta property=\"og:description\" content=\"Objetivo Esta certificaci\u00f3n est\u00e1 dise\u00f1ada para entrenar a buceadores en buceo extendido de penetraci\u00f3n y la utilizaci\u00f3n t\u00e9cnica de EANx para la exploraci\u00f3n y el curso del EANx y el ox\u00edgeno parala descompresi\u00f3n \u00bfA que profundidad se puede llegar esta certificaci\u00f3n? La profundidad m\u00e1xima para esta certificaci\u00f3n es de 42 metros para buceadores con la certificaci\u00f3n Advanced EANx Divers La profundidad m\u00e1xima para esta certificaci\u00f3n es de 48 metros paraLeer m\u00e1s\" \/>\n<meta property=\"og:url\" content=\"https:\/\/www.oceanum.es\/?page_id=558\" \/>\n<meta property=\"og:site_name\" content=\"Oceanum Diving Experiences\" \/>\n<meta property=\"article:publisher\" content=\"https:\/\/www.facebook.com\/OceanumDiving\/\" \/>\n<meta property=\"article:modified_time\" content=\"2018-06-25T10:35:27+00:00\" \/>\n<meta property=\"og:image\" content=\"https:\/\/www.oceanum.es\/wp-content\/uploads\/2018\/06\/wreck2-300x199.gif\" \/>\n<meta name=\"twitter:card\" content=\"summary_large_image\" \/>\n<meta name=\"twitter:site\" content=\"@OceanumDiving\" \/>\n<meta name=\"twitter:label1\" content=\"Tiempo de lectura\" \/>\n\t<meta name=\"twitter:data1\" content=\"1 minuto\" \/>\n<script type=\"application\/ld+json\" class=\"yoast-schema-graph\">{\"@context\":\"https:\\\/\\\/schema.org\",\"@graph\":[{\"@type\":\"WebPage\",\"@id\":\"https:\\\/\\\/www.oceanum.es\\\/?page_id=558\",\"url\":\"https:\\\/\\\/www.oceanum.es\\\/?page_id=558\",\"name\":\"Adv Wreck - Oceanum Diving Experiences\",\"isPartOf\":{\"@id\":\"https:\\\/\\\/www.oceanum.es\\\/#website\"},\"primaryImageOfPage\":{\"@id\":\"https:\\\/\\\/www.oceanum.es\\\/?page_id=558#primaryimage\"},\"image\":{\"@id\":\"https:\\\/\\\/www.oceanum.es\\\/?page_id=558#primaryimage\"},\"thumbnailUrl\":\"https:\\\/\\\/www.oceanum.es\\\/wp-content\\\/uploads\\\/2018\\\/06\\\/wreck2-300x199.gif\",\"datePublished\":\"2018-05-25T18:45:30+00:00\",\"dateModified\":\"2018-06-25T10:35:27+00:00\",\"breadcrumb\":{\"@id\":\"https:\\\/\\\/www.oceanum.es\\\/?page_id=558#breadcrumb\"},\"inLanguage\":\"es\",\"potentialAction\":[{\"@type\":\"ReadAction\",\"target\":[\"https:\\\/\\\/www.oceanum.es\\\/?page_id=558\"]}]},{\"@type\":\"ImageObject\",\"inLanguage\":\"es\",\"@id\":\"https:\\\/\\\/www.oceanum.es\\\/?page_id=558#primaryimage\",\"url\":\"https:\\\/\\\/www.oceanum.es\\\/wp-content\\\/uploads\\\/2018\\\/06\\\/wreck2.gif\",\"contentUrl\":\"https:\\\/\\\/www.oceanum.es\\\/wp-content\\\/uploads\\\/2018\\\/06\\\/wreck2.gif\",\"width\":1000,\"height\":664},{\"@type\":\"BreadcrumbList\",\"@id\":\"https:\\\/\\\/www.oceanum.es\\\/?page_id=558#breadcrumb\",\"itemListElement\":[{\"@type\":\"ListItem\",\"position\":1,\"name\":\"Portada\",\"item\":\"https:\\\/\\\/www.oceanum.es\\\/\"},{\"@type\":\"ListItem\",\"position\":2,\"name\":\"Adv Wreck\"}]},{\"@type\":\"WebSite\",\"@id\":\"https:\\\/\\\/www.oceanum.es\\\/#website\",\"url\":\"https:\\\/\\\/www.oceanum.es\\\/\",\"name\":\"Oceanum Diving Experiences\",\"description\":\"Otra forma de Bucear\",\"potentialAction\":[{\"@type\":\"SearchAction\",\"target\":{\"@type\":\"EntryPoint\",\"urlTemplate\":\"https:\\\/\\\/www.oceanum.es\\\/?s={search_term_string}\"},\"query-input\":{\"@type\":\"PropertyValueSpecification\",\"valueRequired\":true,\"valueName\":\"search_term_string\"}}],\"inLanguage\":\"es\"}]}<\/script>","yoast_head_json":{"title":"Adv Wreck - Oceanum Diving Experiences","robots":{"index":"index","follow":"follow","max-snippet":"max-snippet:-1","max-image-preview":"max-image-preview:large","max-video-preview":"max-video-preview:-1"},"canonical":"https:\/\/www.oceanum.es\/?page_id=558","og_locale":"es_ES","og_type":"article","og_title":"Adv Wreck - Oceanum Diving Experiences","og_description":"Objetivo Esta certificaci\u00f3n est\u00e1 dise\u00f1ada para entrenar a buceadores en buceo extendido de penetraci\u00f3n y la utilizaci\u00f3n t\u00e9cnica de EANx para la exploraci\u00f3n y el curso del EANx y el ox\u00edgeno parala descompresi\u00f3n \u00bfA que profundidad se puede llegar esta certificaci\u00f3n? La profundidad m\u00e1xima para esta certificaci\u00f3n es de 42 metros para buceadores con la certificaci\u00f3n Advanced EANx Divers La profundidad m\u00e1xima para esta certificaci\u00f3n es de 48 metros paraLeer m\u00e1s","og_url":"https:\/\/www.oceanum.es\/?page_id=558","og_site_name":"Oceanum Diving Experiences","article_publisher":"https:\/\/www.facebook.com\/OceanumDiving\/","article_modified_time":"2018-06-25T10:35:27+00:00","og_image":[{"url":"https:\/\/www.oceanum.es\/wp-content\/uploads\/2018\/06\/wreck2-300x199.gif","type":"","width":"","height":""}],"twitter_card":"summary_large_image","twitter_site":"@OceanumDiving","twitter_misc":{"Tiempo de lectura":"1 minuto"},"schema":{"@context":"https:\/\/schema.org","@graph":[{"@type":"WebPage","@id":"https:\/\/www.oceanum.es\/?page_id=558","url":"https:\/\/www.oceanum.es\/?page_id=558","name":"Adv Wreck - Oceanum Diving Experiences","isPartOf":{"@id":"https:\/\/www.oceanum.es\/#website"},"primaryImageOfPage":{"@id":"https:\/\/www.oceanum.es\/?page_id=558#primaryimage"},"image":{"@id":"https:\/\/www.oceanum.es\/?page_id=558#primaryimage"},"thumbnailUrl":"https:\/\/www.oceanum.es\/wp-content\/uploads\/2018\/06\/wreck2-300x199.gif","datePublished":"2018-05-25T18:45:30+00:00","dateModified":"2018-06-25T10:35:27+00:00","breadcrumb":{"@id":"https:\/\/www.oceanum.es\/?page_id=558#breadcrumb"},"inLanguage":"es","potentialAction":[{"@type":"ReadAction","target":["https:\/\/www.oceanum.es\/?page_id=558"]}]},{"@type":"ImageObject","inLanguage":"es","@id":"https:\/\/www.oceanum.es\/?page_id=558#primaryimage","url":"https:\/\/www.oceanum.es\/wp-content\/uploads\/2018\/06\/wreck2.gif","contentUrl":"https:\/\/www.oceanum.es\/wp-content\/uploads\/2018\/06\/wreck2.gif","width":1000,"height":664},{"@type":"BreadcrumbList","@id":"https:\/\/www.oceanum.es\/?page_id=558#breadcrumb","itemListElement":[{"@type":"ListItem","position":1,"name":"Portada","item":"https:\/\/www.oceanum.es\/"},{"@type":"ListItem","position":2,"name":"Adv Wreck"}]},{"@type":"WebSite","@id":"https:\/\/www.oceanum.es\/#website","url":"https:\/\/www.oceanum.es\/","name":"Oceanum Diving Experiences","description":"Otra forma de Bucear","potentialAction":[{"@type":"SearchAction","target":{"@type":"EntryPoint","urlTemplate":"https:\/\/www.oceanum.es\/?s={search_term_string}"},"query-input":{"@type":"PropertyValueSpecification","valueRequired":true,"valueName":"search_term_string"}}],"inLanguage":"es"}]}},"amp_enabled":true,"_links":{"self":[{"href":"https:\/\/www.oceanum.es\/index.php?rest_route=\/wp\/v2\/pages\/558","targetHints":{"allow":["GET"]}}],"collection":[{"href":"https:\/\/www.oceanum.es\/index.php?rest_route=\/wp\/v2\/pages"}],"about":[{"href":"https:\/\/www.oceanum.es\/index.php?rest_route=\/wp\/v2\/types\/page"}],"author":[{"embeddable":true,"href":"https:\/\/www.oceanum.es\/index.php?rest_route=\/wp\/v2\/users\/1"}],"replies":[{"embeddable":true,"href":"https:\/\/www.oceanum.es\/index.php?rest_route=%2Fwp%2Fv2%2Fcomments&post=558"}],"version-history":[{"count":8,"href":"https:\/\/www.oceanum.es\/index.php?rest_route=\/wp\/v2\/pages\/558\/revisions"}],"predecessor-version":[{"id":1005,"href":"https:\/\/www.oceanum.es\/index.php?rest_route=\/wp\/v2\/pages\/558\/revisions\/1005"}],"wp:attachment":[{"href":"https:\/\/www.oceanum.es\/index.php?rest_route=%2Fwp%2Fv2%2Fmedia&parent=558"}],"curies":[{"name":"wp","href":"https:\/\/api.w.org\/{rel}","templated":true}]}}