{"id":554,"date":"2018-05-25T18:45:30","date_gmt":"2018-05-25T18:45:30","guid":{"rendered":"https:\/\/www.oceanum.es\/?page_id=554"},"modified":"2018-06-25T10:26:54","modified_gmt":"2018-06-25T10:26:54","slug":"cavern","status":"publish","type":"page","link":"https:\/\/www.oceanum.es\/?page_id=554","title":{"rendered":"Cavern"},"content":{"rendered":"<p><img fetchpriority=\"high\" decoding=\"async\" class=\"size-medium wp-image-738 alignright\" src=\"https:\/\/www.oceanum.es\/wp-content\/uploads\/2018\/05\/P1010182-300x225.gif\" alt=\"\" width=\"300\" height=\"225\" \/><strong>Objetivo<\/strong><\/p>\n<p>Esta certificaci\u00f3n est\u00e1 dise\u00f1ada para desarrollar habilidades de de buceo en cavernas dentro de los l\u00edmites de la penetraci\u00f3n de la luz y para asegurar que los buceadores son conscientes de su responsabilidad y capacidad de gesti\u00f3n en estos entornos<\/p>\n<p><strong>\u00bfA que profundidad se puede llegar con esta certificaci\u00f3n?<\/strong><\/p>\n<p>La profundidad m\u00e1xima de esta certificaci\u00f3n viene dada por las certificaciones previas<\/p>\n<p><strong>Pre-requisitos para acceder a esta certificaci\u00f3n<\/strong><\/p>\n<ul>\n<li>Circuito abierto\n<ul>\n<li>Poseer la certificaci\u00f3n Advanced Open Water Diver o equivalente<\/li>\n<li>Tener un m\u00ednimo de 12 a\u00f1os<\/li>\n<li>Demostrar un m\u00ednimo de 10 inmersiones registradas o la suficiente experiencia para demostrar al instructor que se poseen las habilidades y conocimientos necesarios para seguir el nivel de la certificaci\u00f3n<\/li>\n<\/ul>\n<\/li>\n<li>Rebreather\n<ul>\n<li>Poseer la certificaci\u00f3n Recreational Rebreather Advanced Open Water Diver<\/li>\n<li>Tener un m\u00ednimo de 17 a\u00f1os<\/li>\n<li>Demostrar un m\u00ednimo de 20 inmersiones 10 de las cuales hayan sido usando rebreather<\/li>\n<\/ul>\n<\/li>\n<\/ul>\n<p><strong>Material necesario<\/strong><\/p>\n<ul>\n<li>Para Rebreather: Kit de estudiante Recreational Rebreather Cavern Diver<\/li>\n<li>Para circuto abierto: Kit de estudiante Cavern Diver<\/li>\n<\/ul>\n<p><strong>Contenido de la certificaci\u00f3n<\/strong><\/p>\n<ul>\n<li>Sesiones te\u00f3ricas\n<ul>\n<li>El entorno<\/li>\n<li>Planificaci\u00f3n de buceos<\/li>\n<li>Aspectos operativos<\/li>\n<li>\u2026 y mucho m\u00e1s<\/li>\n<\/ul>\n<\/li>\n<li>Inmersiones en aguas confinadas\n<ul>\n<li>Habilidades de supervivencia<\/li>\n<li>Pr\u00e1ctica de configuraci\u00f3n de equipo incluyendo redundancia y racionalizaci\u00f3n<\/li>\n<li>Pr\u00e1ctica de uso de l\u00ednea y reel<\/li>\n<li>\u2026 y mucho m\u00e1s<\/li>\n<\/ul>\n<\/li>\n<li>Inmersiones en aguas abiertas\n<ul>\n<li>Escenario de fuga de gases<\/li>\n<li>Ejercicios de fallo de regulador<\/li>\n<li>Pr\u00e1ctica de todos los escenarios de emergencia<\/li>\n<li>\u2026y mucho m\u00e1s<\/li>\n<\/ul>\n<\/li>\n<\/ul>\n<p><a href=\"https:\/\/www.oceanum.es\/?page_id=422\"><img decoding=\"async\" class=\"alignright\" src=\"https:\/\/www.oceanum.es\/wp-content\/uploads\/2018\/06\/flecha2.gif\" alt=\"\" width=\"43\" height=\"32\" \/><\/a><\/p>\n","protected":false},"excerpt":{"rendered":"<p>Objetivo Esta certificaci\u00f3n est\u00e1 dise\u00f1ada para desarrollar habilidades de de buceo en cavernas dentro de los l\u00edmites de la penetraci\u00f3n de la luz y para asegurar que los buceadores son conscientes de su responsabilidad y capacidad de gesti\u00f3n en estos entornos \u00bfA que profundidad se puede llegar con esta certificaci\u00f3n? La profundidad m\u00e1xima de esta certificaci\u00f3n viene dada por las certificaciones previas Pre-requisitos para acceder a esta certificaci\u00f3n Circuito abierto<\/p>\n<p><a class=\"more-link\" href=\"https:\/\/www.oceanum.es\/?page_id=554\">Leer m\u00e1s<\/a><\/p>\n","protected":false},"author":1,"featured_media":0,"parent":0,"menu_order":0,"comment_status":"closed","ping_status":"closed","template":"","meta":{"footnotes":""},"class_list":["post-554","page","type-page","status-publish","hentry"],"yoast_head":"<title>Cavern - Oceanum Diving Experiences<\/title>\n<meta name=\"robots\" content=\"index, follow, max-snippet:-1, max-image-preview:large, max-video-preview:-1\" \/>\n<link rel=\"canonical\" href=\"https:\/\/www.oceanum.es\/?page_id=554\" \/>\n<meta property=\"og:locale\" content=\"es_ES\" \/>\n<meta property=\"og:type\" content=\"article\" \/>\n<meta property=\"og:title\" content=\"Cavern - Oceanum Diving Experiences\" \/>\n<meta property=\"og:description\" content=\"Objetivo Esta certificaci\u00f3n est\u00e1 dise\u00f1ada para desarrollar habilidades de de buceo en cavernas dentro de los l\u00edmites de la penetraci\u00f3n de la luz y para asegurar que los buceadores son conscientes de su responsabilidad y capacidad de gesti\u00f3n en estos entornos \u00bfA que profundidad se puede llegar con esta certificaci\u00f3n? La profundidad m\u00e1xima de esta certificaci\u00f3n viene dada por las certificaciones previas Pre-requisitos para acceder a esta certificaci\u00f3n Circuito abiertoLeer m\u00e1s\" \/>\n<meta property=\"og:url\" content=\"https:\/\/www.oceanum.es\/?page_id=554\" \/>\n<meta property=\"og:site_name\" content=\"Oceanum Diving Experiences\" \/>\n<meta property=\"article:publisher\" content=\"https:\/\/www.facebook.com\/OceanumDiving\/\" \/>\n<meta property=\"article:modified_time\" content=\"2018-06-25T10:26:54+00:00\" \/>\n<meta property=\"og:image\" content=\"https:\/\/www.oceanum.es\/wp-content\/uploads\/2018\/05\/P1010182-300x225.gif\" \/>\n<meta name=\"twitter:card\" content=\"summary_large_image\" \/>\n<meta name=\"twitter:site\" content=\"@OceanumDiving\" \/>\n<meta name=\"twitter:label1\" content=\"Tiempo de lectura\" \/>\n\t<meta name=\"twitter:data1\" content=\"1 minuto\" \/>\n<script type=\"application\/ld+json\" class=\"yoast-schema-graph\">{\"@context\":\"https:\\\/\\\/schema.org\",\"@graph\":[{\"@type\":\"WebPage\",\"@id\":\"https:\\\/\\\/www.oceanum.es\\\/?page_id=554\",\"url\":\"https:\\\/\\\/www.oceanum.es\\\/?page_id=554\",\"name\":\"Cavern - Oceanum Diving Experiences\",\"isPartOf\":{\"@id\":\"https:\\\/\\\/www.oceanum.es\\\/#website\"},\"primaryImageOfPage\":{\"@id\":\"https:\\\/\\\/www.oceanum.es\\\/?page_id=554#primaryimage\"},\"image\":{\"@id\":\"https:\\\/\\\/www.oceanum.es\\\/?page_id=554#primaryimage\"},\"thumbnailUrl\":\"https:\\\/\\\/www.oceanum.es\\\/wp-content\\\/uploads\\\/2018\\\/05\\\/P1010182-300x225.gif\",\"datePublished\":\"2018-05-25T18:45:30+00:00\",\"dateModified\":\"2018-06-25T10:26:54+00:00\",\"breadcrumb\":{\"@id\":\"https:\\\/\\\/www.oceanum.es\\\/?page_id=554#breadcrumb\"},\"inLanguage\":\"es\",\"potentialAction\":[{\"@type\":\"ReadAction\",\"target\":[\"https:\\\/\\\/www.oceanum.es\\\/?page_id=554\"]}]},{\"@type\":\"ImageObject\",\"inLanguage\":\"es\",\"@id\":\"https:\\\/\\\/www.oceanum.es\\\/?page_id=554#primaryimage\",\"url\":\"https:\\\/\\\/www.oceanum.es\\\/wp-content\\\/uploads\\\/2018\\\/05\\\/P1010182.gif\",\"contentUrl\":\"https:\\\/\\\/www.oceanum.es\\\/wp-content\\\/uploads\\\/2018\\\/05\\\/P1010182.gif\",\"width\":300,\"height\":225},{\"@type\":\"BreadcrumbList\",\"@id\":\"https:\\\/\\\/www.oceanum.es\\\/?page_id=554#breadcrumb\",\"itemListElement\":[{\"@type\":\"ListItem\",\"position\":1,\"name\":\"Portada\",\"item\":\"https:\\\/\\\/www.oceanum.es\\\/\"},{\"@type\":\"ListItem\",\"position\":2,\"name\":\"Cavern\"}]},{\"@type\":\"WebSite\",\"@id\":\"https:\\\/\\\/www.oceanum.es\\\/#website\",\"url\":\"https:\\\/\\\/www.oceanum.es\\\/\",\"name\":\"Oceanum Diving Experiences\",\"description\":\"Otra forma de Bucear\",\"potentialAction\":[{\"@type\":\"SearchAction\",\"target\":{\"@type\":\"EntryPoint\",\"urlTemplate\":\"https:\\\/\\\/www.oceanum.es\\\/?s={search_term_string}\"},\"query-input\":{\"@type\":\"PropertyValueSpecification\",\"valueRequired\":true,\"valueName\":\"search_term_string\"}}],\"inLanguage\":\"es\"}]}<\/script>","yoast_head_json":{"title":"Cavern - Oceanum Diving Experiences","robots":{"index":"index","follow":"follow","max-snippet":"max-snippet:-1","max-image-preview":"max-image-preview:large","max-video-preview":"max-video-preview:-1"},"canonical":"https:\/\/www.oceanum.es\/?page_id=554","og_locale":"es_ES","og_type":"article","og_title":"Cavern - Oceanum Diving Experiences","og_description":"Objetivo Esta certificaci\u00f3n est\u00e1 dise\u00f1ada para desarrollar habilidades de de buceo en cavernas dentro de los l\u00edmites de la penetraci\u00f3n de la luz y para asegurar que los buceadores son conscientes de su responsabilidad y capacidad de gesti\u00f3n en estos entornos \u00bfA que profundidad se puede llegar con esta certificaci\u00f3n? La profundidad m\u00e1xima de esta certificaci\u00f3n viene dada por las certificaciones previas Pre-requisitos para acceder a esta certificaci\u00f3n Circuito abiertoLeer m\u00e1s","og_url":"https:\/\/www.oceanum.es\/?page_id=554","og_site_name":"Oceanum Diving Experiences","article_publisher":"https:\/\/www.facebook.com\/OceanumDiving\/","article_modified_time":"2018-06-25T10:26:54+00:00","og_image":[{"url":"https:\/\/www.oceanum.es\/wp-content\/uploads\/2018\/05\/P1010182-300x225.gif","type":"","width":"","height":""}],"twitter_card":"summary_large_image","twitter_site":"@OceanumDiving","twitter_misc":{"Tiempo de lectura":"1 minuto"},"schema":{"@context":"https:\/\/schema.org","@graph":[{"@type":"WebPage","@id":"https:\/\/www.oceanum.es\/?page_id=554","url":"https:\/\/www.oceanum.es\/?page_id=554","name":"Cavern - Oceanum Diving Experiences","isPartOf":{"@id":"https:\/\/www.oceanum.es\/#website"},"primaryImageOfPage":{"@id":"https:\/\/www.oceanum.es\/?page_id=554#primaryimage"},"image":{"@id":"https:\/\/www.oceanum.es\/?page_id=554#primaryimage"},"thumbnailUrl":"https:\/\/www.oceanum.es\/wp-content\/uploads\/2018\/05\/P1010182-300x225.gif","datePublished":"2018-05-25T18:45:30+00:00","dateModified":"2018-06-25T10:26:54+00:00","breadcrumb":{"@id":"https:\/\/www.oceanum.es\/?page_id=554#breadcrumb"},"inLanguage":"es","potentialAction":[{"@type":"ReadAction","target":["https:\/\/www.oceanum.es\/?page_id=554"]}]},{"@type":"ImageObject","inLanguage":"es","@id":"https:\/\/www.oceanum.es\/?page_id=554#primaryimage","url":"https:\/\/www.oceanum.es\/wp-content\/uploads\/2018\/05\/P1010182.gif","contentUrl":"https:\/\/www.oceanum.es\/wp-content\/uploads\/2018\/05\/P1010182.gif","width":300,"height":225},{"@type":"BreadcrumbList","@id":"https:\/\/www.oceanum.es\/?page_id=554#breadcrumb","itemListElement":[{"@type":"ListItem","position":1,"name":"Portada","item":"https:\/\/www.oceanum.es\/"},{"@type":"ListItem","position":2,"name":"Cavern"}]},{"@type":"WebSite","@id":"https:\/\/www.oceanum.es\/#website","url":"https:\/\/www.oceanum.es\/","name":"Oceanum Diving Experiences","description":"Otra forma de Bucear","potentialAction":[{"@type":"SearchAction","target":{"@type":"EntryPoint","urlTemplate":"https:\/\/www.oceanum.es\/?s={search_term_string}"},"query-input":{"@type":"PropertyValueSpecification","valueRequired":true,"valueName":"search_term_string"}}],"inLanguage":"es"}]}},"amp_enabled":true,"_links":{"self":[{"href":"https:\/\/www.oceanum.es\/index.php?rest_route=\/wp\/v2\/pages\/554","targetHints":{"allow":["GET"]}}],"collection":[{"href":"https:\/\/www.oceanum.es\/index.php?rest_route=\/wp\/v2\/pages"}],"about":[{"href":"https:\/\/www.oceanum.es\/index.php?rest_route=\/wp\/v2\/types\/page"}],"author":[{"embeddable":true,"href":"https:\/\/www.oceanum.es\/index.php?rest_route=\/wp\/v2\/users\/1"}],"replies":[{"embeddable":true,"href":"https:\/\/www.oceanum.es\/index.php?rest_route=%2Fwp%2Fv2%2Fcomments&post=554"}],"version-history":[{"count":6,"href":"https:\/\/www.oceanum.es\/index.php?rest_route=\/wp\/v2\/pages\/554\/revisions"}],"predecessor-version":[{"id":999,"href":"https:\/\/www.oceanum.es\/index.php?rest_route=\/wp\/v2\/pages\/554\/revisions\/999"}],"wp:attachment":[{"href":"https:\/\/www.oceanum.es\/index.php?rest_route=%2Fwp%2Fv2%2Fmedia&parent=554"}],"curies":[{"name":"wp","href":"https:\/\/api.w.org\/{rel}","templated":true}]}}