{"id":549,"date":"2018-05-25T18:45:30","date_gmt":"2018-05-25T18:45:30","guid":{"rendered":"https:\/\/www.oceanum.es\/?page_id=549"},"modified":"2018-12-30T16:46:15","modified_gmt":"2018-12-30T16:46:15","slug":"adv-recreational-trimix","status":"publish","type":"page","link":"https:\/\/www.oceanum.es\/?page_id=549","title":{"rendered":"Adv Recreational Trimix"},"content":{"rendered":"<p><strong><img fetchpriority=\"high\" decoding=\"async\" class=\"alignright size-medium wp-image-741\" src=\"https:\/\/www.oceanum.es\/wp-content\/uploads\/2018\/05\/PICT0630-300x225.jpg\" alt=\"\" width=\"300\" height=\"225\" srcset=\"https:\/\/www.oceanum.es\/wp-content\/uploads\/2018\/05\/PICT0630-300x225.jpg 300w, https:\/\/www.oceanum.es\/wp-content\/uploads\/2018\/05\/PICT0630-600x450.jpg 600w, https:\/\/www.oceanum.es\/wp-content\/uploads\/2018\/05\/PICT0630-768x576.jpg 768w, https:\/\/www.oceanum.es\/wp-content\/uploads\/2018\/05\/PICT0630-1024x768.jpg 1024w, https:\/\/www.oceanum.es\/wp-content\/uploads\/2018\/05\/PICT0630-800x600.jpg 800w, https:\/\/www.oceanum.es\/wp-content\/uploads\/2018\/05\/PICT0630-400x300.jpg 400w\" sizes=\"(max-width: 300px) 100vw, 300px\" \/>Objetivo<\/strong><br \/>\nEsta certificaci\u00f3n est\u00e1 dise\u00f1ada para ampliar el conocimiento del buceador en el uso del EANx para el buceo recreativo. Adem\u00e1s de desarrollar las habilidades y proporciona un gran conocimiento del concepto de buceo avanzado con EANx o TMX recreativo.<\/p>\n<p>El objetivo de esta certificaci\u00f3n es habilitar a los buceadores a bucear por debajo de los 48 metros y\u00a0realizar paradas de descompresi\u00f3n en inmersiones de hasta 15 minutos.<\/p>\n<p><strong>\u00bfA que profundidad se puede llegar con esta certificaci\u00f3n?<\/strong><br \/>\nLa profundidad m\u00e1xima para esta certificaci\u00f3n es de 48 metros<\/p>\n<p><strong>Pre-requisitos para acceder a esta certificaci\u00f3n<\/strong><\/p>\n<ul>\n<li><span style=\"color: #3366ff;\"><em>Circuito abierto<\/em><\/span>\n<ul>\n<li>Poseer la certificaci\u00f3n Deep Diver o equivalente<\/li>\n<li>Poseer la certificaci\u00f3n EANx Diver o equivalente<\/li>\n<li>Tener un m\u00ednimo de 15 a\u00f1os<\/li>\n<li>Demostrar 30 inmersiones registradas o la suficiente experiencia para demostrar al instructor que el alumno tiene las habilidades y la experiencia para seguir el entrenamiento<\/li>\n<\/ul>\n<\/li>\n<li><em><span style=\"color: #3366ff;\">Rebreather<\/span><\/em>\n<ul>\n<li>Poseer la certificaci\u00f3n Recreational Rebreather Deep Diver o equivalente<\/li>\n<li>Tener un m\u00ednimo de 17 a\u00f1os<\/li>\n<li>Demostrar 30 inmersiones registradas de las cuales 20 hayan sido usando rebreather<\/li>\n<\/ul>\n<\/li>\n<\/ul>\n<p><strong>Material necesario<\/strong><\/p>\n<ul>\n<li>Para Rebreather: Kit de estudiante IANTD Rebreather Advanced Recreational Trimix Diver<\/li>\n<li>Para circuito abierto: kit de estudiante Advanced Recreational Trimix Diver<\/li>\n<\/ul>\n<p><strong>Contenido de la certificaci\u00f3n<\/strong><\/p>\n<ul>\n<li>Sesiones te\u00f3ricas\n<ul>\n<li>Consideraciones fisiol\u00f3gicas y psicol\u00f3gicas<\/li>\n<li>Ox\u00edgeno<\/li>\n<li>Teor\u00eda de descompresi\u00f3n<\/li>\n<li>Planificaci\u00f3n de buceos<\/li>\n<li>Gesti\u00f3n de gases<\/li>\n<li>\u2026 y mucho m\u00e1s<\/li>\n<\/ul>\n<\/li>\n<li>Inmersiones en aguas confinadas\n<ul>\n<li>Habilidades de supervivencia<\/li>\n<li>Cierre de v\u00e1lvulas<\/li>\n<li>Despliegue de boya de elevaci\u00f3n<\/li>\n<li>\u2026 y mucho m\u00e1s<\/li>\n<\/ul>\n<\/li>\n<li>Inmersiones en aguas abiertas\n<ul>\n<li>Escenario de fuga de gases<\/li>\n<li>Ejercicios de fallo de regulador<\/li>\n<li>Pr\u00e1cticas de todos los escenarios de emergencias<\/li>\n<li>\u2026 y mucho m\u00e1s<\/li>\n<\/ul>\n<\/li>\n<\/ul>\n<p><a href=\"https:\/\/www.oceanum.es\/?page_id=422\"><img decoding=\"async\" class=\"alignright\" src=\"https:\/\/www.oceanum.es\/wp-content\/uploads\/2018\/06\/flecha2.gif\" alt=\"\" width=\"43\" height=\"32\" \/><\/a><\/p>\n","protected":false},"excerpt":{"rendered":"<p>Objetivo Esta certificaci\u00f3n est\u00e1 dise\u00f1ada para ampliar el conocimiento del buceador en el uso del EANx para el buceo recreativo. Adem\u00e1s de desarrollar las habilidades y proporciona un gran conocimiento del concepto de buceo avanzado con EANx o TMX recreativo. El objetivo de esta certificaci\u00f3n es habilitar a los buceadores a bucear por debajo de los 48 metros y\u00a0realizar paradas de descompresi\u00f3n en inmersiones de hasta 15 minutos. \u00bfA que<\/p>\n<p><a class=\"more-link\" href=\"https:\/\/www.oceanum.es\/?page_id=549\">Leer m\u00e1s<\/a><\/p>\n","protected":false},"author":1,"featured_media":0,"parent":0,"menu_order":0,"comment_status":"closed","ping_status":"closed","template":"","meta":{"footnotes":""},"class_list":["post-549","page","type-page","status-publish","hentry"],"yoast_head":"<title>Adv Recreational Trimix - Oceanum Diving Experiences<\/title>\n<meta name=\"robots\" content=\"index, follow, max-snippet:-1, max-image-preview:large, max-video-preview:-1\" \/>\n<link rel=\"canonical\" href=\"https:\/\/www.oceanum.es\/?page_id=549\" \/>\n<meta property=\"og:locale\" content=\"es_ES\" \/>\n<meta property=\"og:type\" content=\"article\" \/>\n<meta property=\"og:title\" content=\"Adv Recreational Trimix - Oceanum Diving Experiences\" \/>\n<meta property=\"og:description\" content=\"Objetivo Esta certificaci\u00f3n est\u00e1 dise\u00f1ada para ampliar el conocimiento del buceador en el uso del EANx para el buceo recreativo. Adem\u00e1s de desarrollar las habilidades y proporciona un gran conocimiento del concepto de buceo avanzado con EANx o TMX recreativo. El objetivo de esta certificaci\u00f3n es habilitar a los buceadores a bucear por debajo de los 48 metros y\u00a0realizar paradas de descompresi\u00f3n en inmersiones de hasta 15 minutos. \u00bfA queLeer m\u00e1s\" \/>\n<meta property=\"og:url\" content=\"https:\/\/www.oceanum.es\/?page_id=549\" \/>\n<meta property=\"og:site_name\" content=\"Oceanum Diving Experiences\" \/>\n<meta property=\"article:publisher\" content=\"https:\/\/www.facebook.com\/OceanumDiving\/\" \/>\n<meta property=\"article:modified_time\" content=\"2018-12-30T16:46:15+00:00\" \/>\n<meta property=\"og:image\" content=\"https:\/\/www.oceanum.es\/wp-content\/uploads\/2018\/05\/PICT0630-300x225.jpg\" \/>\n<meta name=\"twitter:card\" content=\"summary_large_image\" \/>\n<meta name=\"twitter:site\" content=\"@OceanumDiving\" \/>\n<meta name=\"twitter:label1\" content=\"Tiempo de lectura\" \/>\n\t<meta name=\"twitter:data1\" content=\"1 minuto\" \/>\n<script type=\"application\/ld+json\" class=\"yoast-schema-graph\">{\"@context\":\"https:\\\/\\\/schema.org\",\"@graph\":[{\"@type\":\"WebPage\",\"@id\":\"https:\\\/\\\/www.oceanum.es\\\/?page_id=549\",\"url\":\"https:\\\/\\\/www.oceanum.es\\\/?page_id=549\",\"name\":\"Adv Recreational Trimix - Oceanum Diving Experiences\",\"isPartOf\":{\"@id\":\"https:\\\/\\\/www.oceanum.es\\\/#website\"},\"primaryImageOfPage\":{\"@id\":\"https:\\\/\\\/www.oceanum.es\\\/?page_id=549#primaryimage\"},\"image\":{\"@id\":\"https:\\\/\\\/www.oceanum.es\\\/?page_id=549#primaryimage\"},\"thumbnailUrl\":\"https:\\\/\\\/www.oceanum.es\\\/wp-content\\\/uploads\\\/2018\\\/05\\\/PICT0630-300x225.jpg\",\"datePublished\":\"2018-05-25T18:45:30+00:00\",\"dateModified\":\"2018-12-30T16:46:15+00:00\",\"breadcrumb\":{\"@id\":\"https:\\\/\\\/www.oceanum.es\\\/?page_id=549#breadcrumb\"},\"inLanguage\":\"es\",\"potentialAction\":[{\"@type\":\"ReadAction\",\"target\":[\"https:\\\/\\\/www.oceanum.es\\\/?page_id=549\"]}]},{\"@type\":\"ImageObject\",\"inLanguage\":\"es\",\"@id\":\"https:\\\/\\\/www.oceanum.es\\\/?page_id=549#primaryimage\",\"url\":\"https:\\\/\\\/www.oceanum.es\\\/wp-content\\\/uploads\\\/2018\\\/05\\\/PICT0630-scaled.jpg\",\"contentUrl\":\"https:\\\/\\\/www.oceanum.es\\\/wp-content\\\/uploads\\\/2018\\\/05\\\/PICT0630-scaled.jpg\",\"width\":2560,\"height\":1920},{\"@type\":\"BreadcrumbList\",\"@id\":\"https:\\\/\\\/www.oceanum.es\\\/?page_id=549#breadcrumb\",\"itemListElement\":[{\"@type\":\"ListItem\",\"position\":1,\"name\":\"Portada\",\"item\":\"https:\\\/\\\/www.oceanum.es\\\/\"},{\"@type\":\"ListItem\",\"position\":2,\"name\":\"Adv Recreational Trimix\"}]},{\"@type\":\"WebSite\",\"@id\":\"https:\\\/\\\/www.oceanum.es\\\/#website\",\"url\":\"https:\\\/\\\/www.oceanum.es\\\/\",\"name\":\"Oceanum Diving Experiences\",\"description\":\"Otra forma de Bucear\",\"potentialAction\":[{\"@type\":\"SearchAction\",\"target\":{\"@type\":\"EntryPoint\",\"urlTemplate\":\"https:\\\/\\\/www.oceanum.es\\\/?s={search_term_string}\"},\"query-input\":{\"@type\":\"PropertyValueSpecification\",\"valueRequired\":true,\"valueName\":\"search_term_string\"}}],\"inLanguage\":\"es\"}]}<\/script>","yoast_head_json":{"title":"Adv Recreational Trimix - Oceanum Diving Experiences","robots":{"index":"index","follow":"follow","max-snippet":"max-snippet:-1","max-image-preview":"max-image-preview:large","max-video-preview":"max-video-preview:-1"},"canonical":"https:\/\/www.oceanum.es\/?page_id=549","og_locale":"es_ES","og_type":"article","og_title":"Adv Recreational Trimix - Oceanum Diving Experiences","og_description":"Objetivo Esta certificaci\u00f3n est\u00e1 dise\u00f1ada para ampliar el conocimiento del buceador en el uso del EANx para el buceo recreativo. Adem\u00e1s de desarrollar las habilidades y proporciona un gran conocimiento del concepto de buceo avanzado con EANx o TMX recreativo. El objetivo de esta certificaci\u00f3n es habilitar a los buceadores a bucear por debajo de los 48 metros y\u00a0realizar paradas de descompresi\u00f3n en inmersiones de hasta 15 minutos. \u00bfA queLeer m\u00e1s","og_url":"https:\/\/www.oceanum.es\/?page_id=549","og_site_name":"Oceanum Diving Experiences","article_publisher":"https:\/\/www.facebook.com\/OceanumDiving\/","article_modified_time":"2018-12-30T16:46:15+00:00","og_image":[{"url":"https:\/\/www.oceanum.es\/wp-content\/uploads\/2018\/05\/PICT0630-300x225.jpg","type":"","width":"","height":""}],"twitter_card":"summary_large_image","twitter_site":"@OceanumDiving","twitter_misc":{"Tiempo de lectura":"1 minuto"},"schema":{"@context":"https:\/\/schema.org","@graph":[{"@type":"WebPage","@id":"https:\/\/www.oceanum.es\/?page_id=549","url":"https:\/\/www.oceanum.es\/?page_id=549","name":"Adv Recreational Trimix - Oceanum Diving Experiences","isPartOf":{"@id":"https:\/\/www.oceanum.es\/#website"},"primaryImageOfPage":{"@id":"https:\/\/www.oceanum.es\/?page_id=549#primaryimage"},"image":{"@id":"https:\/\/www.oceanum.es\/?page_id=549#primaryimage"},"thumbnailUrl":"https:\/\/www.oceanum.es\/wp-content\/uploads\/2018\/05\/PICT0630-300x225.jpg","datePublished":"2018-05-25T18:45:30+00:00","dateModified":"2018-12-30T16:46:15+00:00","breadcrumb":{"@id":"https:\/\/www.oceanum.es\/?page_id=549#breadcrumb"},"inLanguage":"es","potentialAction":[{"@type":"ReadAction","target":["https:\/\/www.oceanum.es\/?page_id=549"]}]},{"@type":"ImageObject","inLanguage":"es","@id":"https:\/\/www.oceanum.es\/?page_id=549#primaryimage","url":"https:\/\/www.oceanum.es\/wp-content\/uploads\/2018\/05\/PICT0630-scaled.jpg","contentUrl":"https:\/\/www.oceanum.es\/wp-content\/uploads\/2018\/05\/PICT0630-scaled.jpg","width":2560,"height":1920},{"@type":"BreadcrumbList","@id":"https:\/\/www.oceanum.es\/?page_id=549#breadcrumb","itemListElement":[{"@type":"ListItem","position":1,"name":"Portada","item":"https:\/\/www.oceanum.es\/"},{"@type":"ListItem","position":2,"name":"Adv Recreational Trimix"}]},{"@type":"WebSite","@id":"https:\/\/www.oceanum.es\/#website","url":"https:\/\/www.oceanum.es\/","name":"Oceanum Diving Experiences","description":"Otra forma de Bucear","potentialAction":[{"@type":"SearchAction","target":{"@type":"EntryPoint","urlTemplate":"https:\/\/www.oceanum.es\/?s={search_term_string}"},"query-input":{"@type":"PropertyValueSpecification","valueRequired":true,"valueName":"search_term_string"}}],"inLanguage":"es"}]}},"amp_enabled":true,"_links":{"self":[{"href":"https:\/\/www.oceanum.es\/index.php?rest_route=\/wp\/v2\/pages\/549","targetHints":{"allow":["GET"]}}],"collection":[{"href":"https:\/\/www.oceanum.es\/index.php?rest_route=\/wp\/v2\/pages"}],"about":[{"href":"https:\/\/www.oceanum.es\/index.php?rest_route=\/wp\/v2\/types\/page"}],"author":[{"embeddable":true,"href":"https:\/\/www.oceanum.es\/index.php?rest_route=\/wp\/v2\/users\/1"}],"replies":[{"embeddable":true,"href":"https:\/\/www.oceanum.es\/index.php?rest_route=%2Fwp%2Fv2%2Fcomments&post=549"}],"version-history":[{"count":6,"href":"https:\/\/www.oceanum.es\/index.php?rest_route=\/wp\/v2\/pages\/549\/revisions"}],"predecessor-version":[{"id":1102,"href":"https:\/\/www.oceanum.es\/index.php?rest_route=\/wp\/v2\/pages\/549\/revisions\/1102"}],"wp:attachment":[{"href":"https:\/\/www.oceanum.es\/index.php?rest_route=%2Fwp%2Fv2%2Fmedia&parent=549"}],"curies":[{"name":"wp","href":"https:\/\/api.w.org\/{rel}","templated":true}]}}