{"id":544,"date":"2018-05-25T18:45:30","date_gmt":"2018-05-25T18:45:30","guid":{"rendered":"https:\/\/www.oceanum.es\/?page_id=544"},"modified":"2018-06-24T16:45:07","modified_gmt":"2018-06-24T16:45:07","slug":"atencion-primaria","status":"publish","type":"page","link":"https:\/\/www.oceanum.es\/?page_id=544","title":{"rendered":"Atenci\u00f3n Primaria"},"content":{"rendered":"<p><strong><img fetchpriority=\"high\" decoding=\"async\" class=\"alignright size-full wp-image-954\" src=\"https:\/\/www.oceanum.es\/wp-content\/uploads\/2018\/06\/primary.jpg\" alt=\"\" width=\"250\" height=\"250\" srcset=\"https:\/\/www.oceanum.es\/wp-content\/uploads\/2018\/06\/primary.jpg 250w, https:\/\/www.oceanum.es\/wp-content\/uploads\/2018\/06\/primary-100x100.jpg 100w, https:\/\/www.oceanum.es\/wp-content\/uploads\/2018\/06\/primary-150x150.jpg 150w\" sizes=\"(max-width: 250px) 100vw, 250px\" \/>Objetivo<\/strong><\/p>\n<p>Esta certificaci\u00f3n est\u00e1 dise\u00f1ada para entrenar en la pr\u00e1ctica de la realizaci\u00f3n del RCP en personas que tengan la edad suficuente para bucear<\/p>\n<p><strong>Pre-requisitos para acceder a esta certificaci\u00f3n<\/strong><\/p>\n<ul>\n<li>Tener un m\u00ednimo de 12 a\u00f1os<\/li>\n<li>No es necesario ser buceador para acceder a esta certificaci\u00f3n<\/li>\n<\/ul>\n<p><strong>Material necesario<\/strong><\/p>\n<ul>\n<li>Kit de estudiante CPR<\/li>\n<\/ul>\n<p><strong>Contenido de la certificaci\u00f3n<\/strong><\/p>\n<ul>\n<li>Sesiones te\u00f3ricas<\/li>\n<li>Sesiones pr\u00e1cticas<\/li>\n<li>Escenarios de CPR<\/li>\n<li>\u2026 y mucho m\u00e1s<\/li>\n<\/ul>\n<p><a href=\"https:\/\/www.oceanum.es\/?page_id=424\"><img decoding=\"async\" class=\"alignright\" src=\"https:\/\/www.oceanum.es\/wp-content\/uploads\/2018\/06\/flecha2.gif\" alt=\"\" width=\"43\" height=\"32\" \/><\/a><\/p>\n","protected":false},"excerpt":{"rendered":"<p>Objetivo Esta certificaci\u00f3n est\u00e1 dise\u00f1ada para entrenar en la pr\u00e1ctica de la realizaci\u00f3n del RCP en personas que tengan la edad suficuente para bucear Pre-requisitos para acceder a esta certificaci\u00f3n Tener un m\u00ednimo de 12 a\u00f1os No es necesario ser buceador para acceder a esta certificaci\u00f3n Material necesario Kit de estudiante CPR Contenido de la certificaci\u00f3n Sesiones te\u00f3ricas Sesiones pr\u00e1cticas Escenarios de CPR \u2026 y mucho m\u00e1s<\/p>\n","protected":false},"author":1,"featured_media":0,"parent":0,"menu_order":0,"comment_status":"closed","ping_status":"closed","template":"","meta":{"footnotes":""},"class_list":["post-544","page","type-page","status-publish","hentry"],"yoast_head":"<title>Atenci\u00f3n Primaria - Oceanum Diving Experiences<\/title>\n<meta name=\"robots\" content=\"index, follow, max-snippet:-1, max-image-preview:large, max-video-preview:-1\" \/>\n<link rel=\"canonical\" href=\"https:\/\/www.oceanum.es\/?page_id=544\" \/>\n<meta property=\"og:locale\" content=\"es_ES\" \/>\n<meta property=\"og:type\" content=\"article\" \/>\n<meta property=\"og:title\" content=\"Atenci\u00f3n Primaria - Oceanum Diving Experiences\" \/>\n<meta property=\"og:description\" content=\"Objetivo Esta certificaci\u00f3n est\u00e1 dise\u00f1ada para entrenar en la pr\u00e1ctica de la realizaci\u00f3n del RCP en personas que tengan la edad suficuente para bucear Pre-requisitos para acceder a esta certificaci\u00f3n Tener un m\u00ednimo de 12 a\u00f1os No es necesario ser buceador para acceder a esta certificaci\u00f3n Material necesario Kit de estudiante CPR Contenido de la certificaci\u00f3n Sesiones te\u00f3ricas Sesiones pr\u00e1cticas Escenarios de CPR \u2026 y mucho m\u00e1s\" \/>\n<meta property=\"og:url\" content=\"https:\/\/www.oceanum.es\/?page_id=544\" \/>\n<meta property=\"og:site_name\" content=\"Oceanum Diving Experiences\" \/>\n<meta property=\"article:publisher\" content=\"https:\/\/www.facebook.com\/OceanumDiving\/\" \/>\n<meta property=\"article:modified_time\" content=\"2018-06-24T16:45:07+00:00\" \/>\n<meta property=\"og:image\" content=\"https:\/\/www.oceanum.es\/wp-content\/uploads\/2018\/06\/primary.jpg\" \/>\n<meta name=\"twitter:card\" content=\"summary_large_image\" \/>\n<meta name=\"twitter:site\" content=\"@OceanumDiving\" \/>\n<script type=\"application\/ld+json\" class=\"yoast-schema-graph\">{\"@context\":\"https:\\\/\\\/schema.org\",\"@graph\":[{\"@type\":\"WebPage\",\"@id\":\"https:\\\/\\\/www.oceanum.es\\\/?page_id=544\",\"url\":\"https:\\\/\\\/www.oceanum.es\\\/?page_id=544\",\"name\":\"Atenci\u00f3n Primaria - Oceanum Diving Experiences\",\"isPartOf\":{\"@id\":\"https:\\\/\\\/www.oceanum.es\\\/#website\"},\"primaryImageOfPage\":{\"@id\":\"https:\\\/\\\/www.oceanum.es\\\/?page_id=544#primaryimage\"},\"image\":{\"@id\":\"https:\\\/\\\/www.oceanum.es\\\/?page_id=544#primaryimage\"},\"thumbnailUrl\":\"https:\\\/\\\/www.oceanum.es\\\/wp-content\\\/uploads\\\/2018\\\/06\\\/primary.jpg\",\"datePublished\":\"2018-05-25T18:45:30+00:00\",\"dateModified\":\"2018-06-24T16:45:07+00:00\",\"breadcrumb\":{\"@id\":\"https:\\\/\\\/www.oceanum.es\\\/?page_id=544#breadcrumb\"},\"inLanguage\":\"es\",\"potentialAction\":[{\"@type\":\"ReadAction\",\"target\":[\"https:\\\/\\\/www.oceanum.es\\\/?page_id=544\"]}]},{\"@type\":\"ImageObject\",\"inLanguage\":\"es\",\"@id\":\"https:\\\/\\\/www.oceanum.es\\\/?page_id=544#primaryimage\",\"url\":\"https:\\\/\\\/www.oceanum.es\\\/wp-content\\\/uploads\\\/2018\\\/06\\\/primary.jpg\",\"contentUrl\":\"https:\\\/\\\/www.oceanum.es\\\/wp-content\\\/uploads\\\/2018\\\/06\\\/primary.jpg\",\"width\":250,\"height\":250},{\"@type\":\"BreadcrumbList\",\"@id\":\"https:\\\/\\\/www.oceanum.es\\\/?page_id=544#breadcrumb\",\"itemListElement\":[{\"@type\":\"ListItem\",\"position\":1,\"name\":\"Portada\",\"item\":\"https:\\\/\\\/www.oceanum.es\\\/\"},{\"@type\":\"ListItem\",\"position\":2,\"name\":\"Atenci\u00f3n Primaria\"}]},{\"@type\":\"WebSite\",\"@id\":\"https:\\\/\\\/www.oceanum.es\\\/#website\",\"url\":\"https:\\\/\\\/www.oceanum.es\\\/\",\"name\":\"Oceanum Diving Experiences\",\"description\":\"Otra forma de Bucear\",\"potentialAction\":[{\"@type\":\"SearchAction\",\"target\":{\"@type\":\"EntryPoint\",\"urlTemplate\":\"https:\\\/\\\/www.oceanum.es\\\/?s={search_term_string}\"},\"query-input\":{\"@type\":\"PropertyValueSpecification\",\"valueRequired\":true,\"valueName\":\"search_term_string\"}}],\"inLanguage\":\"es\"}]}<\/script>","yoast_head_json":{"title":"Atenci\u00f3n Primaria - Oceanum Diving Experiences","robots":{"index":"index","follow":"follow","max-snippet":"max-snippet:-1","max-image-preview":"max-image-preview:large","max-video-preview":"max-video-preview:-1"},"canonical":"https:\/\/www.oceanum.es\/?page_id=544","og_locale":"es_ES","og_type":"article","og_title":"Atenci\u00f3n Primaria - Oceanum Diving Experiences","og_description":"Objetivo Esta certificaci\u00f3n est\u00e1 dise\u00f1ada para entrenar en la pr\u00e1ctica de la realizaci\u00f3n del RCP en personas que tengan la edad suficuente para bucear Pre-requisitos para acceder a esta certificaci\u00f3n Tener un m\u00ednimo de 12 a\u00f1os No es necesario ser buceador para acceder a esta certificaci\u00f3n Material necesario Kit de estudiante CPR Contenido de la certificaci\u00f3n Sesiones te\u00f3ricas Sesiones pr\u00e1cticas Escenarios de CPR \u2026 y mucho m\u00e1s","og_url":"https:\/\/www.oceanum.es\/?page_id=544","og_site_name":"Oceanum Diving Experiences","article_publisher":"https:\/\/www.facebook.com\/OceanumDiving\/","article_modified_time":"2018-06-24T16:45:07+00:00","og_image":[{"url":"https:\/\/www.oceanum.es\/wp-content\/uploads\/2018\/06\/primary.jpg","type":"","width":"","height":""}],"twitter_card":"summary_large_image","twitter_site":"@OceanumDiving","schema":{"@context":"https:\/\/schema.org","@graph":[{"@type":"WebPage","@id":"https:\/\/www.oceanum.es\/?page_id=544","url":"https:\/\/www.oceanum.es\/?page_id=544","name":"Atenci\u00f3n Primaria - Oceanum Diving Experiences","isPartOf":{"@id":"https:\/\/www.oceanum.es\/#website"},"primaryImageOfPage":{"@id":"https:\/\/www.oceanum.es\/?page_id=544#primaryimage"},"image":{"@id":"https:\/\/www.oceanum.es\/?page_id=544#primaryimage"},"thumbnailUrl":"https:\/\/www.oceanum.es\/wp-content\/uploads\/2018\/06\/primary.jpg","datePublished":"2018-05-25T18:45:30+00:00","dateModified":"2018-06-24T16:45:07+00:00","breadcrumb":{"@id":"https:\/\/www.oceanum.es\/?page_id=544#breadcrumb"},"inLanguage":"es","potentialAction":[{"@type":"ReadAction","target":["https:\/\/www.oceanum.es\/?page_id=544"]}]},{"@type":"ImageObject","inLanguage":"es","@id":"https:\/\/www.oceanum.es\/?page_id=544#primaryimage","url":"https:\/\/www.oceanum.es\/wp-content\/uploads\/2018\/06\/primary.jpg","contentUrl":"https:\/\/www.oceanum.es\/wp-content\/uploads\/2018\/06\/primary.jpg","width":250,"height":250},{"@type":"BreadcrumbList","@id":"https:\/\/www.oceanum.es\/?page_id=544#breadcrumb","itemListElement":[{"@type":"ListItem","position":1,"name":"Portada","item":"https:\/\/www.oceanum.es\/"},{"@type":"ListItem","position":2,"name":"Atenci\u00f3n Primaria"}]},{"@type":"WebSite","@id":"https:\/\/www.oceanum.es\/#website","url":"https:\/\/www.oceanum.es\/","name":"Oceanum Diving Experiences","description":"Otra forma de Bucear","potentialAction":[{"@type":"SearchAction","target":{"@type":"EntryPoint","urlTemplate":"https:\/\/www.oceanum.es\/?s={search_term_string}"},"query-input":{"@type":"PropertyValueSpecification","valueRequired":true,"valueName":"search_term_string"}}],"inLanguage":"es"}]}},"amp_enabled":true,"_links":{"self":[{"href":"https:\/\/www.oceanum.es\/index.php?rest_route=\/wp\/v2\/pages\/544","targetHints":{"allow":["GET"]}}],"collection":[{"href":"https:\/\/www.oceanum.es\/index.php?rest_route=\/wp\/v2\/pages"}],"about":[{"href":"https:\/\/www.oceanum.es\/index.php?rest_route=\/wp\/v2\/types\/page"}],"author":[{"embeddable":true,"href":"https:\/\/www.oceanum.es\/index.php?rest_route=\/wp\/v2\/users\/1"}],"replies":[{"embeddable":true,"href":"https:\/\/www.oceanum.es\/index.php?rest_route=%2Fwp%2Fv2%2Fcomments&post=544"}],"version-history":[{"count":4,"href":"https:\/\/www.oceanum.es\/index.php?rest_route=\/wp\/v2\/pages\/544\/revisions"}],"predecessor-version":[{"id":961,"href":"https:\/\/www.oceanum.es\/index.php?rest_route=\/wp\/v2\/pages\/544\/revisions\/961"}],"wp:attachment":[{"href":"https:\/\/www.oceanum.es\/index.php?rest_route=%2Fwp%2Fv2%2Fmedia&parent=544"}],"curies":[{"name":"wp","href":"https:\/\/api.w.org\/{rel}","templated":true}]}}