{"id":543,"date":"2018-05-25T18:45:30","date_gmt":"2018-05-25T18:45:30","guid":{"rendered":"https:\/\/www.oceanum.es\/?page_id=543"},"modified":"2018-06-24T12:27:49","modified_gmt":"2018-06-24T12:27:49","slug":"nocturno","status":"publish","type":"page","link":"https:\/\/www.oceanum.es\/?page_id=543","title":{"rendered":"Nocturno"},"content":{"rendered":"<p><img decoding=\"async\" class=\"size-full wp-image-478 alignright\" src=\"https:\/\/www.oceanum.es\/wp-content\/uploads\/2018\/05\/nocturna.gif\" alt=\"\" width=\"172\" height=\"199\" \/><strong>Objetivo<\/strong><br \/>\nEsta certificaci\u00f3n ha sido dise\u00f1ada para proporcionar una conciencia general sobre buceo nocturno y aporta las habilidades necesarias para planificar y realizar buceos nocturnos, descubriendo la magia excitante de este tipo de inmersiones.<\/p>\n<p><strong>\u00bfA que profundidad se puede llegar con esta certificaci\u00f3n?<\/strong><\/p>\n<p>La profundidad m\u00e1xima para esta certificaci\u00f3n es de\u00a0la misma que la de sus certificaciones previas<\/p>\n<p><strong>Pre-requisitos para acceder a esta certificaci\u00f3n<\/strong><\/p>\n<ul>\n<li>Circuito abierto (OC)\n<ul>\n<li>Poseer la certificaci\u00f3n\u00a0Open Water Diver\u00a0o equivalente.<\/li>\n<li>Tener un m\u00ednimo de 18 a\u00f1os o 15 a\u00f1os con permiso paterno.<\/li>\n<\/ul>\n<\/li>\n<li>Rebreather (SCR, CCR)\n<ul>\n<li>Poseer la certificaci\u00f3n\u00a0Recreational Rebreather Diver\u00a0o equivalente.<\/li>\n<li>Tener un m\u00ednimo de 18 a\u00f1os o 17 a\u00f1os y permiso paterno.<\/li>\n<\/ul>\n<\/li>\n<\/ul>\n<p><strong>Material necesario<\/strong><\/p>\n<ul>\n<li>Para rebreather (SCR,CCR): \u00a0Kit de estudiante para Recreational Rebreather Advanced Open Water Diver.<\/li>\n<li>Para circuito abierto (OC): Kit de estudiante para Advanced Open Water Diver.<\/li>\n<\/ul>\n<p><strong>Contenido de la certificaci\u00f3n<\/strong><\/p>\n<ul>\n<li>Contenidos te\u00f3ricos:\n<ul>\n<li>Terminolog\u00eda sobre buceo nocturno<\/li>\n<li>Procedimientos de buceo nocturno<\/li>\n<li>Se\u00f1ales luminosas<\/li>\n<li>\u2026 y mucho m\u00e1s<\/li>\n<\/ul>\n<\/li>\n<li>Inmersiones en aguas abiertas:\n<ul>\n<li>Procedimientos de buceo nocturno<\/li>\n<li>Procedimientos de emergencia<\/li>\n<li>Comunicaci\u00f3n<\/li>\n<li>\u2026 y mucho m\u00e1s.<\/li>\n<\/ul>\n<\/li>\n<\/ul>\n<p><a href=\"https:\/\/www.oceanum.es\/?page_id=419\"><img decoding=\"async\" class=\"alignright\" src=\"https:\/\/www.oceanum.es\/wp-content\/uploads\/2018\/06\/flecha2.gif\" alt=\"\" width=\"43\" height=\"32\" \/><\/a><\/p>\n","protected":false},"excerpt":{"rendered":"<p>Objetivo Esta certificaci\u00f3n ha sido dise\u00f1ada para proporcionar una conciencia general sobre buceo nocturno y aporta las habilidades necesarias para planificar y realizar buceos nocturnos, descubriendo la magia excitante de este tipo de inmersiones. \u00bfA que profundidad se puede llegar con esta certificaci\u00f3n? La profundidad m\u00e1xima para esta certificaci\u00f3n es de\u00a0la misma que la de sus certificaciones previas Pre-requisitos para acceder a esta certificaci\u00f3n Circuito abierto (OC) Poseer la certificaci\u00f3n\u00a0Open<\/p>\n<p><a class=\"more-link\" href=\"https:\/\/www.oceanum.es\/?page_id=543\">Leer m\u00e1s<\/a><\/p>\n","protected":false},"author":1,"featured_media":0,"parent":0,"menu_order":0,"comment_status":"closed","ping_status":"closed","template":"","meta":{"footnotes":""},"class_list":["post-543","page","type-page","status-publish","hentry"],"yoast_head":"<title>Nocturno - Oceanum Diving Experiences<\/title>\n<meta name=\"robots\" content=\"index, follow, max-snippet:-1, max-image-preview:large, max-video-preview:-1\" \/>\n<link rel=\"canonical\" href=\"https:\/\/www.oceanum.es\/?page_id=543\" \/>\n<meta property=\"og:locale\" content=\"es_ES\" \/>\n<meta property=\"og:type\" content=\"article\" \/>\n<meta property=\"og:title\" content=\"Nocturno - Oceanum Diving Experiences\" \/>\n<meta property=\"og:description\" content=\"Objetivo Esta certificaci\u00f3n ha sido dise\u00f1ada para proporcionar una conciencia general sobre buceo nocturno y aporta las habilidades necesarias para planificar y realizar buceos nocturnos, descubriendo la magia excitante de este tipo de inmersiones. \u00bfA que profundidad se puede llegar con esta certificaci\u00f3n? La profundidad m\u00e1xima para esta certificaci\u00f3n es de\u00a0la misma que la de sus certificaciones previas Pre-requisitos para acceder a esta certificaci\u00f3n Circuito abierto (OC) Poseer la certificaci\u00f3n\u00a0OpenLeer m\u00e1s\" \/>\n<meta property=\"og:url\" content=\"https:\/\/www.oceanum.es\/?page_id=543\" \/>\n<meta property=\"og:site_name\" content=\"Oceanum Diving Experiences\" \/>\n<meta property=\"article:publisher\" content=\"https:\/\/www.facebook.com\/OceanumDiving\/\" \/>\n<meta property=\"article:modified_time\" content=\"2018-06-24T12:27:49+00:00\" \/>\n<meta property=\"og:image\" content=\"https:\/\/www.oceanum.es\/wp-content\/uploads\/2018\/05\/nocturna.gif\" \/>\n<meta name=\"twitter:card\" content=\"summary_large_image\" \/>\n<meta name=\"twitter:site\" content=\"@OceanumDiving\" \/>\n<meta name=\"twitter:label1\" content=\"Tiempo de lectura\" \/>\n\t<meta name=\"twitter:data1\" content=\"1 minuto\" \/>\n<script type=\"application\/ld+json\" class=\"yoast-schema-graph\">{\"@context\":\"https:\\\/\\\/schema.org\",\"@graph\":[{\"@type\":\"WebPage\",\"@id\":\"https:\\\/\\\/www.oceanum.es\\\/?page_id=543\",\"url\":\"https:\\\/\\\/www.oceanum.es\\\/?page_id=543\",\"name\":\"Nocturno - Oceanum Diving Experiences\",\"isPartOf\":{\"@id\":\"https:\\\/\\\/www.oceanum.es\\\/#website\"},\"primaryImageOfPage\":{\"@id\":\"https:\\\/\\\/www.oceanum.es\\\/?page_id=543#primaryimage\"},\"image\":{\"@id\":\"https:\\\/\\\/www.oceanum.es\\\/?page_id=543#primaryimage\"},\"thumbnailUrl\":\"https:\\\/\\\/www.oceanum.es\\\/wp-content\\\/uploads\\\/2018\\\/05\\\/nocturna.gif\",\"datePublished\":\"2018-05-25T18:45:30+00:00\",\"dateModified\":\"2018-06-24T12:27:49+00:00\",\"breadcrumb\":{\"@id\":\"https:\\\/\\\/www.oceanum.es\\\/?page_id=543#breadcrumb\"},\"inLanguage\":\"es\",\"potentialAction\":[{\"@type\":\"ReadAction\",\"target\":[\"https:\\\/\\\/www.oceanum.es\\\/?page_id=543\"]}]},{\"@type\":\"ImageObject\",\"inLanguage\":\"es\",\"@id\":\"https:\\\/\\\/www.oceanum.es\\\/?page_id=543#primaryimage\",\"url\":\"https:\\\/\\\/www.oceanum.es\\\/wp-content\\\/uploads\\\/2018\\\/05\\\/nocturna.gif\",\"contentUrl\":\"https:\\\/\\\/www.oceanum.es\\\/wp-content\\\/uploads\\\/2018\\\/05\\\/nocturna.gif\",\"width\":172,\"height\":199},{\"@type\":\"BreadcrumbList\",\"@id\":\"https:\\\/\\\/www.oceanum.es\\\/?page_id=543#breadcrumb\",\"itemListElement\":[{\"@type\":\"ListItem\",\"position\":1,\"name\":\"Portada\",\"item\":\"https:\\\/\\\/www.oceanum.es\\\/\"},{\"@type\":\"ListItem\",\"position\":2,\"name\":\"Nocturno\"}]},{\"@type\":\"WebSite\",\"@id\":\"https:\\\/\\\/www.oceanum.es\\\/#website\",\"url\":\"https:\\\/\\\/www.oceanum.es\\\/\",\"name\":\"Oceanum Diving Experiences\",\"description\":\"Otra forma de Bucear\",\"potentialAction\":[{\"@type\":\"SearchAction\",\"target\":{\"@type\":\"EntryPoint\",\"urlTemplate\":\"https:\\\/\\\/www.oceanum.es\\\/?s={search_term_string}\"},\"query-input\":{\"@type\":\"PropertyValueSpecification\",\"valueRequired\":true,\"valueName\":\"search_term_string\"}}],\"inLanguage\":\"es\"}]}<\/script>","yoast_head_json":{"title":"Nocturno - Oceanum Diving Experiences","robots":{"index":"index","follow":"follow","max-snippet":"max-snippet:-1","max-image-preview":"max-image-preview:large","max-video-preview":"max-video-preview:-1"},"canonical":"https:\/\/www.oceanum.es\/?page_id=543","og_locale":"es_ES","og_type":"article","og_title":"Nocturno - Oceanum Diving Experiences","og_description":"Objetivo Esta certificaci\u00f3n ha sido dise\u00f1ada para proporcionar una conciencia general sobre buceo nocturno y aporta las habilidades necesarias para planificar y realizar buceos nocturnos, descubriendo la magia excitante de este tipo de inmersiones. \u00bfA que profundidad se puede llegar con esta certificaci\u00f3n? La profundidad m\u00e1xima para esta certificaci\u00f3n es de\u00a0la misma que la de sus certificaciones previas Pre-requisitos para acceder a esta certificaci\u00f3n Circuito abierto (OC) Poseer la certificaci\u00f3n\u00a0OpenLeer m\u00e1s","og_url":"https:\/\/www.oceanum.es\/?page_id=543","og_site_name":"Oceanum Diving Experiences","article_publisher":"https:\/\/www.facebook.com\/OceanumDiving\/","article_modified_time":"2018-06-24T12:27:49+00:00","og_image":[{"url":"https:\/\/www.oceanum.es\/wp-content\/uploads\/2018\/05\/nocturna.gif","type":"","width":"","height":""}],"twitter_card":"summary_large_image","twitter_site":"@OceanumDiving","twitter_misc":{"Tiempo de lectura":"1 minuto"},"schema":{"@context":"https:\/\/schema.org","@graph":[{"@type":"WebPage","@id":"https:\/\/www.oceanum.es\/?page_id=543","url":"https:\/\/www.oceanum.es\/?page_id=543","name":"Nocturno - Oceanum Diving Experiences","isPartOf":{"@id":"https:\/\/www.oceanum.es\/#website"},"primaryImageOfPage":{"@id":"https:\/\/www.oceanum.es\/?page_id=543#primaryimage"},"image":{"@id":"https:\/\/www.oceanum.es\/?page_id=543#primaryimage"},"thumbnailUrl":"https:\/\/www.oceanum.es\/wp-content\/uploads\/2018\/05\/nocturna.gif","datePublished":"2018-05-25T18:45:30+00:00","dateModified":"2018-06-24T12:27:49+00:00","breadcrumb":{"@id":"https:\/\/www.oceanum.es\/?page_id=543#breadcrumb"},"inLanguage":"es","potentialAction":[{"@type":"ReadAction","target":["https:\/\/www.oceanum.es\/?page_id=543"]}]},{"@type":"ImageObject","inLanguage":"es","@id":"https:\/\/www.oceanum.es\/?page_id=543#primaryimage","url":"https:\/\/www.oceanum.es\/wp-content\/uploads\/2018\/05\/nocturna.gif","contentUrl":"https:\/\/www.oceanum.es\/wp-content\/uploads\/2018\/05\/nocturna.gif","width":172,"height":199},{"@type":"BreadcrumbList","@id":"https:\/\/www.oceanum.es\/?page_id=543#breadcrumb","itemListElement":[{"@type":"ListItem","position":1,"name":"Portada","item":"https:\/\/www.oceanum.es\/"},{"@type":"ListItem","position":2,"name":"Nocturno"}]},{"@type":"WebSite","@id":"https:\/\/www.oceanum.es\/#website","url":"https:\/\/www.oceanum.es\/","name":"Oceanum Diving Experiences","description":"Otra forma de Bucear","potentialAction":[{"@type":"SearchAction","target":{"@type":"EntryPoint","urlTemplate":"https:\/\/www.oceanum.es\/?s={search_term_string}"},"query-input":{"@type":"PropertyValueSpecification","valueRequired":true,"valueName":"search_term_string"}}],"inLanguage":"es"}]}},"amp_enabled":true,"_links":{"self":[{"href":"https:\/\/www.oceanum.es\/index.php?rest_route=\/wp\/v2\/pages\/543","targetHints":{"allow":["GET"]}}],"collection":[{"href":"https:\/\/www.oceanum.es\/index.php?rest_route=\/wp\/v2\/pages"}],"about":[{"href":"https:\/\/www.oceanum.es\/index.php?rest_route=\/wp\/v2\/types\/page"}],"author":[{"embeddable":true,"href":"https:\/\/www.oceanum.es\/index.php?rest_route=\/wp\/v2\/users\/1"}],"replies":[{"embeddable":true,"href":"https:\/\/www.oceanum.es\/index.php?rest_route=%2Fwp%2Fv2%2Fcomments&post=543"}],"version-history":[{"count":7,"href":"https:\/\/www.oceanum.es\/index.php?rest_route=\/wp\/v2\/pages\/543\/revisions"}],"predecessor-version":[{"id":885,"href":"https:\/\/www.oceanum.es\/index.php?rest_route=\/wp\/v2\/pages\/543\/revisions\/885"}],"wp:attachment":[{"href":"https:\/\/www.oceanum.es\/index.php?rest_route=%2Fwp%2Fv2%2Fmedia&parent=543"}],"curies":[{"name":"wp","href":"https:\/\/api.w.org\/{rel}","templated":true}]}}