{"id":542,"date":"2018-05-25T18:45:30","date_gmt":"2018-05-25T18:45:30","guid":{"rendered":"https:\/\/www.oceanum.es\/?page_id=542"},"modified":"2018-06-24T14:38:48","modified_gmt":"2018-06-24T14:38:48","slug":"nitrox","status":"publish","type":"page","link":"https:\/\/www.oceanum.es\/?page_id=542","title":{"rendered":"Nitrox"},"content":{"rendered":"<p><strong><img fetchpriority=\"high\" decoding=\"async\" class=\"alignright size-full wp-image-477\" src=\"https:\/\/www.oceanum.es\/wp-content\/uploads\/2018\/05\/nitrox.gif\" alt=\"\" width=\"225\" height=\"241\" \/>Objetivo<\/strong><br \/>\nEste programa est\u00e1 dise\u00f1ado para proporcionar a los buceadores de una forma m\u00e1s segura que el aire para disfrutar del buceo en profundidades entre los 12 y 40 metros. El buceador puede elegir bucear con mezcla de gases EANx o bucear de manera m\u00e1s conservadora usando ordenadores o tablas.<\/p>\n<p><strong>\u00bfA que profundidad se puede llegar esta certificaci\u00f3n?<\/strong><\/p>\n<p>La profundidad m\u00e1xima para esta certificaci\u00f3n es de 40 metros.<\/p>\n<p><strong>Pre-requisitos para acceder a esta certificaci\u00f3n<\/strong><\/p>\n<p>Tener un m\u00ednimo de 15.<\/p>\n<p><strong>Material necesario<\/strong><\/p>\n<p>Para rebreather (SCR,CCR): \u00a0Kit de estudiante para EANx.<\/p>\n<p><strong>Contenido de la certificaci\u00f3n<\/strong><\/p>\n<ul>\n<li>Contenidos te\u00f3ricos:\n<ul>\n<li>Pros y contras del buceo con nitrox.<\/li>\n<li>Planificaci\u00f3n de buceo con nitrox.<\/li>\n<li>Aspectos operativos.<\/li>\n<li>\u2026 y mucho m\u00e1s<\/li>\n<\/ul>\n<\/li>\n<li>Inmersiones en aguas abiertas:\n<ul>\n<li>Todas las habilidades y ejercicios practicados en aguas confinadas m\u00e1s un mont\u00f3n de diversi\u00f3n.<\/li>\n<\/ul>\n<\/li>\n<\/ul>\n<p><a href=\"https:\/\/www.oceanum.es\/?page_id=419\"><img decoding=\"async\" class=\"alignright\" src=\"https:\/\/www.oceanum.es\/wp-content\/uploads\/2018\/06\/flecha2.gif\" alt=\"\" width=\"43\" height=\"32\" \/><\/a><\/p>\n","protected":false},"excerpt":{"rendered":"<p>Objetivo Este programa est\u00e1 dise\u00f1ado para proporcionar a los buceadores de una forma m\u00e1s segura que el aire para disfrutar del buceo en profundidades entre los 12 y 40 metros. El buceador puede elegir bucear con mezcla de gases EANx o bucear de manera m\u00e1s conservadora usando ordenadores o tablas. \u00bfA que profundidad se puede llegar esta certificaci\u00f3n? La profundidad m\u00e1xima para esta certificaci\u00f3n es de 40 metros. Pre-requisitos para<\/p>\n<p><a class=\"more-link\" href=\"https:\/\/www.oceanum.es\/?page_id=542\">Leer m\u00e1s<\/a><\/p>\n","protected":false},"author":1,"featured_media":0,"parent":0,"menu_order":0,"comment_status":"closed","ping_status":"closed","template":"","meta":{"footnotes":""},"class_list":["post-542","page","type-page","status-publish","hentry"],"yoast_head":"<title>Nitrox - Oceanum Diving Experiences<\/title>\n<meta name=\"robots\" content=\"index, follow, max-snippet:-1, max-image-preview:large, max-video-preview:-1\" \/>\n<link rel=\"canonical\" href=\"https:\/\/www.oceanum.es\/?page_id=542\" \/>\n<meta property=\"og:locale\" content=\"es_ES\" \/>\n<meta property=\"og:type\" content=\"article\" \/>\n<meta property=\"og:title\" content=\"Nitrox - Oceanum Diving Experiences\" \/>\n<meta property=\"og:description\" content=\"Objetivo Este programa est\u00e1 dise\u00f1ado para proporcionar a los buceadores de una forma m\u00e1s segura que el aire para disfrutar del buceo en profundidades entre los 12 y 40 metros. El buceador puede elegir bucear con mezcla de gases EANx o bucear de manera m\u00e1s conservadora usando ordenadores o tablas. \u00bfA que profundidad se puede llegar esta certificaci\u00f3n? La profundidad m\u00e1xima para esta certificaci\u00f3n es de 40 metros. Pre-requisitos paraLeer m\u00e1s\" \/>\n<meta property=\"og:url\" content=\"https:\/\/www.oceanum.es\/?page_id=542\" \/>\n<meta property=\"og:site_name\" content=\"Oceanum Diving Experiences\" \/>\n<meta property=\"article:publisher\" content=\"https:\/\/www.facebook.com\/OceanumDiving\/\" \/>\n<meta property=\"article:modified_time\" content=\"2018-06-24T14:38:48+00:00\" \/>\n<meta property=\"og:image\" content=\"https:\/\/www.oceanum.es\/wp-content\/uploads\/2018\/05\/nitrox.gif\" \/>\n<meta name=\"twitter:card\" content=\"summary_large_image\" \/>\n<meta name=\"twitter:site\" content=\"@OceanumDiving\" \/>\n<meta name=\"twitter:label1\" content=\"Tiempo de lectura\" \/>\n\t<meta name=\"twitter:data1\" content=\"1 minuto\" \/>\n<script type=\"application\/ld+json\" class=\"yoast-schema-graph\">{\"@context\":\"https:\\\/\\\/schema.org\",\"@graph\":[{\"@type\":\"WebPage\",\"@id\":\"https:\\\/\\\/www.oceanum.es\\\/?page_id=542\",\"url\":\"https:\\\/\\\/www.oceanum.es\\\/?page_id=542\",\"name\":\"Nitrox - Oceanum Diving Experiences\",\"isPartOf\":{\"@id\":\"https:\\\/\\\/www.oceanum.es\\\/#website\"},\"primaryImageOfPage\":{\"@id\":\"https:\\\/\\\/www.oceanum.es\\\/?page_id=542#primaryimage\"},\"image\":{\"@id\":\"https:\\\/\\\/www.oceanum.es\\\/?page_id=542#primaryimage\"},\"thumbnailUrl\":\"https:\\\/\\\/www.oceanum.es\\\/wp-content\\\/uploads\\\/2018\\\/05\\\/nitrox.gif\",\"datePublished\":\"2018-05-25T18:45:30+00:00\",\"dateModified\":\"2018-06-24T14:38:48+00:00\",\"breadcrumb\":{\"@id\":\"https:\\\/\\\/www.oceanum.es\\\/?page_id=542#breadcrumb\"},\"inLanguage\":\"es\",\"potentialAction\":[{\"@type\":\"ReadAction\",\"target\":[\"https:\\\/\\\/www.oceanum.es\\\/?page_id=542\"]}]},{\"@type\":\"ImageObject\",\"inLanguage\":\"es\",\"@id\":\"https:\\\/\\\/www.oceanum.es\\\/?page_id=542#primaryimage\",\"url\":\"https:\\\/\\\/www.oceanum.es\\\/wp-content\\\/uploads\\\/2018\\\/05\\\/nitrox.gif\",\"contentUrl\":\"https:\\\/\\\/www.oceanum.es\\\/wp-content\\\/uploads\\\/2018\\\/05\\\/nitrox.gif\",\"width\":225,\"height\":241},{\"@type\":\"BreadcrumbList\",\"@id\":\"https:\\\/\\\/www.oceanum.es\\\/?page_id=542#breadcrumb\",\"itemListElement\":[{\"@type\":\"ListItem\",\"position\":1,\"name\":\"Portada\",\"item\":\"https:\\\/\\\/www.oceanum.es\\\/\"},{\"@type\":\"ListItem\",\"position\":2,\"name\":\"Nitrox\"}]},{\"@type\":\"WebSite\",\"@id\":\"https:\\\/\\\/www.oceanum.es\\\/#website\",\"url\":\"https:\\\/\\\/www.oceanum.es\\\/\",\"name\":\"Oceanum Diving Experiences\",\"description\":\"Otra forma de Bucear\",\"potentialAction\":[{\"@type\":\"SearchAction\",\"target\":{\"@type\":\"EntryPoint\",\"urlTemplate\":\"https:\\\/\\\/www.oceanum.es\\\/?s={search_term_string}\"},\"query-input\":{\"@type\":\"PropertyValueSpecification\",\"valueRequired\":true,\"valueName\":\"search_term_string\"}}],\"inLanguage\":\"es\"}]}<\/script>","yoast_head_json":{"title":"Nitrox - Oceanum Diving Experiences","robots":{"index":"index","follow":"follow","max-snippet":"max-snippet:-1","max-image-preview":"max-image-preview:large","max-video-preview":"max-video-preview:-1"},"canonical":"https:\/\/www.oceanum.es\/?page_id=542","og_locale":"es_ES","og_type":"article","og_title":"Nitrox - Oceanum Diving Experiences","og_description":"Objetivo Este programa est\u00e1 dise\u00f1ado para proporcionar a los buceadores de una forma m\u00e1s segura que el aire para disfrutar del buceo en profundidades entre los 12 y 40 metros. El buceador puede elegir bucear con mezcla de gases EANx o bucear de manera m\u00e1s conservadora usando ordenadores o tablas. \u00bfA que profundidad se puede llegar esta certificaci\u00f3n? La profundidad m\u00e1xima para esta certificaci\u00f3n es de 40 metros. Pre-requisitos paraLeer m\u00e1s","og_url":"https:\/\/www.oceanum.es\/?page_id=542","og_site_name":"Oceanum Diving Experiences","article_publisher":"https:\/\/www.facebook.com\/OceanumDiving\/","article_modified_time":"2018-06-24T14:38:48+00:00","og_image":[{"url":"https:\/\/www.oceanum.es\/wp-content\/uploads\/2018\/05\/nitrox.gif","type":"","width":"","height":""}],"twitter_card":"summary_large_image","twitter_site":"@OceanumDiving","twitter_misc":{"Tiempo de lectura":"1 minuto"},"schema":{"@context":"https:\/\/schema.org","@graph":[{"@type":"WebPage","@id":"https:\/\/www.oceanum.es\/?page_id=542","url":"https:\/\/www.oceanum.es\/?page_id=542","name":"Nitrox - Oceanum Diving Experiences","isPartOf":{"@id":"https:\/\/www.oceanum.es\/#website"},"primaryImageOfPage":{"@id":"https:\/\/www.oceanum.es\/?page_id=542#primaryimage"},"image":{"@id":"https:\/\/www.oceanum.es\/?page_id=542#primaryimage"},"thumbnailUrl":"https:\/\/www.oceanum.es\/wp-content\/uploads\/2018\/05\/nitrox.gif","datePublished":"2018-05-25T18:45:30+00:00","dateModified":"2018-06-24T14:38:48+00:00","breadcrumb":{"@id":"https:\/\/www.oceanum.es\/?page_id=542#breadcrumb"},"inLanguage":"es","potentialAction":[{"@type":"ReadAction","target":["https:\/\/www.oceanum.es\/?page_id=542"]}]},{"@type":"ImageObject","inLanguage":"es","@id":"https:\/\/www.oceanum.es\/?page_id=542#primaryimage","url":"https:\/\/www.oceanum.es\/wp-content\/uploads\/2018\/05\/nitrox.gif","contentUrl":"https:\/\/www.oceanum.es\/wp-content\/uploads\/2018\/05\/nitrox.gif","width":225,"height":241},{"@type":"BreadcrumbList","@id":"https:\/\/www.oceanum.es\/?page_id=542#breadcrumb","itemListElement":[{"@type":"ListItem","position":1,"name":"Portada","item":"https:\/\/www.oceanum.es\/"},{"@type":"ListItem","position":2,"name":"Nitrox"}]},{"@type":"WebSite","@id":"https:\/\/www.oceanum.es\/#website","url":"https:\/\/www.oceanum.es\/","name":"Oceanum Diving Experiences","description":"Otra forma de Bucear","potentialAction":[{"@type":"SearchAction","target":{"@type":"EntryPoint","urlTemplate":"https:\/\/www.oceanum.es\/?s={search_term_string}"},"query-input":{"@type":"PropertyValueSpecification","valueRequired":true,"valueName":"search_term_string"}}],"inLanguage":"es"}]}},"amp_enabled":true,"_links":{"self":[{"href":"https:\/\/www.oceanum.es\/index.php?rest_route=\/wp\/v2\/pages\/542","targetHints":{"allow":["GET"]}}],"collection":[{"href":"https:\/\/www.oceanum.es\/index.php?rest_route=\/wp\/v2\/pages"}],"about":[{"href":"https:\/\/www.oceanum.es\/index.php?rest_route=\/wp\/v2\/types\/page"}],"author":[{"embeddable":true,"href":"https:\/\/www.oceanum.es\/index.php?rest_route=\/wp\/v2\/users\/1"}],"replies":[{"embeddable":true,"href":"https:\/\/www.oceanum.es\/index.php?rest_route=%2Fwp%2Fv2%2Fcomments&post=542"}],"version-history":[{"count":5,"href":"https:\/\/www.oceanum.es\/index.php?rest_route=\/wp\/v2\/pages\/542\/revisions"}],"predecessor-version":[{"id":904,"href":"https:\/\/www.oceanum.es\/index.php?rest_route=\/wp\/v2\/pages\/542\/revisions\/904"}],"wp:attachment":[{"href":"https:\/\/www.oceanum.es\/index.php?rest_route=%2Fwp%2Fv2%2Fmedia&parent=542"}],"curies":[{"name":"wp","href":"https:\/\/api.w.org\/{rel}","templated":true}]}}