{"id":541,"date":"2018-05-25T18:45:30","date_gmt":"2018-05-25T18:45:30","guid":{"rendered":"https:\/\/www.oceanum.es\/?page_id=541"},"modified":"2018-06-25T11:04:53","modified_gmt":"2018-06-25T11:04:53","slug":"traje-seco","status":"publish","type":"page","link":"https:\/\/www.oceanum.es\/?page_id=541","title":{"rendered":"Traje seco"},"content":{"rendered":"<p><strong>Objetivo<\/strong><br \/>\n<img decoding=\"async\" class=\"wp-image-485 alignright\" style=\"margin: 0.857143rem 1.71429rem;\" src=\"https:\/\/www.oceanum.es\/wp-content\/uploads\/2018\/05\/traje-seco-196x300.gif\" alt=\"\" width=\"131\" height=\"200\" \/>El programa d esta certificaci\u00f3n est\u00e1 dise\u00f1ado para aportar al buceador los con<span style=\"font-size: 1rem;\">ocimientos de uso,cuidado y el tratamiento del traje seco.<\/span><\/p>\n<p><strong>\u00bfA que profundidad se puede llegar esta certificaci\u00f3n?<\/strong><\/p>\n<p>La profundidad m\u00e1xima para esta certificaci\u00f3n es de 40 metros.<br \/>\nPre-requisitos para acceder a esta certificaci\u00f3n<\/p>\n<ul>\n<li>Circuito abierto (OC)\n<ul>\n<li>Poseer la certificaci\u00f3n\u00a0Open Water Diver\u00a0o equivalente.<\/li>\n<li>Tener un m\u00ednimo de 18 a\u00f1os o 15 a\u00f1os con permiso paterno.<\/li>\n<\/ul>\n<\/li>\n<li>Rebreather (SCR, CCR)\n<ul>\n<li>Poseer la certificaci\u00f3n\u00a0Recreational Rebreather Diver\u00a0o equivalente.<\/li>\n<li>Tener un m\u00ednimo de 18 a\u00f1os o 17 a\u00f1os y permiso paterno.<\/li>\n<\/ul>\n<\/li>\n<\/ul>\n<p><strong>Material necesario<\/strong><\/p>\n<ul>\n<li>Para rebreather (SCR,CCR): \u00a0Kit de estudiante para Recreational Rebreather Dry Suit Diver.<\/li>\n<li>Para circuito abierto (OC): Kit de estudiante para Dry Suit Diver.<\/li>\n<\/ul>\n<p><strong>Contenido de la certificaci\u00f3n<\/strong><\/p>\n<ul>\n<li>Contenidos te\u00f3ricos:\n<ul>\n<li>Historia<\/li>\n<li>Tipos de trajes secos<\/li>\n<li>Partes del traje<\/li>\n<li>Accesorios<\/li>\n<li>Ratas o prendas interiores<\/li>\n<li>Sistema de inflado<\/li>\n<li>\u2026 y mucho m\u00e1s<\/li>\n<\/ul>\n<\/li>\n<li>Inmersiones en aguas confinadas:\n<ul>\n<li>Procedimientos de ascenso y descenso<\/li>\n<li>Simulaciones de emergencias<\/li>\n<li>\u2026 y mucho m\u00e1s.<\/li>\n<\/ul>\n<\/li>\n<\/ul>\n<p><a href=\"https:\/\/www.oceanum.es\/?page_id=419\"><img decoding=\"async\" class=\"alignright\" src=\"https:\/\/www.oceanum.es\/wp-content\/uploads\/2018\/06\/flecha2.gif\" alt=\"\" width=\"43\" height=\"32\" \/><\/a><\/p>\n","protected":false},"excerpt":{"rendered":"<p>Objetivo El programa d esta certificaci\u00f3n est\u00e1 dise\u00f1ado para aportar al buceador los conocimientos de uso,cuidado y el tratamiento del traje seco. \u00bfA que profundidad se puede llegar esta certificaci\u00f3n? La profundidad m\u00e1xima para esta certificaci\u00f3n es de 40 metros. Pre-requisitos para acceder a esta certificaci\u00f3n Circuito abierto (OC) Poseer la certificaci\u00f3n\u00a0Open Water Diver\u00a0o equivalente. Tener un m\u00ednimo de 18 a\u00f1os o 15 a\u00f1os con permiso paterno. Rebreather (SCR, CCR)<\/p>\n<p><a class=\"more-link\" href=\"https:\/\/www.oceanum.es\/?page_id=541\">Leer m\u00e1s<\/a><\/p>\n","protected":false},"author":1,"featured_media":0,"parent":0,"menu_order":0,"comment_status":"closed","ping_status":"closed","template":"","meta":{"footnotes":""},"class_list":["post-541","page","type-page","status-publish","hentry"],"yoast_head":"<title>Traje seco - Oceanum Diving Experiences<\/title>\n<meta name=\"robots\" content=\"index, follow, max-snippet:-1, max-image-preview:large, max-video-preview:-1\" \/>\n<link rel=\"canonical\" href=\"https:\/\/www.oceanum.es\/?page_id=541\" \/>\n<meta property=\"og:locale\" content=\"es_ES\" \/>\n<meta property=\"og:type\" content=\"article\" \/>\n<meta property=\"og:title\" content=\"Traje seco - Oceanum Diving Experiences\" \/>\n<meta property=\"og:description\" content=\"Objetivo El programa d esta certificaci\u00f3n est\u00e1 dise\u00f1ado para aportar al buceador los conocimientos de uso,cuidado y el tratamiento del traje seco. \u00bfA que profundidad se puede llegar esta certificaci\u00f3n? La profundidad m\u00e1xima para esta certificaci\u00f3n es de 40 metros. Pre-requisitos para acceder a esta certificaci\u00f3n Circuito abierto (OC) Poseer la certificaci\u00f3n\u00a0Open Water Diver\u00a0o equivalente. Tener un m\u00ednimo de 18 a\u00f1os o 15 a\u00f1os con permiso paterno. Rebreather (SCR, CCR)Leer m\u00e1s\" \/>\n<meta property=\"og:url\" content=\"https:\/\/www.oceanum.es\/?page_id=541\" \/>\n<meta property=\"og:site_name\" content=\"Oceanum Diving Experiences\" \/>\n<meta property=\"article:publisher\" content=\"https:\/\/www.facebook.com\/OceanumDiving\/\" \/>\n<meta property=\"article:modified_time\" content=\"2018-06-25T11:04:53+00:00\" \/>\n<meta property=\"og:image\" content=\"https:\/\/www.oceanum.es\/wp-content\/uploads\/2018\/05\/traje-seco-196x300.gif\" \/>\n<meta name=\"twitter:card\" content=\"summary_large_image\" \/>\n<meta name=\"twitter:site\" content=\"@OceanumDiving\" \/>\n<meta name=\"twitter:label1\" content=\"Tiempo de lectura\" \/>\n\t<meta name=\"twitter:data1\" content=\"1 minuto\" \/>\n<script type=\"application\/ld+json\" class=\"yoast-schema-graph\">{\"@context\":\"https:\\\/\\\/schema.org\",\"@graph\":[{\"@type\":\"WebPage\",\"@id\":\"https:\\\/\\\/www.oceanum.es\\\/?page_id=541\",\"url\":\"https:\\\/\\\/www.oceanum.es\\\/?page_id=541\",\"name\":\"Traje seco - Oceanum Diving Experiences\",\"isPartOf\":{\"@id\":\"https:\\\/\\\/www.oceanum.es\\\/#website\"},\"primaryImageOfPage\":{\"@id\":\"https:\\\/\\\/www.oceanum.es\\\/?page_id=541#primaryimage\"},\"image\":{\"@id\":\"https:\\\/\\\/www.oceanum.es\\\/?page_id=541#primaryimage\"},\"thumbnailUrl\":\"https:\\\/\\\/www.oceanum.es\\\/wp-content\\\/uploads\\\/2018\\\/05\\\/traje-seco-196x300.gif\",\"datePublished\":\"2018-05-25T18:45:30+00:00\",\"dateModified\":\"2018-06-25T11:04:53+00:00\",\"breadcrumb\":{\"@id\":\"https:\\\/\\\/www.oceanum.es\\\/?page_id=541#breadcrumb\"},\"inLanguage\":\"es\",\"potentialAction\":[{\"@type\":\"ReadAction\",\"target\":[\"https:\\\/\\\/www.oceanum.es\\\/?page_id=541\"]}]},{\"@type\":\"ImageObject\",\"inLanguage\":\"es\",\"@id\":\"https:\\\/\\\/www.oceanum.es\\\/?page_id=541#primaryimage\",\"url\":\"https:\\\/\\\/www.oceanum.es\\\/wp-content\\\/uploads\\\/2018\\\/05\\\/traje-seco.gif\",\"contentUrl\":\"https:\\\/\\\/www.oceanum.es\\\/wp-content\\\/uploads\\\/2018\\\/05\\\/traje-seco.gif\",\"width\":239,\"height\":366},{\"@type\":\"BreadcrumbList\",\"@id\":\"https:\\\/\\\/www.oceanum.es\\\/?page_id=541#breadcrumb\",\"itemListElement\":[{\"@type\":\"ListItem\",\"position\":1,\"name\":\"Portada\",\"item\":\"https:\\\/\\\/www.oceanum.es\\\/\"},{\"@type\":\"ListItem\",\"position\":2,\"name\":\"Traje seco\"}]},{\"@type\":\"WebSite\",\"@id\":\"https:\\\/\\\/www.oceanum.es\\\/#website\",\"url\":\"https:\\\/\\\/www.oceanum.es\\\/\",\"name\":\"Oceanum Diving Experiences\",\"description\":\"Otra forma de Bucear\",\"potentialAction\":[{\"@type\":\"SearchAction\",\"target\":{\"@type\":\"EntryPoint\",\"urlTemplate\":\"https:\\\/\\\/www.oceanum.es\\\/?s={search_term_string}\"},\"query-input\":{\"@type\":\"PropertyValueSpecification\",\"valueRequired\":true,\"valueName\":\"search_term_string\"}}],\"inLanguage\":\"es\"}]}<\/script>","yoast_head_json":{"title":"Traje seco - Oceanum Diving Experiences","robots":{"index":"index","follow":"follow","max-snippet":"max-snippet:-1","max-image-preview":"max-image-preview:large","max-video-preview":"max-video-preview:-1"},"canonical":"https:\/\/www.oceanum.es\/?page_id=541","og_locale":"es_ES","og_type":"article","og_title":"Traje seco - Oceanum Diving Experiences","og_description":"Objetivo El programa d esta certificaci\u00f3n est\u00e1 dise\u00f1ado para aportar al buceador los conocimientos de uso,cuidado y el tratamiento del traje seco. \u00bfA que profundidad se puede llegar esta certificaci\u00f3n? La profundidad m\u00e1xima para esta certificaci\u00f3n es de 40 metros. Pre-requisitos para acceder a esta certificaci\u00f3n Circuito abierto (OC) Poseer la certificaci\u00f3n\u00a0Open Water Diver\u00a0o equivalente. Tener un m\u00ednimo de 18 a\u00f1os o 15 a\u00f1os con permiso paterno. Rebreather (SCR, CCR)Leer m\u00e1s","og_url":"https:\/\/www.oceanum.es\/?page_id=541","og_site_name":"Oceanum Diving Experiences","article_publisher":"https:\/\/www.facebook.com\/OceanumDiving\/","article_modified_time":"2018-06-25T11:04:53+00:00","og_image":[{"url":"https:\/\/www.oceanum.es\/wp-content\/uploads\/2018\/05\/traje-seco-196x300.gif","type":"","width":"","height":""}],"twitter_card":"summary_large_image","twitter_site":"@OceanumDiving","twitter_misc":{"Tiempo de lectura":"1 minuto"},"schema":{"@context":"https:\/\/schema.org","@graph":[{"@type":"WebPage","@id":"https:\/\/www.oceanum.es\/?page_id=541","url":"https:\/\/www.oceanum.es\/?page_id=541","name":"Traje seco - Oceanum Diving Experiences","isPartOf":{"@id":"https:\/\/www.oceanum.es\/#website"},"primaryImageOfPage":{"@id":"https:\/\/www.oceanum.es\/?page_id=541#primaryimage"},"image":{"@id":"https:\/\/www.oceanum.es\/?page_id=541#primaryimage"},"thumbnailUrl":"https:\/\/www.oceanum.es\/wp-content\/uploads\/2018\/05\/traje-seco-196x300.gif","datePublished":"2018-05-25T18:45:30+00:00","dateModified":"2018-06-25T11:04:53+00:00","breadcrumb":{"@id":"https:\/\/www.oceanum.es\/?page_id=541#breadcrumb"},"inLanguage":"es","potentialAction":[{"@type":"ReadAction","target":["https:\/\/www.oceanum.es\/?page_id=541"]}]},{"@type":"ImageObject","inLanguage":"es","@id":"https:\/\/www.oceanum.es\/?page_id=541#primaryimage","url":"https:\/\/www.oceanum.es\/wp-content\/uploads\/2018\/05\/traje-seco.gif","contentUrl":"https:\/\/www.oceanum.es\/wp-content\/uploads\/2018\/05\/traje-seco.gif","width":239,"height":366},{"@type":"BreadcrumbList","@id":"https:\/\/www.oceanum.es\/?page_id=541#breadcrumb","itemListElement":[{"@type":"ListItem","position":1,"name":"Portada","item":"https:\/\/www.oceanum.es\/"},{"@type":"ListItem","position":2,"name":"Traje seco"}]},{"@type":"WebSite","@id":"https:\/\/www.oceanum.es\/#website","url":"https:\/\/www.oceanum.es\/","name":"Oceanum Diving Experiences","description":"Otra forma de Bucear","potentialAction":[{"@type":"SearchAction","target":{"@type":"EntryPoint","urlTemplate":"https:\/\/www.oceanum.es\/?s={search_term_string}"},"query-input":{"@type":"PropertyValueSpecification","valueRequired":true,"valueName":"search_term_string"}}],"inLanguage":"es"}]}},"amp_enabled":true,"_links":{"self":[{"href":"https:\/\/www.oceanum.es\/index.php?rest_route=\/wp\/v2\/pages\/541","targetHints":{"allow":["GET"]}}],"collection":[{"href":"https:\/\/www.oceanum.es\/index.php?rest_route=\/wp\/v2\/pages"}],"about":[{"href":"https:\/\/www.oceanum.es\/index.php?rest_route=\/wp\/v2\/types\/page"}],"author":[{"embeddable":true,"href":"https:\/\/www.oceanum.es\/index.php?rest_route=\/wp\/v2\/users\/1"}],"replies":[{"embeddable":true,"href":"https:\/\/www.oceanum.es\/index.php?rest_route=%2Fwp%2Fv2%2Fcomments&post=541"}],"version-history":[{"count":7,"href":"https:\/\/www.oceanum.es\/index.php?rest_route=\/wp\/v2\/pages\/541\/revisions"}],"predecessor-version":[{"id":1018,"href":"https:\/\/www.oceanum.es\/index.php?rest_route=\/wp\/v2\/pages\/541\/revisions\/1018"}],"wp:attachment":[{"href":"https:\/\/www.oceanum.es\/index.php?rest_route=%2Fwp%2Fv2%2Fmedia&parent=541"}],"curies":[{"name":"wp","href":"https:\/\/api.w.org\/{rel}","templated":true}]}}