{"id":538,"date":"2018-05-25T18:45:30","date_gmt":"2018-05-25T18:45:30","guid":{"rendered":"https:\/\/www.oceanum.es\/?page_id=538"},"modified":"2018-06-24T14:37:24","modified_gmt":"2018-06-24T14:37:24","slug":"busqueda-y-recuperacion","status":"publish","type":"page","link":"https:\/\/www.oceanum.es\/?page_id=538","title":{"rendered":"B\u00fasqueda y recuperaci\u00f3n"},"content":{"rendered":"<p><img decoding=\"async\" class=\"size-full wp-image-899 alignleft\" src=\"https:\/\/www.oceanum.es\/wp-content\/uploads\/2018\/06\/SrchandRecov2forDVD.jpg\" alt=\"\" width=\"160\" height=\"160\" srcset=\"https:\/\/www.oceanum.es\/wp-content\/uploads\/2018\/06\/SrchandRecov2forDVD.jpg 160w, https:\/\/www.oceanum.es\/wp-content\/uploads\/2018\/06\/SrchandRecov2forDVD-100x100.jpg 100w, https:\/\/www.oceanum.es\/wp-content\/uploads\/2018\/06\/SrchandRecov2forDVD-150x150.jpg 150w\" sizes=\"(max-width: 160px) 100vw, 160px\" \/>Pasas tiempo cerca del agua (como buceador \u00bfc\u00f3mo vas a evitarlo?) y antes o despu\u00e9s, te encontrar\u00e1s con alguien que pierde algo bajo el agua. Si est\u00e1s buscando el reto y la emoci\u00f3n, adem\u00e1s de hacer algo \u00fatil un d\u00eda, el curso de especialidad PADI Search and Recovery es para ti. Te ofrece las t\u00e9cnicas que necesitas para encontrar lo que se ha perdido, y c\u00f3mo llevarlo a la superficie.<\/p>\n<p>En el curso de especialidad PADI Search and Recovery, aprendes planificaci\u00f3n, organizaci\u00f3n, t\u00e9cnicas y procedimientos del buceo de b\u00fasqueda y recuperaci\u00f3n y c\u00f3mo tratar los posibles problemas. Aprendes c\u00f3mo localizar objetos grandes y peque\u00f1os utilizando trazados de b\u00fasqueda y diferentes formas de elevar esos objetos hasta la superficie. Estas t\u00e9cnicas no s\u00f3lo te hacen m\u00e1s capaz y seguro en el agua, sino que la mayor\u00eda de los buceadores de b\u00fasqueda y recuperaci\u00f3n terminan eventualmente buscando y recuperando algo que ellos mismos han perdido.<\/p>\n<p>T\u00e9cnicas en visibilidad reducida y navegaci\u00f3n para la b\u00fasqueda y recuperaci\u00f3n. Trazados de b\u00fasqueda, uso de globos elevadores y m\u00e9todos de recuperaci\u00f3n.<br \/>\n<a href=\"https:\/\/www.oceanum.es\/?page_id=419\"><img decoding=\"async\" class=\"alignright\" src=\"https:\/\/www.oceanum.es\/wp-content\/uploads\/2018\/06\/flecha2.gif\" alt=\"\" width=\"43\" height=\"32\" \/><\/a><\/p>\n","protected":false},"excerpt":{"rendered":"<p>Pasas tiempo cerca del agua (como buceador \u00bfc\u00f3mo vas a evitarlo?) y antes o despu\u00e9s, te encontrar\u00e1s con alguien que pierde algo bajo el agua. Si est\u00e1s buscando el reto y la emoci\u00f3n, adem\u00e1s de hacer algo \u00fatil un d\u00eda, el curso de especialidad PADI Search and Recovery es para ti. Te ofrece las t\u00e9cnicas que necesitas para encontrar lo que se ha perdido, y c\u00f3mo llevarlo a la superficie.<\/p>\n<p><a class=\"more-link\" href=\"https:\/\/www.oceanum.es\/?page_id=538\">Leer m\u00e1s<\/a><\/p>\n","protected":false},"author":1,"featured_media":0,"parent":0,"menu_order":0,"comment_status":"closed","ping_status":"closed","template":"","meta":{"footnotes":""},"class_list":["post-538","page","type-page","status-publish","hentry"],"yoast_head":"<title>B\u00fasqueda y recuperaci\u00f3n - Oceanum Diving Experiences<\/title>\n<meta name=\"robots\" content=\"index, follow, max-snippet:-1, max-image-preview:large, max-video-preview:-1\" \/>\n<link rel=\"canonical\" href=\"https:\/\/www.oceanum.es\/?page_id=538\" \/>\n<meta property=\"og:locale\" content=\"es_ES\" \/>\n<meta property=\"og:type\" content=\"article\" \/>\n<meta property=\"og:title\" content=\"B\u00fasqueda y recuperaci\u00f3n - Oceanum Diving Experiences\" \/>\n<meta property=\"og:description\" content=\"Pasas tiempo cerca del agua (como buceador \u00bfc\u00f3mo vas a evitarlo?) y antes o despu\u00e9s, te encontrar\u00e1s con alguien que pierde algo bajo el agua. Si est\u00e1s buscando el reto y la emoci\u00f3n, adem\u00e1s de hacer algo \u00fatil un d\u00eda, el curso de especialidad PADI Search and Recovery es para ti. Te ofrece las t\u00e9cnicas que necesitas para encontrar lo que se ha perdido, y c\u00f3mo llevarlo a la superficie.Leer m\u00e1s\" \/>\n<meta property=\"og:url\" content=\"https:\/\/www.oceanum.es\/?page_id=538\" \/>\n<meta property=\"og:site_name\" content=\"Oceanum Diving Experiences\" \/>\n<meta property=\"article:publisher\" content=\"https:\/\/www.facebook.com\/OceanumDiving\/\" \/>\n<meta property=\"article:modified_time\" content=\"2018-06-24T14:37:24+00:00\" \/>\n<meta property=\"og:image\" content=\"https:\/\/www.oceanum.es\/wp-content\/uploads\/2018\/06\/SrchandRecov2forDVD.jpg\" \/>\n<meta name=\"twitter:card\" content=\"summary_large_image\" \/>\n<meta name=\"twitter:site\" content=\"@OceanumDiving\" \/>\n<meta name=\"twitter:label1\" content=\"Tiempo de lectura\" \/>\n\t<meta name=\"twitter:data1\" content=\"1 minuto\" \/>\n<script type=\"application\/ld+json\" class=\"yoast-schema-graph\">{\"@context\":\"https:\\\/\\\/schema.org\",\"@graph\":[{\"@type\":\"WebPage\",\"@id\":\"https:\\\/\\\/www.oceanum.es\\\/?page_id=538\",\"url\":\"https:\\\/\\\/www.oceanum.es\\\/?page_id=538\",\"name\":\"B\u00fasqueda y recuperaci\u00f3n - Oceanum Diving Experiences\",\"isPartOf\":{\"@id\":\"https:\\\/\\\/www.oceanum.es\\\/#website\"},\"primaryImageOfPage\":{\"@id\":\"https:\\\/\\\/www.oceanum.es\\\/?page_id=538#primaryimage\"},\"image\":{\"@id\":\"https:\\\/\\\/www.oceanum.es\\\/?page_id=538#primaryimage\"},\"thumbnailUrl\":\"https:\\\/\\\/www.oceanum.es\\\/wp-content\\\/uploads\\\/2018\\\/06\\\/SrchandRecov2forDVD.jpg\",\"datePublished\":\"2018-05-25T18:45:30+00:00\",\"dateModified\":\"2018-06-24T14:37:24+00:00\",\"breadcrumb\":{\"@id\":\"https:\\\/\\\/www.oceanum.es\\\/?page_id=538#breadcrumb\"},\"inLanguage\":\"es\",\"potentialAction\":[{\"@type\":\"ReadAction\",\"target\":[\"https:\\\/\\\/www.oceanum.es\\\/?page_id=538\"]}]},{\"@type\":\"ImageObject\",\"inLanguage\":\"es\",\"@id\":\"https:\\\/\\\/www.oceanum.es\\\/?page_id=538#primaryimage\",\"url\":\"https:\\\/\\\/www.oceanum.es\\\/wp-content\\\/uploads\\\/2018\\\/06\\\/SrchandRecov2forDVD.jpg\",\"contentUrl\":\"https:\\\/\\\/www.oceanum.es\\\/wp-content\\\/uploads\\\/2018\\\/06\\\/SrchandRecov2forDVD.jpg\",\"width\":160,\"height\":160},{\"@type\":\"BreadcrumbList\",\"@id\":\"https:\\\/\\\/www.oceanum.es\\\/?page_id=538#breadcrumb\",\"itemListElement\":[{\"@type\":\"ListItem\",\"position\":1,\"name\":\"Portada\",\"item\":\"https:\\\/\\\/www.oceanum.es\\\/\"},{\"@type\":\"ListItem\",\"position\":2,\"name\":\"B\u00fasqueda y recuperaci\u00f3n\"}]},{\"@type\":\"WebSite\",\"@id\":\"https:\\\/\\\/www.oceanum.es\\\/#website\",\"url\":\"https:\\\/\\\/www.oceanum.es\\\/\",\"name\":\"Oceanum Diving Experiences\",\"description\":\"Otra forma de Bucear\",\"potentialAction\":[{\"@type\":\"SearchAction\",\"target\":{\"@type\":\"EntryPoint\",\"urlTemplate\":\"https:\\\/\\\/www.oceanum.es\\\/?s={search_term_string}\"},\"query-input\":{\"@type\":\"PropertyValueSpecification\",\"valueRequired\":true,\"valueName\":\"search_term_string\"}}],\"inLanguage\":\"es\"}]}<\/script>","yoast_head_json":{"title":"B\u00fasqueda y recuperaci\u00f3n - Oceanum Diving Experiences","robots":{"index":"index","follow":"follow","max-snippet":"max-snippet:-1","max-image-preview":"max-image-preview:large","max-video-preview":"max-video-preview:-1"},"canonical":"https:\/\/www.oceanum.es\/?page_id=538","og_locale":"es_ES","og_type":"article","og_title":"B\u00fasqueda y recuperaci\u00f3n - Oceanum Diving Experiences","og_description":"Pasas tiempo cerca del agua (como buceador \u00bfc\u00f3mo vas a evitarlo?) y antes o despu\u00e9s, te encontrar\u00e1s con alguien que pierde algo bajo el agua. Si est\u00e1s buscando el reto y la emoci\u00f3n, adem\u00e1s de hacer algo \u00fatil un d\u00eda, el curso de especialidad PADI Search and Recovery es para ti. Te ofrece las t\u00e9cnicas que necesitas para encontrar lo que se ha perdido, y c\u00f3mo llevarlo a la superficie.Leer m\u00e1s","og_url":"https:\/\/www.oceanum.es\/?page_id=538","og_site_name":"Oceanum Diving Experiences","article_publisher":"https:\/\/www.facebook.com\/OceanumDiving\/","article_modified_time":"2018-06-24T14:37:24+00:00","og_image":[{"url":"https:\/\/www.oceanum.es\/wp-content\/uploads\/2018\/06\/SrchandRecov2forDVD.jpg","type":"","width":"","height":""}],"twitter_card":"summary_large_image","twitter_site":"@OceanumDiving","twitter_misc":{"Tiempo de lectura":"1 minuto"},"schema":{"@context":"https:\/\/schema.org","@graph":[{"@type":"WebPage","@id":"https:\/\/www.oceanum.es\/?page_id=538","url":"https:\/\/www.oceanum.es\/?page_id=538","name":"B\u00fasqueda y recuperaci\u00f3n - Oceanum Diving Experiences","isPartOf":{"@id":"https:\/\/www.oceanum.es\/#website"},"primaryImageOfPage":{"@id":"https:\/\/www.oceanum.es\/?page_id=538#primaryimage"},"image":{"@id":"https:\/\/www.oceanum.es\/?page_id=538#primaryimage"},"thumbnailUrl":"https:\/\/www.oceanum.es\/wp-content\/uploads\/2018\/06\/SrchandRecov2forDVD.jpg","datePublished":"2018-05-25T18:45:30+00:00","dateModified":"2018-06-24T14:37:24+00:00","breadcrumb":{"@id":"https:\/\/www.oceanum.es\/?page_id=538#breadcrumb"},"inLanguage":"es","potentialAction":[{"@type":"ReadAction","target":["https:\/\/www.oceanum.es\/?page_id=538"]}]},{"@type":"ImageObject","inLanguage":"es","@id":"https:\/\/www.oceanum.es\/?page_id=538#primaryimage","url":"https:\/\/www.oceanum.es\/wp-content\/uploads\/2018\/06\/SrchandRecov2forDVD.jpg","contentUrl":"https:\/\/www.oceanum.es\/wp-content\/uploads\/2018\/06\/SrchandRecov2forDVD.jpg","width":160,"height":160},{"@type":"BreadcrumbList","@id":"https:\/\/www.oceanum.es\/?page_id=538#breadcrumb","itemListElement":[{"@type":"ListItem","position":1,"name":"Portada","item":"https:\/\/www.oceanum.es\/"},{"@type":"ListItem","position":2,"name":"B\u00fasqueda y recuperaci\u00f3n"}]},{"@type":"WebSite","@id":"https:\/\/www.oceanum.es\/#website","url":"https:\/\/www.oceanum.es\/","name":"Oceanum Diving Experiences","description":"Otra forma de Bucear","potentialAction":[{"@type":"SearchAction","target":{"@type":"EntryPoint","urlTemplate":"https:\/\/www.oceanum.es\/?s={search_term_string}"},"query-input":{"@type":"PropertyValueSpecification","valueRequired":true,"valueName":"search_term_string"}}],"inLanguage":"es"}]}},"amp_enabled":true,"_links":{"self":[{"href":"https:\/\/www.oceanum.es\/index.php?rest_route=\/wp\/v2\/pages\/538","targetHints":{"allow":["GET"]}}],"collection":[{"href":"https:\/\/www.oceanum.es\/index.php?rest_route=\/wp\/v2\/pages"}],"about":[{"href":"https:\/\/www.oceanum.es\/index.php?rest_route=\/wp\/v2\/types\/page"}],"author":[{"embeddable":true,"href":"https:\/\/www.oceanum.es\/index.php?rest_route=\/wp\/v2\/users\/1"}],"replies":[{"embeddable":true,"href":"https:\/\/www.oceanum.es\/index.php?rest_route=%2Fwp%2Fv2%2Fcomments&post=538"}],"version-history":[{"count":4,"href":"https:\/\/www.oceanum.es\/index.php?rest_route=\/wp\/v2\/pages\/538\/revisions"}],"predecessor-version":[{"id":903,"href":"https:\/\/www.oceanum.es\/index.php?rest_route=\/wp\/v2\/pages\/538\/revisions\/903"}],"wp:attachment":[{"href":"https:\/\/www.oceanum.es\/index.php?rest_route=%2Fwp%2Fv2%2Fmedia&parent=538"}],"curies":[{"name":"wp","href":"https:\/\/api.w.org\/{rel}","templated":true}]}}