{"id":537,"date":"2018-05-25T18:45:30","date_gmt":"2018-05-25T18:45:30","guid":{"rendered":"https:\/\/www.oceanum.es\/?page_id=537"},"modified":"2018-06-24T12:33:08","modified_gmt":"2018-06-24T12:33:08","slug":"orientacion","status":"publish","type":"page","link":"https:\/\/www.oceanum.es\/?page_id=537","title":{"rendered":"Orientaci\u00f3n"},"content":{"rendered":"<p><img decoding=\"async\" class=\" wp-image-526 alignleft\" style=\"margin-top: 0.857143rem; margin-right: 1.71429rem; margin-bottom: 0.857143rem;\" src=\"https:\/\/www.oceanum.es\/wp-content\/uploads\/2018\/05\/orientaci\u00f3n.gif\" alt=\"\" width=\"194\" height=\"144\" \/><br \/>\nPara evitar equivocarte al regresar al punto de origen de tu inmersi\u00f3n, salir en la playa de al lado o no encontrar los restos del barco hundido que buscabas, se ha desarrollado esta especialidad.<\/p>\n<p>En la que aprenderas las t\u00e9cnicas y conocimientos necesarios para la navegaci\u00f3n subacu\u00e1tica.<\/p>\n<p>La inmersi\u00f3n com\u00fan de Navegaci\u00f3n realizada durante el programa Advanced es tenida en cuenta para esta especialidad.<\/p>\n<p><strong>Duraci\u00f3n:<\/strong> dos d\u00edas, 2 sesiones de teor\u00eda y 3 inmersiones de entrenamiento en aguas abiertas.<br \/>\n<a href=\"https:\/\/www.oceanum.es\/?page_id=419\"><img decoding=\"async\" class=\"alignright\" src=\"https:\/\/www.oceanum.es\/wp-content\/uploads\/2018\/06\/flecha2.gif\" alt=\"\" width=\"43\" height=\"32\" \/><\/a><\/p>\n","protected":false},"excerpt":{"rendered":"<p>Para evitar equivocarte al regresar al punto de origen de tu inmersi\u00f3n, salir en la playa de al lado o no encontrar los restos del barco hundido que buscabas, se ha desarrollado esta especialidad. En la que aprenderas las t\u00e9cnicas y conocimientos necesarios para la navegaci\u00f3n subacu\u00e1tica. La inmersi\u00f3n com\u00fan de Navegaci\u00f3n realizada durante el programa Advanced es tenida en cuenta para esta especialidad. Duraci\u00f3n: dos d\u00edas, 2 sesiones de<\/p>\n<p><a class=\"more-link\" href=\"https:\/\/www.oceanum.es\/?page_id=537\">Leer m\u00e1s<\/a><\/p>\n","protected":false},"author":1,"featured_media":0,"parent":0,"menu_order":0,"comment_status":"closed","ping_status":"closed","template":"","meta":{"footnotes":""},"class_list":["post-537","page","type-page","status-publish","hentry"],"yoast_head":"<title>Orientaci\u00f3n - Oceanum Diving Experiences<\/title>\n<meta name=\"robots\" content=\"index, follow, max-snippet:-1, max-image-preview:large, max-video-preview:-1\" \/>\n<link rel=\"canonical\" href=\"https:\/\/www.oceanum.es\/?page_id=537\" \/>\n<meta property=\"og:locale\" content=\"es_ES\" \/>\n<meta property=\"og:type\" content=\"article\" \/>\n<meta property=\"og:title\" content=\"Orientaci\u00f3n - Oceanum Diving Experiences\" \/>\n<meta property=\"og:description\" content=\"Para evitar equivocarte al regresar al punto de origen de tu inmersi\u00f3n, salir en la playa de al lado o no encontrar los restos del barco hundido que buscabas, se ha desarrollado esta especialidad. En la que aprenderas las t\u00e9cnicas y conocimientos necesarios para la navegaci\u00f3n subacu\u00e1tica. La inmersi\u00f3n com\u00fan de Navegaci\u00f3n realizada durante el programa Advanced es tenida en cuenta para esta especialidad. Duraci\u00f3n: dos d\u00edas, 2 sesiones deLeer m\u00e1s\" \/>\n<meta property=\"og:url\" content=\"https:\/\/www.oceanum.es\/?page_id=537\" \/>\n<meta property=\"og:site_name\" content=\"Oceanum Diving Experiences\" \/>\n<meta property=\"article:publisher\" content=\"https:\/\/www.facebook.com\/OceanumDiving\/\" \/>\n<meta property=\"article:modified_time\" content=\"2018-06-24T12:33:08+00:00\" \/>\n<meta property=\"og:image\" content=\"https:\/\/www.oceanum.es\/wp-content\/uploads\/2018\/06\/flecha2.gif\" \/>\n<meta name=\"twitter:card\" content=\"summary_large_image\" \/>\n<meta name=\"twitter:site\" content=\"@OceanumDiving\" \/>\n<script type=\"application\/ld+json\" class=\"yoast-schema-graph\">{\"@context\":\"https:\\\/\\\/schema.org\",\"@graph\":[{\"@type\":\"WebPage\",\"@id\":\"https:\\\/\\\/www.oceanum.es\\\/?page_id=537\",\"url\":\"https:\\\/\\\/www.oceanum.es\\\/?page_id=537\",\"name\":\"Orientaci\u00f3n - Oceanum Diving Experiences\",\"isPartOf\":{\"@id\":\"https:\\\/\\\/www.oceanum.es\\\/#website\"},\"primaryImageOfPage\":{\"@id\":\"https:\\\/\\\/www.oceanum.es\\\/?page_id=537#primaryimage\"},\"image\":{\"@id\":\"https:\\\/\\\/www.oceanum.es\\\/?page_id=537#primaryimage\"},\"thumbnailUrl\":\"https:\\\/\\\/www.oceanum.es\\\/wp-content\\\/uploads\\\/2018\\\/06\\\/flecha2.gif\",\"datePublished\":\"2018-05-25T18:45:30+00:00\",\"dateModified\":\"2018-06-24T12:33:08+00:00\",\"breadcrumb\":{\"@id\":\"https:\\\/\\\/www.oceanum.es\\\/?page_id=537#breadcrumb\"},\"inLanguage\":\"es\",\"potentialAction\":[{\"@type\":\"ReadAction\",\"target\":[\"https:\\\/\\\/www.oceanum.es\\\/?page_id=537\"]}]},{\"@type\":\"ImageObject\",\"inLanguage\":\"es\",\"@id\":\"https:\\\/\\\/www.oceanum.es\\\/?page_id=537#primaryimage\",\"url\":\"https:\\\/\\\/www.oceanum.es\\\/wp-content\\\/uploads\\\/2018\\\/06\\\/flecha2.gif\",\"contentUrl\":\"https:\\\/\\\/www.oceanum.es\\\/wp-content\\\/uploads\\\/2018\\\/06\\\/flecha2.gif\",\"width\":43,\"height\":32},{\"@type\":\"BreadcrumbList\",\"@id\":\"https:\\\/\\\/www.oceanum.es\\\/?page_id=537#breadcrumb\",\"itemListElement\":[{\"@type\":\"ListItem\",\"position\":1,\"name\":\"Portada\",\"item\":\"https:\\\/\\\/www.oceanum.es\\\/\"},{\"@type\":\"ListItem\",\"position\":2,\"name\":\"Orientaci\u00f3n\"}]},{\"@type\":\"WebSite\",\"@id\":\"https:\\\/\\\/www.oceanum.es\\\/#website\",\"url\":\"https:\\\/\\\/www.oceanum.es\\\/\",\"name\":\"Oceanum Diving Experiences\",\"description\":\"Otra forma de Bucear\",\"potentialAction\":[{\"@type\":\"SearchAction\",\"target\":{\"@type\":\"EntryPoint\",\"urlTemplate\":\"https:\\\/\\\/www.oceanum.es\\\/?s={search_term_string}\"},\"query-input\":{\"@type\":\"PropertyValueSpecification\",\"valueRequired\":true,\"valueName\":\"search_term_string\"}}],\"inLanguage\":\"es\"}]}<\/script>","yoast_head_json":{"title":"Orientaci\u00f3n - Oceanum Diving Experiences","robots":{"index":"index","follow":"follow","max-snippet":"max-snippet:-1","max-image-preview":"max-image-preview:large","max-video-preview":"max-video-preview:-1"},"canonical":"https:\/\/www.oceanum.es\/?page_id=537","og_locale":"es_ES","og_type":"article","og_title":"Orientaci\u00f3n - Oceanum Diving Experiences","og_description":"Para evitar equivocarte al regresar al punto de origen de tu inmersi\u00f3n, salir en la playa de al lado o no encontrar los restos del barco hundido que buscabas, se ha desarrollado esta especialidad. En la que aprenderas las t\u00e9cnicas y conocimientos necesarios para la navegaci\u00f3n subacu\u00e1tica. La inmersi\u00f3n com\u00fan de Navegaci\u00f3n realizada durante el programa Advanced es tenida en cuenta para esta especialidad. Duraci\u00f3n: dos d\u00edas, 2 sesiones deLeer m\u00e1s","og_url":"https:\/\/www.oceanum.es\/?page_id=537","og_site_name":"Oceanum Diving Experiences","article_publisher":"https:\/\/www.facebook.com\/OceanumDiving\/","article_modified_time":"2018-06-24T12:33:08+00:00","og_image":[{"url":"https:\/\/www.oceanum.es\/wp-content\/uploads\/2018\/06\/flecha2.gif","type":"","width":"","height":""}],"twitter_card":"summary_large_image","twitter_site":"@OceanumDiving","schema":{"@context":"https:\/\/schema.org","@graph":[{"@type":"WebPage","@id":"https:\/\/www.oceanum.es\/?page_id=537","url":"https:\/\/www.oceanum.es\/?page_id=537","name":"Orientaci\u00f3n - Oceanum Diving Experiences","isPartOf":{"@id":"https:\/\/www.oceanum.es\/#website"},"primaryImageOfPage":{"@id":"https:\/\/www.oceanum.es\/?page_id=537#primaryimage"},"image":{"@id":"https:\/\/www.oceanum.es\/?page_id=537#primaryimage"},"thumbnailUrl":"https:\/\/www.oceanum.es\/wp-content\/uploads\/2018\/06\/flecha2.gif","datePublished":"2018-05-25T18:45:30+00:00","dateModified":"2018-06-24T12:33:08+00:00","breadcrumb":{"@id":"https:\/\/www.oceanum.es\/?page_id=537#breadcrumb"},"inLanguage":"es","potentialAction":[{"@type":"ReadAction","target":["https:\/\/www.oceanum.es\/?page_id=537"]}]},{"@type":"ImageObject","inLanguage":"es","@id":"https:\/\/www.oceanum.es\/?page_id=537#primaryimage","url":"https:\/\/www.oceanum.es\/wp-content\/uploads\/2018\/06\/flecha2.gif","contentUrl":"https:\/\/www.oceanum.es\/wp-content\/uploads\/2018\/06\/flecha2.gif","width":43,"height":32},{"@type":"BreadcrumbList","@id":"https:\/\/www.oceanum.es\/?page_id=537#breadcrumb","itemListElement":[{"@type":"ListItem","position":1,"name":"Portada","item":"https:\/\/www.oceanum.es\/"},{"@type":"ListItem","position":2,"name":"Orientaci\u00f3n"}]},{"@type":"WebSite","@id":"https:\/\/www.oceanum.es\/#website","url":"https:\/\/www.oceanum.es\/","name":"Oceanum Diving Experiences","description":"Otra forma de Bucear","potentialAction":[{"@type":"SearchAction","target":{"@type":"EntryPoint","urlTemplate":"https:\/\/www.oceanum.es\/?s={search_term_string}"},"query-input":{"@type":"PropertyValueSpecification","valueRequired":true,"valueName":"search_term_string"}}],"inLanguage":"es"}]}},"amp_enabled":true,"_links":{"self":[{"href":"https:\/\/www.oceanum.es\/index.php?rest_route=\/wp\/v2\/pages\/537","targetHints":{"allow":["GET"]}}],"collection":[{"href":"https:\/\/www.oceanum.es\/index.php?rest_route=\/wp\/v2\/pages"}],"about":[{"href":"https:\/\/www.oceanum.es\/index.php?rest_route=\/wp\/v2\/types\/page"}],"author":[{"embeddable":true,"href":"https:\/\/www.oceanum.es\/index.php?rest_route=\/wp\/v2\/users\/1"}],"replies":[{"embeddable":true,"href":"https:\/\/www.oceanum.es\/index.php?rest_route=%2Fwp%2Fv2%2Fcomments&post=537"}],"version-history":[{"count":4,"href":"https:\/\/www.oceanum.es\/index.php?rest_route=\/wp\/v2\/pages\/537\/revisions"}],"predecessor-version":[{"id":891,"href":"https:\/\/www.oceanum.es\/index.php?rest_route=\/wp\/v2\/pages\/537\/revisions\/891"}],"wp:attachment":[{"href":"https:\/\/www.oceanum.es\/index.php?rest_route=%2Fwp%2Fv2%2Fmedia&parent=537"}],"curies":[{"name":"wp","href":"https:\/\/api.w.org\/{rel}","templated":true}]}}