{"id":533,"date":"2018-05-25T18:45:30","date_gmt":"2018-05-25T18:45:30","guid":{"rendered":"https:\/\/www.oceanum.es\/?page_id=533"},"modified":"2018-06-24T14:36:21","modified_gmt":"2018-06-24T14:36:21","slug":"mantenimiento-equipos","status":"publish","type":"page","link":"https:\/\/www.oceanum.es\/?page_id=533","title":{"rendered":"Mantenimiento Equipos"},"content":{"rendered":"<p><img decoding=\"async\" class=\"size-full wp-image-897 alignleft\" src=\"https:\/\/www.oceanum.es\/wp-content\/uploads\/2018\/06\/ApeksT20.gif\" alt=\"\" width=\"213\" height=\"130\" \/>Aprender\u00e1s como realizar el mantenimiento y la conservaci\u00f3n en perfecto estado de tu equipo de buceo.<\/p>\n<p>Adem\u00e1s de realizar peque\u00f1as reparaciones de urgencia.<\/p>\n<p>El curso consta de dos jornadas de teor\u00eda y pr\u00e1ctica guiada.<\/p>\n<p>Duraci\u00f3n: dos d\u00edas.<br \/>\n<a href=\"https:\/\/www.oceanum.es\/?page_id=419\"><img decoding=\"async\" class=\"alignright\" src=\"https:\/\/www.oceanum.es\/wp-content\/uploads\/2018\/06\/flecha2.gif\" alt=\"\" width=\"43\" height=\"32\" \/><\/a><\/p>\n","protected":false},"excerpt":{"rendered":"<p>Aprender\u00e1s como realizar el mantenimiento y la conservaci\u00f3n en perfecto estado de tu equipo de buceo. Adem\u00e1s de realizar peque\u00f1as reparaciones de urgencia. El curso consta de dos jornadas de teor\u00eda y pr\u00e1ctica guiada. Duraci\u00f3n: dos d\u00edas.<\/p>\n","protected":false},"author":1,"featured_media":0,"parent":0,"menu_order":0,"comment_status":"closed","ping_status":"closed","template":"","meta":{"footnotes":""},"class_list":["post-533","page","type-page","status-publish","hentry"],"yoast_head":"<title>Mantenimiento Equipos - Oceanum Diving Experiences<\/title>\n<meta name=\"robots\" content=\"index, follow, max-snippet:-1, max-image-preview:large, max-video-preview:-1\" \/>\n<link rel=\"canonical\" href=\"https:\/\/www.oceanum.es\/?page_id=533\" \/>\n<meta property=\"og:locale\" content=\"es_ES\" \/>\n<meta property=\"og:type\" content=\"article\" \/>\n<meta property=\"og:title\" content=\"Mantenimiento Equipos - Oceanum Diving Experiences\" \/>\n<meta property=\"og:description\" content=\"Aprender\u00e1s como realizar el mantenimiento y la conservaci\u00f3n en perfecto estado de tu equipo de buceo. Adem\u00e1s de realizar peque\u00f1as reparaciones de urgencia. El curso consta de dos jornadas de teor\u00eda y pr\u00e1ctica guiada. Duraci\u00f3n: dos d\u00edas.\" \/>\n<meta property=\"og:url\" content=\"https:\/\/www.oceanum.es\/?page_id=533\" \/>\n<meta property=\"og:site_name\" content=\"Oceanum Diving Experiences\" \/>\n<meta property=\"article:publisher\" content=\"https:\/\/www.facebook.com\/OceanumDiving\/\" \/>\n<meta property=\"article:modified_time\" content=\"2018-06-24T14:36:21+00:00\" \/>\n<meta property=\"og:image\" content=\"https:\/\/www.oceanum.es\/wp-content\/uploads\/2018\/06\/ApeksT20.gif\" \/>\n<meta name=\"twitter:card\" content=\"summary_large_image\" \/>\n<meta name=\"twitter:site\" content=\"@OceanumDiving\" \/>\n<script type=\"application\/ld+json\" class=\"yoast-schema-graph\">{\"@context\":\"https:\\\/\\\/schema.org\",\"@graph\":[{\"@type\":\"WebPage\",\"@id\":\"https:\\\/\\\/www.oceanum.es\\\/?page_id=533\",\"url\":\"https:\\\/\\\/www.oceanum.es\\\/?page_id=533\",\"name\":\"Mantenimiento Equipos - Oceanum Diving Experiences\",\"isPartOf\":{\"@id\":\"https:\\\/\\\/www.oceanum.es\\\/#website\"},\"primaryImageOfPage\":{\"@id\":\"https:\\\/\\\/www.oceanum.es\\\/?page_id=533#primaryimage\"},\"image\":{\"@id\":\"https:\\\/\\\/www.oceanum.es\\\/?page_id=533#primaryimage\"},\"thumbnailUrl\":\"https:\\\/\\\/www.oceanum.es\\\/wp-content\\\/uploads\\\/2018\\\/06\\\/ApeksT20.gif\",\"datePublished\":\"2018-05-25T18:45:30+00:00\",\"dateModified\":\"2018-06-24T14:36:21+00:00\",\"breadcrumb\":{\"@id\":\"https:\\\/\\\/www.oceanum.es\\\/?page_id=533#breadcrumb\"},\"inLanguage\":\"es\",\"potentialAction\":[{\"@type\":\"ReadAction\",\"target\":[\"https:\\\/\\\/www.oceanum.es\\\/?page_id=533\"]}]},{\"@type\":\"ImageObject\",\"inLanguage\":\"es\",\"@id\":\"https:\\\/\\\/www.oceanum.es\\\/?page_id=533#primaryimage\",\"url\":\"https:\\\/\\\/www.oceanum.es\\\/wp-content\\\/uploads\\\/2018\\\/06\\\/ApeksT20.gif\",\"contentUrl\":\"https:\\\/\\\/www.oceanum.es\\\/wp-content\\\/uploads\\\/2018\\\/06\\\/ApeksT20.gif\",\"width\":213,\"height\":130},{\"@type\":\"BreadcrumbList\",\"@id\":\"https:\\\/\\\/www.oceanum.es\\\/?page_id=533#breadcrumb\",\"itemListElement\":[{\"@type\":\"ListItem\",\"position\":1,\"name\":\"Portada\",\"item\":\"https:\\\/\\\/www.oceanum.es\\\/\"},{\"@type\":\"ListItem\",\"position\":2,\"name\":\"Mantenimiento Equipos\"}]},{\"@type\":\"WebSite\",\"@id\":\"https:\\\/\\\/www.oceanum.es\\\/#website\",\"url\":\"https:\\\/\\\/www.oceanum.es\\\/\",\"name\":\"Oceanum Diving Experiences\",\"description\":\"Otra forma de Bucear\",\"potentialAction\":[{\"@type\":\"SearchAction\",\"target\":{\"@type\":\"EntryPoint\",\"urlTemplate\":\"https:\\\/\\\/www.oceanum.es\\\/?s={search_term_string}\"},\"query-input\":{\"@type\":\"PropertyValueSpecification\",\"valueRequired\":true,\"valueName\":\"search_term_string\"}}],\"inLanguage\":\"es\"}]}<\/script>","yoast_head_json":{"title":"Mantenimiento Equipos - Oceanum Diving Experiences","robots":{"index":"index","follow":"follow","max-snippet":"max-snippet:-1","max-image-preview":"max-image-preview:large","max-video-preview":"max-video-preview:-1"},"canonical":"https:\/\/www.oceanum.es\/?page_id=533","og_locale":"es_ES","og_type":"article","og_title":"Mantenimiento Equipos - Oceanum Diving Experiences","og_description":"Aprender\u00e1s como realizar el mantenimiento y la conservaci\u00f3n en perfecto estado de tu equipo de buceo. Adem\u00e1s de realizar peque\u00f1as reparaciones de urgencia. El curso consta de dos jornadas de teor\u00eda y pr\u00e1ctica guiada. Duraci\u00f3n: dos d\u00edas.","og_url":"https:\/\/www.oceanum.es\/?page_id=533","og_site_name":"Oceanum Diving Experiences","article_publisher":"https:\/\/www.facebook.com\/OceanumDiving\/","article_modified_time":"2018-06-24T14:36:21+00:00","og_image":[{"url":"https:\/\/www.oceanum.es\/wp-content\/uploads\/2018\/06\/ApeksT20.gif","type":"","width":"","height":""}],"twitter_card":"summary_large_image","twitter_site":"@OceanumDiving","schema":{"@context":"https:\/\/schema.org","@graph":[{"@type":"WebPage","@id":"https:\/\/www.oceanum.es\/?page_id=533","url":"https:\/\/www.oceanum.es\/?page_id=533","name":"Mantenimiento Equipos - Oceanum Diving Experiences","isPartOf":{"@id":"https:\/\/www.oceanum.es\/#website"},"primaryImageOfPage":{"@id":"https:\/\/www.oceanum.es\/?page_id=533#primaryimage"},"image":{"@id":"https:\/\/www.oceanum.es\/?page_id=533#primaryimage"},"thumbnailUrl":"https:\/\/www.oceanum.es\/wp-content\/uploads\/2018\/06\/ApeksT20.gif","datePublished":"2018-05-25T18:45:30+00:00","dateModified":"2018-06-24T14:36:21+00:00","breadcrumb":{"@id":"https:\/\/www.oceanum.es\/?page_id=533#breadcrumb"},"inLanguage":"es","potentialAction":[{"@type":"ReadAction","target":["https:\/\/www.oceanum.es\/?page_id=533"]}]},{"@type":"ImageObject","inLanguage":"es","@id":"https:\/\/www.oceanum.es\/?page_id=533#primaryimage","url":"https:\/\/www.oceanum.es\/wp-content\/uploads\/2018\/06\/ApeksT20.gif","contentUrl":"https:\/\/www.oceanum.es\/wp-content\/uploads\/2018\/06\/ApeksT20.gif","width":213,"height":130},{"@type":"BreadcrumbList","@id":"https:\/\/www.oceanum.es\/?page_id=533#breadcrumb","itemListElement":[{"@type":"ListItem","position":1,"name":"Portada","item":"https:\/\/www.oceanum.es\/"},{"@type":"ListItem","position":2,"name":"Mantenimiento Equipos"}]},{"@type":"WebSite","@id":"https:\/\/www.oceanum.es\/#website","url":"https:\/\/www.oceanum.es\/","name":"Oceanum Diving Experiences","description":"Otra forma de Bucear","potentialAction":[{"@type":"SearchAction","target":{"@type":"EntryPoint","urlTemplate":"https:\/\/www.oceanum.es\/?s={search_term_string}"},"query-input":{"@type":"PropertyValueSpecification","valueRequired":true,"valueName":"search_term_string"}}],"inLanguage":"es"}]}},"amp_enabled":true,"_links":{"self":[{"href":"https:\/\/www.oceanum.es\/index.php?rest_route=\/wp\/v2\/pages\/533","targetHints":{"allow":["GET"]}}],"collection":[{"href":"https:\/\/www.oceanum.es\/index.php?rest_route=\/wp\/v2\/pages"}],"about":[{"href":"https:\/\/www.oceanum.es\/index.php?rest_route=\/wp\/v2\/types\/page"}],"author":[{"embeddable":true,"href":"https:\/\/www.oceanum.es\/index.php?rest_route=\/wp\/v2\/users\/1"}],"replies":[{"embeddable":true,"href":"https:\/\/www.oceanum.es\/index.php?rest_route=%2Fwp%2Fv2%2Fcomments&post=533"}],"version-history":[{"count":5,"href":"https:\/\/www.oceanum.es\/index.php?rest_route=\/wp\/v2\/pages\/533\/revisions"}],"predecessor-version":[{"id":902,"href":"https:\/\/www.oceanum.es\/index.php?rest_route=\/wp\/v2\/pages\/533\/revisions\/902"}],"wp:attachment":[{"href":"https:\/\/www.oceanum.es\/index.php?rest_route=%2Fwp%2Fv2%2Fmedia&parent=533"}],"curies":[{"name":"wp","href":"https:\/\/api.w.org\/{rel}","templated":true}]}}