{"id":504,"date":"2018-05-25T17:37:23","date_gmt":"2018-05-25T17:37:23","guid":{"rendered":"https:\/\/www.oceanum.es\/?page_id=504"},"modified":"2018-06-24T15:53:58","modified_gmt":"2018-06-24T15:53:58","slug":"idc-staff","status":"publish","type":"page","link":"https:\/\/www.oceanum.es\/?page_id=504","title":{"rendered":"IDC Staff"},"content":{"rendered":"<p><img decoding=\"async\" class=\"size-full wp-image-484 alignleft\" style=\"margin-top: 0.857143rem; margin-right: 1.71429rem; margin-bottom: 0.857143rem;\" src=\"https:\/\/www.oceanum.es\/wp-content\/uploads\/2018\/05\/reu.gif\" alt=\"\" width=\"236\" height=\"157\" \/><br \/>\nVolver\u00e1s a asistir a un curso de desarrollo de Instructores, pero desde otro punto de vista, ya que tu formaci\u00f3n se centrar\u00e1 en aprender a ense\u00f1ar Asistentes de instructor y ayudar en la ense\u00f1anza de Instructores.<\/p>\n<p>En este punto comenzaras a ver el mundo\u00a0de la ense\u00f1anza desde otra perspectiva, la del formador de instructores.<br \/>\n<a href=\"https:\/\/www.oceanum.es\/?page_id=423\"><img decoding=\"async\" class=\"alignright\" src=\"https:\/\/www.oceanum.es\/wp-content\/uploads\/2018\/06\/flecha2.gif\" alt=\"\" width=\"43\" height=\"32\" \/><\/a><\/p>\n","protected":false},"excerpt":{"rendered":"<p>Volver\u00e1s a asistir a un curso de desarrollo de Instructores, pero desde otro punto de vista, ya que tu formaci\u00f3n se centrar\u00e1 en aprender a ense\u00f1ar Asistentes de instructor y ayudar en la ense\u00f1anza de Instructores. En este punto comenzaras a ver el mundo\u00a0de la ense\u00f1anza desde otra perspectiva, la del formador de instructores.<\/p>\n","protected":false},"author":1,"featured_media":0,"parent":0,"menu_order":0,"comment_status":"closed","ping_status":"closed","template":"","meta":{"footnotes":""},"class_list":["post-504","page","type-page","status-publish","hentry"],"yoast_head":"<title>IDC Staff - Oceanum Diving Experiences<\/title>\n<meta name=\"robots\" content=\"index, follow, max-snippet:-1, max-image-preview:large, max-video-preview:-1\" \/>\n<link rel=\"canonical\" href=\"https:\/\/www.oceanum.es\/?page_id=504\" \/>\n<meta property=\"og:locale\" content=\"es_ES\" \/>\n<meta property=\"og:type\" content=\"article\" \/>\n<meta property=\"og:title\" content=\"IDC Staff - Oceanum Diving Experiences\" \/>\n<meta property=\"og:description\" content=\"Volver\u00e1s a asistir a un curso de desarrollo de Instructores, pero desde otro punto de vista, ya que tu formaci\u00f3n se centrar\u00e1 en aprender a ense\u00f1ar Asistentes de instructor y ayudar en la ense\u00f1anza de Instructores. En este punto comenzaras a ver el mundo\u00a0de la ense\u00f1anza desde otra perspectiva, la del formador de instructores.\" \/>\n<meta property=\"og:url\" content=\"https:\/\/www.oceanum.es\/?page_id=504\" \/>\n<meta property=\"og:site_name\" content=\"Oceanum Diving Experiences\" \/>\n<meta property=\"article:publisher\" content=\"https:\/\/www.facebook.com\/OceanumDiving\/\" \/>\n<meta property=\"article:modified_time\" content=\"2018-06-24T15:53:58+00:00\" \/>\n<meta property=\"og:image\" content=\"https:\/\/www.oceanum.es\/wp-content\/uploads\/2018\/05\/reu.gif\" \/>\n<meta name=\"twitter:card\" content=\"summary_large_image\" \/>\n<meta name=\"twitter:site\" content=\"@OceanumDiving\" \/>\n<script type=\"application\/ld+json\" class=\"yoast-schema-graph\">{\"@context\":\"https:\\\/\\\/schema.org\",\"@graph\":[{\"@type\":\"WebPage\",\"@id\":\"https:\\\/\\\/www.oceanum.es\\\/?page_id=504\",\"url\":\"https:\\\/\\\/www.oceanum.es\\\/?page_id=504\",\"name\":\"IDC Staff - Oceanum Diving Experiences\",\"isPartOf\":{\"@id\":\"https:\\\/\\\/www.oceanum.es\\\/#website\"},\"primaryImageOfPage\":{\"@id\":\"https:\\\/\\\/www.oceanum.es\\\/?page_id=504#primaryimage\"},\"image\":{\"@id\":\"https:\\\/\\\/www.oceanum.es\\\/?page_id=504#primaryimage\"},\"thumbnailUrl\":\"https:\\\/\\\/www.oceanum.es\\\/wp-content\\\/uploads\\\/2018\\\/05\\\/reu.gif\",\"datePublished\":\"2018-05-25T17:37:23+00:00\",\"dateModified\":\"2018-06-24T15:53:58+00:00\",\"breadcrumb\":{\"@id\":\"https:\\\/\\\/www.oceanum.es\\\/?page_id=504#breadcrumb\"},\"inLanguage\":\"es\",\"potentialAction\":[{\"@type\":\"ReadAction\",\"target\":[\"https:\\\/\\\/www.oceanum.es\\\/?page_id=504\"]}]},{\"@type\":\"ImageObject\",\"inLanguage\":\"es\",\"@id\":\"https:\\\/\\\/www.oceanum.es\\\/?page_id=504#primaryimage\",\"url\":\"https:\\\/\\\/www.oceanum.es\\\/wp-content\\\/uploads\\\/2018\\\/05\\\/reu.gif\",\"contentUrl\":\"https:\\\/\\\/www.oceanum.es\\\/wp-content\\\/uploads\\\/2018\\\/05\\\/reu.gif\",\"width\":236,\"height\":157},{\"@type\":\"BreadcrumbList\",\"@id\":\"https:\\\/\\\/www.oceanum.es\\\/?page_id=504#breadcrumb\",\"itemListElement\":[{\"@type\":\"ListItem\",\"position\":1,\"name\":\"Portada\",\"item\":\"https:\\\/\\\/www.oceanum.es\\\/\"},{\"@type\":\"ListItem\",\"position\":2,\"name\":\"IDC Staff\"}]},{\"@type\":\"WebSite\",\"@id\":\"https:\\\/\\\/www.oceanum.es\\\/#website\",\"url\":\"https:\\\/\\\/www.oceanum.es\\\/\",\"name\":\"Oceanum Diving Experiences\",\"description\":\"Otra forma de Bucear\",\"potentialAction\":[{\"@type\":\"SearchAction\",\"target\":{\"@type\":\"EntryPoint\",\"urlTemplate\":\"https:\\\/\\\/www.oceanum.es\\\/?s={search_term_string}\"},\"query-input\":{\"@type\":\"PropertyValueSpecification\",\"valueRequired\":true,\"valueName\":\"search_term_string\"}}],\"inLanguage\":\"es\"}]}<\/script>","yoast_head_json":{"title":"IDC Staff - Oceanum Diving Experiences","robots":{"index":"index","follow":"follow","max-snippet":"max-snippet:-1","max-image-preview":"max-image-preview:large","max-video-preview":"max-video-preview:-1"},"canonical":"https:\/\/www.oceanum.es\/?page_id=504","og_locale":"es_ES","og_type":"article","og_title":"IDC Staff - Oceanum Diving Experiences","og_description":"Volver\u00e1s a asistir a un curso de desarrollo de Instructores, pero desde otro punto de vista, ya que tu formaci\u00f3n se centrar\u00e1 en aprender a ense\u00f1ar Asistentes de instructor y ayudar en la ense\u00f1anza de Instructores. En este punto comenzaras a ver el mundo\u00a0de la ense\u00f1anza desde otra perspectiva, la del formador de instructores.","og_url":"https:\/\/www.oceanum.es\/?page_id=504","og_site_name":"Oceanum Diving Experiences","article_publisher":"https:\/\/www.facebook.com\/OceanumDiving\/","article_modified_time":"2018-06-24T15:53:58+00:00","og_image":[{"url":"https:\/\/www.oceanum.es\/wp-content\/uploads\/2018\/05\/reu.gif","type":"","width":"","height":""}],"twitter_card":"summary_large_image","twitter_site":"@OceanumDiving","schema":{"@context":"https:\/\/schema.org","@graph":[{"@type":"WebPage","@id":"https:\/\/www.oceanum.es\/?page_id=504","url":"https:\/\/www.oceanum.es\/?page_id=504","name":"IDC Staff - Oceanum Diving Experiences","isPartOf":{"@id":"https:\/\/www.oceanum.es\/#website"},"primaryImageOfPage":{"@id":"https:\/\/www.oceanum.es\/?page_id=504#primaryimage"},"image":{"@id":"https:\/\/www.oceanum.es\/?page_id=504#primaryimage"},"thumbnailUrl":"https:\/\/www.oceanum.es\/wp-content\/uploads\/2018\/05\/reu.gif","datePublished":"2018-05-25T17:37:23+00:00","dateModified":"2018-06-24T15:53:58+00:00","breadcrumb":{"@id":"https:\/\/www.oceanum.es\/?page_id=504#breadcrumb"},"inLanguage":"es","potentialAction":[{"@type":"ReadAction","target":["https:\/\/www.oceanum.es\/?page_id=504"]}]},{"@type":"ImageObject","inLanguage":"es","@id":"https:\/\/www.oceanum.es\/?page_id=504#primaryimage","url":"https:\/\/www.oceanum.es\/wp-content\/uploads\/2018\/05\/reu.gif","contentUrl":"https:\/\/www.oceanum.es\/wp-content\/uploads\/2018\/05\/reu.gif","width":236,"height":157},{"@type":"BreadcrumbList","@id":"https:\/\/www.oceanum.es\/?page_id=504#breadcrumb","itemListElement":[{"@type":"ListItem","position":1,"name":"Portada","item":"https:\/\/www.oceanum.es\/"},{"@type":"ListItem","position":2,"name":"IDC Staff"}]},{"@type":"WebSite","@id":"https:\/\/www.oceanum.es\/#website","url":"https:\/\/www.oceanum.es\/","name":"Oceanum Diving Experiences","description":"Otra forma de Bucear","potentialAction":[{"@type":"SearchAction","target":{"@type":"EntryPoint","urlTemplate":"https:\/\/www.oceanum.es\/?s={search_term_string}"},"query-input":{"@type":"PropertyValueSpecification","valueRequired":true,"valueName":"search_term_string"}}],"inLanguage":"es"}]}},"amp_enabled":true,"_links":{"self":[{"href":"https:\/\/www.oceanum.es\/index.php?rest_route=\/wp\/v2\/pages\/504","targetHints":{"allow":["GET"]}}],"collection":[{"href":"https:\/\/www.oceanum.es\/index.php?rest_route=\/wp\/v2\/pages"}],"about":[{"href":"https:\/\/www.oceanum.es\/index.php?rest_route=\/wp\/v2\/types\/page"}],"author":[{"embeddable":true,"href":"https:\/\/www.oceanum.es\/index.php?rest_route=\/wp\/v2\/users\/1"}],"replies":[{"embeddable":true,"href":"https:\/\/www.oceanum.es\/index.php?rest_route=%2Fwp%2Fv2%2Fcomments&post=504"}],"version-history":[{"count":5,"href":"https:\/\/www.oceanum.es\/index.php?rest_route=\/wp\/v2\/pages\/504\/revisions"}],"predecessor-version":[{"id":953,"href":"https:\/\/www.oceanum.es\/index.php?rest_route=\/wp\/v2\/pages\/504\/revisions\/953"}],"wp:attachment":[{"href":"https:\/\/www.oceanum.es\/index.php?rest_route=%2Fwp%2Fv2%2Fmedia&parent=504"}],"curies":[{"name":"wp","href":"https:\/\/api.w.org\/{rel}","templated":true}]}}