{"id":501,"date":"2018-05-25T17:37:23","date_gmt":"2018-05-25T17:37:23","guid":{"rendered":"https:\/\/www.oceanum.es\/?page_id=501"},"modified":"2018-06-24T15:48:00","modified_gmt":"2018-06-24T15:48:00","slug":"assistant-instructor","status":"publish","type":"page","link":"https:\/\/www.oceanum.es\/?page_id=501","title":{"rendered":"Assistant Instructor"},"content":{"rendered":"<p style=\"line-height: 1.71429; margin-bottom: 1.71429rem;\"><img fetchpriority=\"high\" decoding=\"async\" class=\"size-full wp-image-465 alignleft\" style=\"margin-top: 0.857143rem; margin-right: 1.71429rem; margin-bottom: 0.857143rem;\" src=\"https:\/\/www.oceanum.es\/wp-content\/uploads\/2018\/05\/ai.jpg\" alt=\"\" width=\"288\" height=\"185\" \/><\/p>\n<p>Como alumno desarrollar\u00e1s las aptitudes para la ense\u00f1anza y ampliar\u00e1s la experiencia en la conducci\u00f3n de cursos reales.<\/p>\n<p><span style=\"font-size: 1rem;\">Se adquieren soltura en el manejo de procedimientos y de est\u00e1ndares, conocimientos sobre la industria del buceo, la filosof\u00eda de ventas y el m\u00e1rketing.<\/span><\/p>\n<p>Se prepara al alumno para asumir la responsabilidad legal como profesional PADI.<\/p>\n<p>Duraci\u00f3n: cinco d\u00edas<br \/>\n<a href=\"https:\/\/www.oceanum.es\/?page_id=423\"><img decoding=\"async\" class=\"alignright\" src=\"https:\/\/www.oceanum.es\/wp-content\/uploads\/2018\/06\/flecha2.gif\" alt=\"\" width=\"43\" height=\"32\" \/><\/a><\/p>\n","protected":false},"excerpt":{"rendered":"<p>Como alumno desarrollar\u00e1s las aptitudes para la ense\u00f1anza y ampliar\u00e1s la experiencia en la conducci\u00f3n de cursos reales. Se adquieren soltura en el manejo de procedimientos y de est\u00e1ndares, conocimientos sobre la industria del buceo, la filosof\u00eda de ventas y el m\u00e1rketing. Se prepara al alumno para asumir la responsabilidad legal como profesional PADI. Duraci\u00f3n: cinco d\u00edas<\/p>\n","protected":false},"author":1,"featured_media":0,"parent":0,"menu_order":0,"comment_status":"closed","ping_status":"closed","template":"","meta":{"footnotes":""},"class_list":["post-501","page","type-page","status-publish","hentry"],"yoast_head":"<title>Assistant Instructor - Oceanum Diving Experiences<\/title>\n<meta name=\"robots\" content=\"index, follow, max-snippet:-1, max-image-preview:large, max-video-preview:-1\" \/>\n<link rel=\"canonical\" href=\"https:\/\/www.oceanum.es\/?page_id=501\" \/>\n<meta property=\"og:locale\" content=\"es_ES\" \/>\n<meta property=\"og:type\" content=\"article\" \/>\n<meta property=\"og:title\" content=\"Assistant Instructor - Oceanum Diving Experiences\" \/>\n<meta property=\"og:description\" content=\"Como alumno desarrollar\u00e1s las aptitudes para la ense\u00f1anza y ampliar\u00e1s la experiencia en la conducci\u00f3n de cursos reales. Se adquieren soltura en el manejo de procedimientos y de est\u00e1ndares, conocimientos sobre la industria del buceo, la filosof\u00eda de ventas y el m\u00e1rketing. Se prepara al alumno para asumir la responsabilidad legal como profesional PADI. Duraci\u00f3n: cinco d\u00edas\" \/>\n<meta property=\"og:url\" content=\"https:\/\/www.oceanum.es\/?page_id=501\" \/>\n<meta property=\"og:site_name\" content=\"Oceanum Diving Experiences\" \/>\n<meta property=\"article:publisher\" content=\"https:\/\/www.facebook.com\/OceanumDiving\/\" \/>\n<meta property=\"article:modified_time\" content=\"2018-06-24T15:48:00+00:00\" \/>\n<meta property=\"og:image\" content=\"https:\/\/www.oceanum.es\/wp-content\/uploads\/2018\/05\/ai.jpg\" \/>\n<meta name=\"twitter:card\" content=\"summary_large_image\" \/>\n<meta name=\"twitter:site\" content=\"@OceanumDiving\" \/>\n<script type=\"application\/ld+json\" class=\"yoast-schema-graph\">{\"@context\":\"https:\\\/\\\/schema.org\",\"@graph\":[{\"@type\":\"WebPage\",\"@id\":\"https:\\\/\\\/www.oceanum.es\\\/?page_id=501\",\"url\":\"https:\\\/\\\/www.oceanum.es\\\/?page_id=501\",\"name\":\"Assistant Instructor - Oceanum Diving Experiences\",\"isPartOf\":{\"@id\":\"https:\\\/\\\/www.oceanum.es\\\/#website\"},\"primaryImageOfPage\":{\"@id\":\"https:\\\/\\\/www.oceanum.es\\\/?page_id=501#primaryimage\"},\"image\":{\"@id\":\"https:\\\/\\\/www.oceanum.es\\\/?page_id=501#primaryimage\"},\"thumbnailUrl\":\"https:\\\/\\\/www.oceanum.es\\\/wp-content\\\/uploads\\\/2018\\\/05\\\/ai.jpg\",\"datePublished\":\"2018-05-25T17:37:23+00:00\",\"dateModified\":\"2018-06-24T15:48:00+00:00\",\"breadcrumb\":{\"@id\":\"https:\\\/\\\/www.oceanum.es\\\/?page_id=501#breadcrumb\"},\"inLanguage\":\"es\",\"potentialAction\":[{\"@type\":\"ReadAction\",\"target\":[\"https:\\\/\\\/www.oceanum.es\\\/?page_id=501\"]}]},{\"@type\":\"ImageObject\",\"inLanguage\":\"es\",\"@id\":\"https:\\\/\\\/www.oceanum.es\\\/?page_id=501#primaryimage\",\"url\":\"https:\\\/\\\/www.oceanum.es\\\/wp-content\\\/uploads\\\/2018\\\/05\\\/ai.jpg\",\"contentUrl\":\"https:\\\/\\\/www.oceanum.es\\\/wp-content\\\/uploads\\\/2018\\\/05\\\/ai.jpg\",\"width\":288,\"height\":185},{\"@type\":\"BreadcrumbList\",\"@id\":\"https:\\\/\\\/www.oceanum.es\\\/?page_id=501#breadcrumb\",\"itemListElement\":[{\"@type\":\"ListItem\",\"position\":1,\"name\":\"Portada\",\"item\":\"https:\\\/\\\/www.oceanum.es\\\/\"},{\"@type\":\"ListItem\",\"position\":2,\"name\":\"Assistant Instructor\"}]},{\"@type\":\"WebSite\",\"@id\":\"https:\\\/\\\/www.oceanum.es\\\/#website\",\"url\":\"https:\\\/\\\/www.oceanum.es\\\/\",\"name\":\"Oceanum Diving Experiences\",\"description\":\"Otra forma de Bucear\",\"potentialAction\":[{\"@type\":\"SearchAction\",\"target\":{\"@type\":\"EntryPoint\",\"urlTemplate\":\"https:\\\/\\\/www.oceanum.es\\\/?s={search_term_string}\"},\"query-input\":{\"@type\":\"PropertyValueSpecification\",\"valueRequired\":true,\"valueName\":\"search_term_string\"}}],\"inLanguage\":\"es\"}]}<\/script>","yoast_head_json":{"title":"Assistant Instructor - Oceanum Diving Experiences","robots":{"index":"index","follow":"follow","max-snippet":"max-snippet:-1","max-image-preview":"max-image-preview:large","max-video-preview":"max-video-preview:-1"},"canonical":"https:\/\/www.oceanum.es\/?page_id=501","og_locale":"es_ES","og_type":"article","og_title":"Assistant Instructor - Oceanum Diving Experiences","og_description":"Como alumno desarrollar\u00e1s las aptitudes para la ense\u00f1anza y ampliar\u00e1s la experiencia en la conducci\u00f3n de cursos reales. Se adquieren soltura en el manejo de procedimientos y de est\u00e1ndares, conocimientos sobre la industria del buceo, la filosof\u00eda de ventas y el m\u00e1rketing. Se prepara al alumno para asumir la responsabilidad legal como profesional PADI. Duraci\u00f3n: cinco d\u00edas","og_url":"https:\/\/www.oceanum.es\/?page_id=501","og_site_name":"Oceanum Diving Experiences","article_publisher":"https:\/\/www.facebook.com\/OceanumDiving\/","article_modified_time":"2018-06-24T15:48:00+00:00","og_image":[{"url":"https:\/\/www.oceanum.es\/wp-content\/uploads\/2018\/05\/ai.jpg","type":"","width":"","height":""}],"twitter_card":"summary_large_image","twitter_site":"@OceanumDiving","schema":{"@context":"https:\/\/schema.org","@graph":[{"@type":"WebPage","@id":"https:\/\/www.oceanum.es\/?page_id=501","url":"https:\/\/www.oceanum.es\/?page_id=501","name":"Assistant Instructor - Oceanum Diving Experiences","isPartOf":{"@id":"https:\/\/www.oceanum.es\/#website"},"primaryImageOfPage":{"@id":"https:\/\/www.oceanum.es\/?page_id=501#primaryimage"},"image":{"@id":"https:\/\/www.oceanum.es\/?page_id=501#primaryimage"},"thumbnailUrl":"https:\/\/www.oceanum.es\/wp-content\/uploads\/2018\/05\/ai.jpg","datePublished":"2018-05-25T17:37:23+00:00","dateModified":"2018-06-24T15:48:00+00:00","breadcrumb":{"@id":"https:\/\/www.oceanum.es\/?page_id=501#breadcrumb"},"inLanguage":"es","potentialAction":[{"@type":"ReadAction","target":["https:\/\/www.oceanum.es\/?page_id=501"]}]},{"@type":"ImageObject","inLanguage":"es","@id":"https:\/\/www.oceanum.es\/?page_id=501#primaryimage","url":"https:\/\/www.oceanum.es\/wp-content\/uploads\/2018\/05\/ai.jpg","contentUrl":"https:\/\/www.oceanum.es\/wp-content\/uploads\/2018\/05\/ai.jpg","width":288,"height":185},{"@type":"BreadcrumbList","@id":"https:\/\/www.oceanum.es\/?page_id=501#breadcrumb","itemListElement":[{"@type":"ListItem","position":1,"name":"Portada","item":"https:\/\/www.oceanum.es\/"},{"@type":"ListItem","position":2,"name":"Assistant Instructor"}]},{"@type":"WebSite","@id":"https:\/\/www.oceanum.es\/#website","url":"https:\/\/www.oceanum.es\/","name":"Oceanum Diving Experiences","description":"Otra forma de Bucear","potentialAction":[{"@type":"SearchAction","target":{"@type":"EntryPoint","urlTemplate":"https:\/\/www.oceanum.es\/?s={search_term_string}"},"query-input":{"@type":"PropertyValueSpecification","valueRequired":true,"valueName":"search_term_string"}}],"inLanguage":"es"}]}},"amp_enabled":true,"_links":{"self":[{"href":"https:\/\/www.oceanum.es\/index.php?rest_route=\/wp\/v2\/pages\/501","targetHints":{"allow":["GET"]}}],"collection":[{"href":"https:\/\/www.oceanum.es\/index.php?rest_route=\/wp\/v2\/pages"}],"about":[{"href":"https:\/\/www.oceanum.es\/index.php?rest_route=\/wp\/v2\/types\/page"}],"author":[{"embeddable":true,"href":"https:\/\/www.oceanum.es\/index.php?rest_route=\/wp\/v2\/users\/1"}],"replies":[{"embeddable":true,"href":"https:\/\/www.oceanum.es\/index.php?rest_route=%2Fwp%2Fv2%2Fcomments&post=501"}],"version-history":[{"count":4,"href":"https:\/\/www.oceanum.es\/index.php?rest_route=\/wp\/v2\/pages\/501\/revisions"}],"predecessor-version":[{"id":946,"href":"https:\/\/www.oceanum.es\/index.php?rest_route=\/wp\/v2\/pages\/501\/revisions\/946"}],"wp:attachment":[{"href":"https:\/\/www.oceanum.es\/index.php?rest_route=%2Fwp%2Fv2%2Fmedia&parent=501"}],"curies":[{"name":"wp","href":"https:\/\/api.w.org\/{rel}","templated":true}]}}