{"id":500,"date":"2018-05-25T17:37:23","date_gmt":"2018-05-25T17:37:23","guid":{"rendered":"https:\/\/www.oceanum.es\/?page_id=500"},"modified":"2018-06-24T15:48:24","modified_gmt":"2018-06-24T15:48:24","slug":"divemaster","status":"publish","type":"page","link":"https:\/\/www.oceanum.es\/?page_id=500","title":{"rendered":"Divemaster"},"content":{"rendered":"<p>Es el primer escal\u00f3n dentro de la carrera profesional del buceo recreativo. Como alumno desarrollar\u00e1 los conocimientos te\u00f3ricos a nivel de Instructor, organizaci\u00f3n, supervisar inmersiones, supervisar alumnos en formaci\u00f3n, confecci\u00f3n de mapas subacu\u00e1ticos, ejercicios de rescate, desarrollo de aptitudes did\u00e1cticas, etc&#8230;.<\/p>\n<p>Duraci\u00f3n: Quince d\u00edas.<br \/>\n<img decoding=\"async\" class=\"size-full wp-image-469 aligncenter\" src=\"https:\/\/www.oceanum.es\/wp-content\/uploads\/2018\/05\/dm.jpg\" alt=\"\" width=\"270\" height=\"175\" \/><br \/>\n<a href=\"https:\/\/www.oceanum.es\/?page_id=423\"><img decoding=\"async\" class=\"alignright\" src=\"https:\/\/www.oceanum.es\/wp-content\/uploads\/2018\/06\/flecha2.gif\" alt=\"\" width=\"43\" height=\"32\" \/><\/a><\/p>\n","protected":false},"excerpt":{"rendered":"<p>Es el primer escal\u00f3n dentro de la carrera profesional del buceo recreativo. Como alumno desarrollar\u00e1 los conocimientos te\u00f3ricos a nivel de Instructor, organizaci\u00f3n, supervisar inmersiones, supervisar alumnos en formaci\u00f3n, confecci\u00f3n de mapas subacu\u00e1ticos, ejercicios de rescate, desarrollo de aptitudes did\u00e1cticas, etc&#8230;. Duraci\u00f3n: Quince d\u00edas.<\/p>\n","protected":false},"author":1,"featured_media":0,"parent":0,"menu_order":0,"comment_status":"closed","ping_status":"closed","template":"","meta":{"footnotes":""},"class_list":["post-500","page","type-page","status-publish","hentry"],"yoast_head":"<title>Divemaster - Oceanum Diving Experiences<\/title>\n<meta name=\"robots\" content=\"index, follow, max-snippet:-1, max-image-preview:large, max-video-preview:-1\" \/>\n<link rel=\"canonical\" href=\"https:\/\/www.oceanum.es\/?page_id=500\" \/>\n<meta property=\"og:locale\" content=\"es_ES\" \/>\n<meta property=\"og:type\" content=\"article\" \/>\n<meta property=\"og:title\" content=\"Divemaster - Oceanum Diving Experiences\" \/>\n<meta property=\"og:description\" content=\"Es el primer escal\u00f3n dentro de la carrera profesional del buceo recreativo. Como alumno desarrollar\u00e1 los conocimientos te\u00f3ricos a nivel de Instructor, organizaci\u00f3n, supervisar inmersiones, supervisar alumnos en formaci\u00f3n, confecci\u00f3n de mapas subacu\u00e1ticos, ejercicios de rescate, desarrollo de aptitudes did\u00e1cticas, etc&#8230;. Duraci\u00f3n: Quince d\u00edas.\" \/>\n<meta property=\"og:url\" content=\"https:\/\/www.oceanum.es\/?page_id=500\" \/>\n<meta property=\"og:site_name\" content=\"Oceanum Diving Experiences\" \/>\n<meta property=\"article:publisher\" content=\"https:\/\/www.facebook.com\/OceanumDiving\/\" \/>\n<meta property=\"article:modified_time\" content=\"2018-06-24T15:48:24+00:00\" \/>\n<meta property=\"og:image\" content=\"https:\/\/www.oceanum.es\/wp-content\/uploads\/2018\/05\/dm.jpg\" \/>\n<meta name=\"twitter:card\" content=\"summary_large_image\" \/>\n<meta name=\"twitter:site\" content=\"@OceanumDiving\" \/>\n<script type=\"application\/ld+json\" class=\"yoast-schema-graph\">{\"@context\":\"https:\\\/\\\/schema.org\",\"@graph\":[{\"@type\":\"WebPage\",\"@id\":\"https:\\\/\\\/www.oceanum.es\\\/?page_id=500\",\"url\":\"https:\\\/\\\/www.oceanum.es\\\/?page_id=500\",\"name\":\"Divemaster - Oceanum Diving Experiences\",\"isPartOf\":{\"@id\":\"https:\\\/\\\/www.oceanum.es\\\/#website\"},\"primaryImageOfPage\":{\"@id\":\"https:\\\/\\\/www.oceanum.es\\\/?page_id=500#primaryimage\"},\"image\":{\"@id\":\"https:\\\/\\\/www.oceanum.es\\\/?page_id=500#primaryimage\"},\"thumbnailUrl\":\"https:\\\/\\\/www.oceanum.es\\\/wp-content\\\/uploads\\\/2018\\\/05\\\/dm.jpg\",\"datePublished\":\"2018-05-25T17:37:23+00:00\",\"dateModified\":\"2018-06-24T15:48:24+00:00\",\"breadcrumb\":{\"@id\":\"https:\\\/\\\/www.oceanum.es\\\/?page_id=500#breadcrumb\"},\"inLanguage\":\"es\",\"potentialAction\":[{\"@type\":\"ReadAction\",\"target\":[\"https:\\\/\\\/www.oceanum.es\\\/?page_id=500\"]}]},{\"@type\":\"ImageObject\",\"inLanguage\":\"es\",\"@id\":\"https:\\\/\\\/www.oceanum.es\\\/?page_id=500#primaryimage\",\"url\":\"https:\\\/\\\/www.oceanum.es\\\/wp-content\\\/uploads\\\/2018\\\/05\\\/dm.jpg\",\"contentUrl\":\"https:\\\/\\\/www.oceanum.es\\\/wp-content\\\/uploads\\\/2018\\\/05\\\/dm.jpg\",\"width\":270,\"height\":175},{\"@type\":\"BreadcrumbList\",\"@id\":\"https:\\\/\\\/www.oceanum.es\\\/?page_id=500#breadcrumb\",\"itemListElement\":[{\"@type\":\"ListItem\",\"position\":1,\"name\":\"Portada\",\"item\":\"https:\\\/\\\/www.oceanum.es\\\/\"},{\"@type\":\"ListItem\",\"position\":2,\"name\":\"Divemaster\"}]},{\"@type\":\"WebSite\",\"@id\":\"https:\\\/\\\/www.oceanum.es\\\/#website\",\"url\":\"https:\\\/\\\/www.oceanum.es\\\/\",\"name\":\"Oceanum Diving Experiences\",\"description\":\"Otra forma de Bucear\",\"potentialAction\":[{\"@type\":\"SearchAction\",\"target\":{\"@type\":\"EntryPoint\",\"urlTemplate\":\"https:\\\/\\\/www.oceanum.es\\\/?s={search_term_string}\"},\"query-input\":{\"@type\":\"PropertyValueSpecification\",\"valueRequired\":true,\"valueName\":\"search_term_string\"}}],\"inLanguage\":\"es\"}]}<\/script>","yoast_head_json":{"title":"Divemaster - Oceanum Diving Experiences","robots":{"index":"index","follow":"follow","max-snippet":"max-snippet:-1","max-image-preview":"max-image-preview:large","max-video-preview":"max-video-preview:-1"},"canonical":"https:\/\/www.oceanum.es\/?page_id=500","og_locale":"es_ES","og_type":"article","og_title":"Divemaster - Oceanum Diving Experiences","og_description":"Es el primer escal\u00f3n dentro de la carrera profesional del buceo recreativo. Como alumno desarrollar\u00e1 los conocimientos te\u00f3ricos a nivel de Instructor, organizaci\u00f3n, supervisar inmersiones, supervisar alumnos en formaci\u00f3n, confecci\u00f3n de mapas subacu\u00e1ticos, ejercicios de rescate, desarrollo de aptitudes did\u00e1cticas, etc&#8230;. Duraci\u00f3n: Quince d\u00edas.","og_url":"https:\/\/www.oceanum.es\/?page_id=500","og_site_name":"Oceanum Diving Experiences","article_publisher":"https:\/\/www.facebook.com\/OceanumDiving\/","article_modified_time":"2018-06-24T15:48:24+00:00","og_image":[{"url":"https:\/\/www.oceanum.es\/wp-content\/uploads\/2018\/05\/dm.jpg","type":"","width":"","height":""}],"twitter_card":"summary_large_image","twitter_site":"@OceanumDiving","schema":{"@context":"https:\/\/schema.org","@graph":[{"@type":"WebPage","@id":"https:\/\/www.oceanum.es\/?page_id=500","url":"https:\/\/www.oceanum.es\/?page_id=500","name":"Divemaster - Oceanum Diving Experiences","isPartOf":{"@id":"https:\/\/www.oceanum.es\/#website"},"primaryImageOfPage":{"@id":"https:\/\/www.oceanum.es\/?page_id=500#primaryimage"},"image":{"@id":"https:\/\/www.oceanum.es\/?page_id=500#primaryimage"},"thumbnailUrl":"https:\/\/www.oceanum.es\/wp-content\/uploads\/2018\/05\/dm.jpg","datePublished":"2018-05-25T17:37:23+00:00","dateModified":"2018-06-24T15:48:24+00:00","breadcrumb":{"@id":"https:\/\/www.oceanum.es\/?page_id=500#breadcrumb"},"inLanguage":"es","potentialAction":[{"@type":"ReadAction","target":["https:\/\/www.oceanum.es\/?page_id=500"]}]},{"@type":"ImageObject","inLanguage":"es","@id":"https:\/\/www.oceanum.es\/?page_id=500#primaryimage","url":"https:\/\/www.oceanum.es\/wp-content\/uploads\/2018\/05\/dm.jpg","contentUrl":"https:\/\/www.oceanum.es\/wp-content\/uploads\/2018\/05\/dm.jpg","width":270,"height":175},{"@type":"BreadcrumbList","@id":"https:\/\/www.oceanum.es\/?page_id=500#breadcrumb","itemListElement":[{"@type":"ListItem","position":1,"name":"Portada","item":"https:\/\/www.oceanum.es\/"},{"@type":"ListItem","position":2,"name":"Divemaster"}]},{"@type":"WebSite","@id":"https:\/\/www.oceanum.es\/#website","url":"https:\/\/www.oceanum.es\/","name":"Oceanum Diving Experiences","description":"Otra forma de Bucear","potentialAction":[{"@type":"SearchAction","target":{"@type":"EntryPoint","urlTemplate":"https:\/\/www.oceanum.es\/?s={search_term_string}"},"query-input":{"@type":"PropertyValueSpecification","valueRequired":true,"valueName":"search_term_string"}}],"inLanguage":"es"}]}},"amp_enabled":true,"_links":{"self":[{"href":"https:\/\/www.oceanum.es\/index.php?rest_route=\/wp\/v2\/pages\/500","targetHints":{"allow":["GET"]}}],"collection":[{"href":"https:\/\/www.oceanum.es\/index.php?rest_route=\/wp\/v2\/pages"}],"about":[{"href":"https:\/\/www.oceanum.es\/index.php?rest_route=\/wp\/v2\/types\/page"}],"author":[{"embeddable":true,"href":"https:\/\/www.oceanum.es\/index.php?rest_route=\/wp\/v2\/users\/1"}],"replies":[{"embeddable":true,"href":"https:\/\/www.oceanum.es\/index.php?rest_route=%2Fwp%2Fv2%2Fcomments&post=500"}],"version-history":[{"count":6,"href":"https:\/\/www.oceanum.es\/index.php?rest_route=\/wp\/v2\/pages\/500\/revisions"}],"predecessor-version":[{"id":947,"href":"https:\/\/www.oceanum.es\/index.php?rest_route=\/wp\/v2\/pages\/500\/revisions\/947"}],"wp:attachment":[{"href":"https:\/\/www.oceanum.es\/index.php?rest_route=%2Fwp%2Fv2%2Fmedia&parent=500"}],"curies":[{"name":"wp","href":"https:\/\/api.w.org\/{rel}","templated":true}]}}