{"id":444,"date":"2018-05-24T15:25:59","date_gmt":"2018-05-24T15:25:59","guid":{"rendered":"https:\/\/www.oceanum.es\/?page_id=444"},"modified":"2018-06-24T12:11:39","modified_gmt":"2018-06-24T12:11:39","slug":"advanced","status":"publish","type":"page","link":"https:\/\/www.oceanum.es\/?page_id=444","title":{"rendered":"Advanced"},"content":{"rendered":"<p><img decoding=\"async\" class=\"size-full wp-image-466 alignleft\" style=\"font-size: 1rem;\" src=\"https:\/\/www.oceanum.es\/wp-content\/uploads\/2018\/05\/aow.jpg\" alt=\"\" width=\"250\" height=\"188\" \/><\/p>\n<p>El curso ampl\u00eda los conocimientos del buceador b\u00e1sico, aumenta su seguridad y\u00a0experiencia\u00a0para inmersiones en condiciones especiales.<\/p>\n<p>Como alumno<span style=\"font-size: 1rem;\">\u00a0participa en la organizaci\u00f3n de dos inmersiones obligatorias (profunda y orientaci\u00f3n) y tres optativas.<\/span><\/p>\n<p>Capacita<span style=\"font-size: 1rem;\">\u00a0al buceador para acceder a cursos superiores.<\/span><\/p>\n<p>Duraci\u00f3n: M\u00ednimo dos d\u00edas.<br \/>\n<a href=\"https:\/\/www.oceanum.es\/?page_id=412\"><img decoding=\"async\" class=\"alignright\" src=\"https:\/\/www.oceanum.es\/wp-content\/uploads\/2018\/06\/flecha2.gif\" alt=\"\" width=\"43\" height=\"32\" \/><\/a><\/p>\n","protected":false},"excerpt":{"rendered":"<p>El curso ampl\u00eda los conocimientos del buceador b\u00e1sico, aumenta su seguridad y\u00a0experiencia\u00a0para inmersiones en condiciones especiales. Como alumno\u00a0participa en la organizaci\u00f3n de dos inmersiones obligatorias (profunda y orientaci\u00f3n) y tres optativas. Capacita\u00a0al buceador para acceder a cursos superiores. Duraci\u00f3n: M\u00ednimo dos d\u00edas.<\/p>\n","protected":false},"author":1,"featured_media":0,"parent":0,"menu_order":0,"comment_status":"closed","ping_status":"closed","template":"","meta":{"footnotes":""},"class_list":["post-444","page","type-page","status-publish","hentry"],"yoast_head":"<title>Advanced - Oceanum Diving Experiences<\/title>\n<meta name=\"robots\" content=\"index, follow, max-snippet:-1, max-image-preview:large, max-video-preview:-1\" \/>\n<link rel=\"canonical\" href=\"https:\/\/www.oceanum.es\/?page_id=444\" \/>\n<meta property=\"og:locale\" content=\"es_ES\" \/>\n<meta property=\"og:type\" content=\"article\" \/>\n<meta property=\"og:title\" content=\"Advanced - Oceanum Diving Experiences\" \/>\n<meta property=\"og:description\" content=\"El curso ampl\u00eda los conocimientos del buceador b\u00e1sico, aumenta su seguridad y\u00a0experiencia\u00a0para inmersiones en condiciones especiales. Como alumno\u00a0participa en la organizaci\u00f3n de dos inmersiones obligatorias (profunda y orientaci\u00f3n) y tres optativas. Capacita\u00a0al buceador para acceder a cursos superiores. Duraci\u00f3n: M\u00ednimo dos d\u00edas.\" \/>\n<meta property=\"og:url\" content=\"https:\/\/www.oceanum.es\/?page_id=444\" \/>\n<meta property=\"og:site_name\" content=\"Oceanum Diving Experiences\" \/>\n<meta property=\"article:publisher\" content=\"https:\/\/www.facebook.com\/OceanumDiving\/\" \/>\n<meta property=\"article:modified_time\" content=\"2018-06-24T12:11:39+00:00\" \/>\n<meta property=\"og:image\" content=\"https:\/\/www.oceanum.es\/wp-content\/uploads\/2018\/05\/aow.jpg\" \/>\n<meta name=\"twitter:card\" content=\"summary_large_image\" \/>\n<meta name=\"twitter:site\" content=\"@OceanumDiving\" \/>\n<script type=\"application\/ld+json\" class=\"yoast-schema-graph\">{\"@context\":\"https:\\\/\\\/schema.org\",\"@graph\":[{\"@type\":\"WebPage\",\"@id\":\"https:\\\/\\\/www.oceanum.es\\\/?page_id=444\",\"url\":\"https:\\\/\\\/www.oceanum.es\\\/?page_id=444\",\"name\":\"Advanced - Oceanum Diving Experiences\",\"isPartOf\":{\"@id\":\"https:\\\/\\\/www.oceanum.es\\\/#website\"},\"primaryImageOfPage\":{\"@id\":\"https:\\\/\\\/www.oceanum.es\\\/?page_id=444#primaryimage\"},\"image\":{\"@id\":\"https:\\\/\\\/www.oceanum.es\\\/?page_id=444#primaryimage\"},\"thumbnailUrl\":\"https:\\\/\\\/www.oceanum.es\\\/wp-content\\\/uploads\\\/2018\\\/05\\\/aow.jpg\",\"datePublished\":\"2018-05-24T15:25:59+00:00\",\"dateModified\":\"2018-06-24T12:11:39+00:00\",\"breadcrumb\":{\"@id\":\"https:\\\/\\\/www.oceanum.es\\\/?page_id=444#breadcrumb\"},\"inLanguage\":\"es\",\"potentialAction\":[{\"@type\":\"ReadAction\",\"target\":[\"https:\\\/\\\/www.oceanum.es\\\/?page_id=444\"]}]},{\"@type\":\"ImageObject\",\"inLanguage\":\"es\",\"@id\":\"https:\\\/\\\/www.oceanum.es\\\/?page_id=444#primaryimage\",\"url\":\"https:\\\/\\\/www.oceanum.es\\\/wp-content\\\/uploads\\\/2018\\\/05\\\/aow.jpg\",\"contentUrl\":\"https:\\\/\\\/www.oceanum.es\\\/wp-content\\\/uploads\\\/2018\\\/05\\\/aow.jpg\",\"width\":250,\"height\":188},{\"@type\":\"BreadcrumbList\",\"@id\":\"https:\\\/\\\/www.oceanum.es\\\/?page_id=444#breadcrumb\",\"itemListElement\":[{\"@type\":\"ListItem\",\"position\":1,\"name\":\"Portada\",\"item\":\"https:\\\/\\\/www.oceanum.es\\\/\"},{\"@type\":\"ListItem\",\"position\":2,\"name\":\"Advanced\"}]},{\"@type\":\"WebSite\",\"@id\":\"https:\\\/\\\/www.oceanum.es\\\/#website\",\"url\":\"https:\\\/\\\/www.oceanum.es\\\/\",\"name\":\"Oceanum Diving Experiences\",\"description\":\"Otra forma de Bucear\",\"potentialAction\":[{\"@type\":\"SearchAction\",\"target\":{\"@type\":\"EntryPoint\",\"urlTemplate\":\"https:\\\/\\\/www.oceanum.es\\\/?s={search_term_string}\"},\"query-input\":{\"@type\":\"PropertyValueSpecification\",\"valueRequired\":true,\"valueName\":\"search_term_string\"}}],\"inLanguage\":\"es\"}]}<\/script>","yoast_head_json":{"title":"Advanced - Oceanum Diving Experiences","robots":{"index":"index","follow":"follow","max-snippet":"max-snippet:-1","max-image-preview":"max-image-preview:large","max-video-preview":"max-video-preview:-1"},"canonical":"https:\/\/www.oceanum.es\/?page_id=444","og_locale":"es_ES","og_type":"article","og_title":"Advanced - Oceanum Diving Experiences","og_description":"El curso ampl\u00eda los conocimientos del buceador b\u00e1sico, aumenta su seguridad y\u00a0experiencia\u00a0para inmersiones en condiciones especiales. Como alumno\u00a0participa en la organizaci\u00f3n de dos inmersiones obligatorias (profunda y orientaci\u00f3n) y tres optativas. Capacita\u00a0al buceador para acceder a cursos superiores. Duraci\u00f3n: M\u00ednimo dos d\u00edas.","og_url":"https:\/\/www.oceanum.es\/?page_id=444","og_site_name":"Oceanum Diving Experiences","article_publisher":"https:\/\/www.facebook.com\/OceanumDiving\/","article_modified_time":"2018-06-24T12:11:39+00:00","og_image":[{"url":"https:\/\/www.oceanum.es\/wp-content\/uploads\/2018\/05\/aow.jpg","type":"","width":"","height":""}],"twitter_card":"summary_large_image","twitter_site":"@OceanumDiving","schema":{"@context":"https:\/\/schema.org","@graph":[{"@type":"WebPage","@id":"https:\/\/www.oceanum.es\/?page_id=444","url":"https:\/\/www.oceanum.es\/?page_id=444","name":"Advanced - Oceanum Diving Experiences","isPartOf":{"@id":"https:\/\/www.oceanum.es\/#website"},"primaryImageOfPage":{"@id":"https:\/\/www.oceanum.es\/?page_id=444#primaryimage"},"image":{"@id":"https:\/\/www.oceanum.es\/?page_id=444#primaryimage"},"thumbnailUrl":"https:\/\/www.oceanum.es\/wp-content\/uploads\/2018\/05\/aow.jpg","datePublished":"2018-05-24T15:25:59+00:00","dateModified":"2018-06-24T12:11:39+00:00","breadcrumb":{"@id":"https:\/\/www.oceanum.es\/?page_id=444#breadcrumb"},"inLanguage":"es","potentialAction":[{"@type":"ReadAction","target":["https:\/\/www.oceanum.es\/?page_id=444"]}]},{"@type":"ImageObject","inLanguage":"es","@id":"https:\/\/www.oceanum.es\/?page_id=444#primaryimage","url":"https:\/\/www.oceanum.es\/wp-content\/uploads\/2018\/05\/aow.jpg","contentUrl":"https:\/\/www.oceanum.es\/wp-content\/uploads\/2018\/05\/aow.jpg","width":250,"height":188},{"@type":"BreadcrumbList","@id":"https:\/\/www.oceanum.es\/?page_id=444#breadcrumb","itemListElement":[{"@type":"ListItem","position":1,"name":"Portada","item":"https:\/\/www.oceanum.es\/"},{"@type":"ListItem","position":2,"name":"Advanced"}]},{"@type":"WebSite","@id":"https:\/\/www.oceanum.es\/#website","url":"https:\/\/www.oceanum.es\/","name":"Oceanum Diving Experiences","description":"Otra forma de Bucear","potentialAction":[{"@type":"SearchAction","target":{"@type":"EntryPoint","urlTemplate":"https:\/\/www.oceanum.es\/?s={search_term_string}"},"query-input":{"@type":"PropertyValueSpecification","valueRequired":true,"valueName":"search_term_string"}}],"inLanguage":"es"}]}},"amp_enabled":true,"_links":{"self":[{"href":"https:\/\/www.oceanum.es\/index.php?rest_route=\/wp\/v2\/pages\/444","targetHints":{"allow":["GET"]}}],"collection":[{"href":"https:\/\/www.oceanum.es\/index.php?rest_route=\/wp\/v2\/pages"}],"about":[{"href":"https:\/\/www.oceanum.es\/index.php?rest_route=\/wp\/v2\/types\/page"}],"author":[{"embeddable":true,"href":"https:\/\/www.oceanum.es\/index.php?rest_route=\/wp\/v2\/users\/1"}],"replies":[{"embeddable":true,"href":"https:\/\/www.oceanum.es\/index.php?rest_route=%2Fwp%2Fv2%2Fcomments&post=444"}],"version-history":[{"count":5,"href":"https:\/\/www.oceanum.es\/index.php?rest_route=\/wp\/v2\/pages\/444\/revisions"}],"predecessor-version":[{"id":876,"href":"https:\/\/www.oceanum.es\/index.php?rest_route=\/wp\/v2\/pages\/444\/revisions\/876"}],"wp:attachment":[{"href":"https:\/\/www.oceanum.es\/index.php?rest_route=%2Fwp%2Fv2%2Fmedia&parent=444"}],"curies":[{"name":"wp","href":"https:\/\/api.w.org\/{rel}","templated":true}]}}