{"id":443,"date":"2018-05-24T15:25:59","date_gmt":"2018-05-24T15:25:59","guid":{"rendered":"https:\/\/www.oceanum.es\/?page_id=443"},"modified":"2018-06-24T12:10:20","modified_gmt":"2018-06-24T12:10:20","slug":"open-water","status":"publish","type":"page","link":"https:\/\/www.oceanum.es\/?page_id=443","title":{"rendered":"Open Water"},"content":{"rendered":"<p>En el curso se ense\u00f1an conocimientos te\u00f3ricos, destrezas y t\u00e9cnicas generales del buceo, con el objeto de capac<img decoding=\"async\" class=\"size-full wp-image-479 alignleft\" style=\"font-size: 1rem;\" src=\"https:\/\/www.oceanum.es\/wp-content\/uploads\/2018\/05\/open.gif\" alt=\"\" width=\"199\" height=\"174\" \/><span style=\"font-size: 1rem;\">itar al alumno para planificar de forma aut\u00f3noma sus inmersiones junto con su compa\u00f1ero.<\/span><\/p>\n<p>Aprender\u00e1s a conoce y saber como interactuan unas especies marinas con otras.<\/p>\n<p>Comprender\u00e1s como ser un buceador respetuoso con el medio acu\u00e1tico, para evitar acciones perjudiciales en el mismo, mediante una sesi\u00f3n de introducci\u00f3n a la biolog\u00eda marina.<\/p>\n<p>El n\u00famero m\u00e1ximo por instructor es de 4 alumnos por instructor durante las sesiones pr\u00e1cticas.<\/p>\n<p>Duraci\u00f3n: Existen varias opciones dependiendo de las disponibilidad del alumno, puede durar una semana, dos semanas, intensivos en fines de semana o intensivos en la costa, dando amplia variedad de horarios.<br \/>\n<a href=\"https:\/\/www.oceanum.es\/?page_id=412\"><img decoding=\"async\" class=\"alignright\" src=\"https:\/\/www.oceanum.es\/wp-content\/uploads\/2018\/06\/flecha2.gif\" alt=\"\" width=\"43\" height=\"32\" \/><\/a><\/p>\n","protected":false},"excerpt":{"rendered":"<p>En el curso se ense\u00f1an conocimientos te\u00f3ricos, destrezas y t\u00e9cnicas generales del buceo, con el objeto de capacitar al alumno para planificar de forma aut\u00f3noma sus inmersiones junto con su compa\u00f1ero. Aprender\u00e1s a conoce y saber como interactuan unas especies marinas con otras. Comprender\u00e1s como ser un buceador respetuoso con el medio acu\u00e1tico, para evitar acciones perjudiciales en el mismo, mediante una sesi\u00f3n de introducci\u00f3n a la biolog\u00eda marina. El<\/p>\n<p><a class=\"more-link\" href=\"https:\/\/www.oceanum.es\/?page_id=443\">Leer m\u00e1s<\/a><\/p>\n","protected":false},"author":1,"featured_media":0,"parent":0,"menu_order":0,"comment_status":"closed","ping_status":"closed","template":"","meta":{"footnotes":""},"class_list":["post-443","page","type-page","status-publish","hentry"],"yoast_head":"<title>Open Water - Oceanum Diving Experiences<\/title>\n<meta name=\"robots\" content=\"index, follow, max-snippet:-1, max-image-preview:large, max-video-preview:-1\" \/>\n<link rel=\"canonical\" href=\"https:\/\/www.oceanum.es\/?page_id=443\" \/>\n<meta property=\"og:locale\" content=\"es_ES\" \/>\n<meta property=\"og:type\" content=\"article\" \/>\n<meta property=\"og:title\" content=\"Open Water - Oceanum Diving Experiences\" \/>\n<meta property=\"og:description\" content=\"En el curso se ense\u00f1an conocimientos te\u00f3ricos, destrezas y t\u00e9cnicas generales del buceo, con el objeto de capacitar al alumno para planificar de forma aut\u00f3noma sus inmersiones junto con su compa\u00f1ero. Aprender\u00e1s a conoce y saber como interactuan unas especies marinas con otras. Comprender\u00e1s como ser un buceador respetuoso con el medio acu\u00e1tico, para evitar acciones perjudiciales en el mismo, mediante una sesi\u00f3n de introducci\u00f3n a la biolog\u00eda marina. ElLeer m\u00e1s\" \/>\n<meta property=\"og:url\" content=\"https:\/\/www.oceanum.es\/?page_id=443\" \/>\n<meta property=\"og:site_name\" content=\"Oceanum Diving Experiences\" \/>\n<meta property=\"article:publisher\" content=\"https:\/\/www.facebook.com\/OceanumDiving\/\" \/>\n<meta property=\"article:modified_time\" content=\"2018-06-24T12:10:20+00:00\" \/>\n<meta property=\"og:image\" content=\"https:\/\/www.oceanum.es\/wp-content\/uploads\/2018\/05\/open.gif\" \/>\n<meta name=\"twitter:card\" content=\"summary_large_image\" \/>\n<meta name=\"twitter:site\" content=\"@OceanumDiving\" \/>\n<meta name=\"twitter:label1\" content=\"Tiempo de lectura\" \/>\n\t<meta name=\"twitter:data1\" content=\"1 minuto\" \/>\n<script type=\"application\/ld+json\" class=\"yoast-schema-graph\">{\"@context\":\"https:\\\/\\\/schema.org\",\"@graph\":[{\"@type\":\"WebPage\",\"@id\":\"https:\\\/\\\/www.oceanum.es\\\/?page_id=443\",\"url\":\"https:\\\/\\\/www.oceanum.es\\\/?page_id=443\",\"name\":\"Open Water - Oceanum Diving Experiences\",\"isPartOf\":{\"@id\":\"https:\\\/\\\/www.oceanum.es\\\/#website\"},\"primaryImageOfPage\":{\"@id\":\"https:\\\/\\\/www.oceanum.es\\\/?page_id=443#primaryimage\"},\"image\":{\"@id\":\"https:\\\/\\\/www.oceanum.es\\\/?page_id=443#primaryimage\"},\"thumbnailUrl\":\"https:\\\/\\\/www.oceanum.es\\\/wp-content\\\/uploads\\\/2018\\\/05\\\/open.gif\",\"datePublished\":\"2018-05-24T15:25:59+00:00\",\"dateModified\":\"2018-06-24T12:10:20+00:00\",\"breadcrumb\":{\"@id\":\"https:\\\/\\\/www.oceanum.es\\\/?page_id=443#breadcrumb\"},\"inLanguage\":\"es\",\"potentialAction\":[{\"@type\":\"ReadAction\",\"target\":[\"https:\\\/\\\/www.oceanum.es\\\/?page_id=443\"]}]},{\"@type\":\"ImageObject\",\"inLanguage\":\"es\",\"@id\":\"https:\\\/\\\/www.oceanum.es\\\/?page_id=443#primaryimage\",\"url\":\"https:\\\/\\\/www.oceanum.es\\\/wp-content\\\/uploads\\\/2018\\\/05\\\/open.gif\",\"contentUrl\":\"https:\\\/\\\/www.oceanum.es\\\/wp-content\\\/uploads\\\/2018\\\/05\\\/open.gif\",\"width\":199,\"height\":174},{\"@type\":\"BreadcrumbList\",\"@id\":\"https:\\\/\\\/www.oceanum.es\\\/?page_id=443#breadcrumb\",\"itemListElement\":[{\"@type\":\"ListItem\",\"position\":1,\"name\":\"Portada\",\"item\":\"https:\\\/\\\/www.oceanum.es\\\/\"},{\"@type\":\"ListItem\",\"position\":2,\"name\":\"Open Water\"}]},{\"@type\":\"WebSite\",\"@id\":\"https:\\\/\\\/www.oceanum.es\\\/#website\",\"url\":\"https:\\\/\\\/www.oceanum.es\\\/\",\"name\":\"Oceanum Diving Experiences\",\"description\":\"Otra forma de Bucear\",\"potentialAction\":[{\"@type\":\"SearchAction\",\"target\":{\"@type\":\"EntryPoint\",\"urlTemplate\":\"https:\\\/\\\/www.oceanum.es\\\/?s={search_term_string}\"},\"query-input\":{\"@type\":\"PropertyValueSpecification\",\"valueRequired\":true,\"valueName\":\"search_term_string\"}}],\"inLanguage\":\"es\"}]}<\/script>","yoast_head_json":{"title":"Open Water - Oceanum Diving Experiences","robots":{"index":"index","follow":"follow","max-snippet":"max-snippet:-1","max-image-preview":"max-image-preview:large","max-video-preview":"max-video-preview:-1"},"canonical":"https:\/\/www.oceanum.es\/?page_id=443","og_locale":"es_ES","og_type":"article","og_title":"Open Water - Oceanum Diving Experiences","og_description":"En el curso se ense\u00f1an conocimientos te\u00f3ricos, destrezas y t\u00e9cnicas generales del buceo, con el objeto de capacitar al alumno para planificar de forma aut\u00f3noma sus inmersiones junto con su compa\u00f1ero. Aprender\u00e1s a conoce y saber como interactuan unas especies marinas con otras. Comprender\u00e1s como ser un buceador respetuoso con el medio acu\u00e1tico, para evitar acciones perjudiciales en el mismo, mediante una sesi\u00f3n de introducci\u00f3n a la biolog\u00eda marina. ElLeer m\u00e1s","og_url":"https:\/\/www.oceanum.es\/?page_id=443","og_site_name":"Oceanum Diving Experiences","article_publisher":"https:\/\/www.facebook.com\/OceanumDiving\/","article_modified_time":"2018-06-24T12:10:20+00:00","og_image":[{"url":"https:\/\/www.oceanum.es\/wp-content\/uploads\/2018\/05\/open.gif","type":"","width":"","height":""}],"twitter_card":"summary_large_image","twitter_site":"@OceanumDiving","twitter_misc":{"Tiempo de lectura":"1 minuto"},"schema":{"@context":"https:\/\/schema.org","@graph":[{"@type":"WebPage","@id":"https:\/\/www.oceanum.es\/?page_id=443","url":"https:\/\/www.oceanum.es\/?page_id=443","name":"Open Water - Oceanum Diving Experiences","isPartOf":{"@id":"https:\/\/www.oceanum.es\/#website"},"primaryImageOfPage":{"@id":"https:\/\/www.oceanum.es\/?page_id=443#primaryimage"},"image":{"@id":"https:\/\/www.oceanum.es\/?page_id=443#primaryimage"},"thumbnailUrl":"https:\/\/www.oceanum.es\/wp-content\/uploads\/2018\/05\/open.gif","datePublished":"2018-05-24T15:25:59+00:00","dateModified":"2018-06-24T12:10:20+00:00","breadcrumb":{"@id":"https:\/\/www.oceanum.es\/?page_id=443#breadcrumb"},"inLanguage":"es","potentialAction":[{"@type":"ReadAction","target":["https:\/\/www.oceanum.es\/?page_id=443"]}]},{"@type":"ImageObject","inLanguage":"es","@id":"https:\/\/www.oceanum.es\/?page_id=443#primaryimage","url":"https:\/\/www.oceanum.es\/wp-content\/uploads\/2018\/05\/open.gif","contentUrl":"https:\/\/www.oceanum.es\/wp-content\/uploads\/2018\/05\/open.gif","width":199,"height":174},{"@type":"BreadcrumbList","@id":"https:\/\/www.oceanum.es\/?page_id=443#breadcrumb","itemListElement":[{"@type":"ListItem","position":1,"name":"Portada","item":"https:\/\/www.oceanum.es\/"},{"@type":"ListItem","position":2,"name":"Open Water"}]},{"@type":"WebSite","@id":"https:\/\/www.oceanum.es\/#website","url":"https:\/\/www.oceanum.es\/","name":"Oceanum Diving Experiences","description":"Otra forma de Bucear","potentialAction":[{"@type":"SearchAction","target":{"@type":"EntryPoint","urlTemplate":"https:\/\/www.oceanum.es\/?s={search_term_string}"},"query-input":{"@type":"PropertyValueSpecification","valueRequired":true,"valueName":"search_term_string"}}],"inLanguage":"es"}]}},"amp_enabled":true,"_links":{"self":[{"href":"https:\/\/www.oceanum.es\/index.php?rest_route=\/wp\/v2\/pages\/443","targetHints":{"allow":["GET"]}}],"collection":[{"href":"https:\/\/www.oceanum.es\/index.php?rest_route=\/wp\/v2\/pages"}],"about":[{"href":"https:\/\/www.oceanum.es\/index.php?rest_route=\/wp\/v2\/types\/page"}],"author":[{"embeddable":true,"href":"https:\/\/www.oceanum.es\/index.php?rest_route=\/wp\/v2\/users\/1"}],"replies":[{"embeddable":true,"href":"https:\/\/www.oceanum.es\/index.php?rest_route=%2Fwp%2Fv2%2Fcomments&post=443"}],"version-history":[{"count":11,"href":"https:\/\/www.oceanum.es\/index.php?rest_route=\/wp\/v2\/pages\/443\/revisions"}],"predecessor-version":[{"id":874,"href":"https:\/\/www.oceanum.es\/index.php?rest_route=\/wp\/v2\/pages\/443\/revisions\/874"}],"wp:attachment":[{"href":"https:\/\/www.oceanum.es\/index.php?rest_route=%2Fwp%2Fv2%2Fmedia&parent=443"}],"curies":[{"name":"wp","href":"https:\/\/api.w.org\/{rel}","templated":true}]}}