{"id":441,"date":"2018-05-24T15:25:59","date_gmt":"2018-05-24T15:25:59","guid":{"rendered":"https:\/\/www.oceanum.es\/?page_id=441"},"modified":"2018-06-24T15:21:37","modified_gmt":"2018-06-24T15:21:37","slug":"bautizos-ninos","status":"publish","type":"page","link":"https:\/\/www.oceanum.es\/?page_id=441","title":{"rendered":"Bautizos Ni\u00f1os"},"content":{"rendered":"<p><img decoding=\"async\" class=\"alignright size-full wp-image-856\" src=\"https:\/\/www.oceanum.es\/wp-content\/uploads\/2018\/06\/ni\u00f1os.jpg\" alt=\"\" width=\"177\" height=\"120\" \/>Este programa acerca a los m\u00e1s peque\u00f1os mediante juegos, al mundo del submarinismo.<\/p>\n<p>Ser\u00e1 dirigido por un Asistente de Instructor o Instructor, en piscina y con un profundidad m\u00e1xima de 2 metros.<\/p>\n<p>El objetivo de esta experiencia es el acercamiento de las actividades acuaticas a los ni\u00f1os, en unas condiciones \u00f3ptimas, todo ello mediante juegos y concursos muy sencillos. T\u00e1mbien buscamos que se desarrollen personalmente, favoreciendo las relaciones sociales entre los ni\u00f1os y el respeto con medio acuatico, mediante la pr\u00e1ctica deportiva del buceo.<br \/>\n<a href=\"https:\/\/www.oceanum.es\/?page_id=412\"><img decoding=\"async\" class=\"alignright\" src=\"https:\/\/www.oceanum.es\/wp-content\/uploads\/2018\/06\/flecha2.gif\" alt=\"\" width=\"43\" height=\"32\" \/><\/a><\/p>\n","protected":false},"excerpt":{"rendered":"<p>Este programa acerca a los m\u00e1s peque\u00f1os mediante juegos, al mundo del submarinismo. Ser\u00e1 dirigido por un Asistente de Instructor o Instructor, en piscina y con un profundidad m\u00e1xima de 2 metros. El objetivo de esta experiencia es el acercamiento de las actividades acuaticas a los ni\u00f1os, en unas condiciones \u00f3ptimas, todo ello mediante juegos y concursos muy sencillos. T\u00e1mbien buscamos que se desarrollen personalmente, favoreciendo las relaciones sociales entre<\/p>\n<p><a class=\"more-link\" href=\"https:\/\/www.oceanum.es\/?page_id=441\">Leer m\u00e1s<\/a><\/p>\n","protected":false},"author":1,"featured_media":0,"parent":0,"menu_order":0,"comment_status":"closed","ping_status":"closed","template":"","meta":{"footnotes":""},"class_list":["post-441","page","type-page","status-publish","hentry"],"yoast_head":"<title>Bautizos Ni\u00f1os - Oceanum Diving Experiences<\/title>\n<meta name=\"robots\" content=\"index, follow, max-snippet:-1, max-image-preview:large, max-video-preview:-1\" \/>\n<link rel=\"canonical\" href=\"https:\/\/www.oceanum.es\/?page_id=441\" \/>\n<meta property=\"og:locale\" content=\"es_ES\" \/>\n<meta property=\"og:type\" content=\"article\" \/>\n<meta property=\"og:title\" content=\"Bautizos Ni\u00f1os - Oceanum Diving Experiences\" \/>\n<meta property=\"og:description\" content=\"Este programa acerca a los m\u00e1s peque\u00f1os mediante juegos, al mundo del submarinismo. Ser\u00e1 dirigido por un Asistente de Instructor o Instructor, en piscina y con un profundidad m\u00e1xima de 2 metros. El objetivo de esta experiencia es el acercamiento de las actividades acuaticas a los ni\u00f1os, en unas condiciones \u00f3ptimas, todo ello mediante juegos y concursos muy sencillos. T\u00e1mbien buscamos que se desarrollen personalmente, favoreciendo las relaciones sociales entreLeer m\u00e1s\" \/>\n<meta property=\"og:url\" content=\"https:\/\/www.oceanum.es\/?page_id=441\" \/>\n<meta property=\"og:site_name\" content=\"Oceanum Diving Experiences\" \/>\n<meta property=\"article:publisher\" content=\"https:\/\/www.facebook.com\/OceanumDiving\/\" \/>\n<meta property=\"article:modified_time\" content=\"2018-06-24T15:21:37+00:00\" \/>\n<meta property=\"og:image\" content=\"https:\/\/www.oceanum.es\/wp-content\/uploads\/2018\/06\/flecha2.gif\" \/>\n<meta name=\"twitter:card\" content=\"summary_large_image\" \/>\n<meta name=\"twitter:site\" content=\"@OceanumDiving\" \/>\n<script type=\"application\/ld+json\" class=\"yoast-schema-graph\">{\"@context\":\"https:\\\/\\\/schema.org\",\"@graph\":[{\"@type\":\"WebPage\",\"@id\":\"https:\\\/\\\/www.oceanum.es\\\/?page_id=441\",\"url\":\"https:\\\/\\\/www.oceanum.es\\\/?page_id=441\",\"name\":\"Bautizos Ni\u00f1os - Oceanum Diving Experiences\",\"isPartOf\":{\"@id\":\"https:\\\/\\\/www.oceanum.es\\\/#website\"},\"primaryImageOfPage\":{\"@id\":\"https:\\\/\\\/www.oceanum.es\\\/?page_id=441#primaryimage\"},\"image\":{\"@id\":\"https:\\\/\\\/www.oceanum.es\\\/?page_id=441#primaryimage\"},\"thumbnailUrl\":\"https:\\\/\\\/www.oceanum.es\\\/wp-content\\\/uploads\\\/2018\\\/06\\\/flecha2.gif\",\"datePublished\":\"2018-05-24T15:25:59+00:00\",\"dateModified\":\"2018-06-24T15:21:37+00:00\",\"breadcrumb\":{\"@id\":\"https:\\\/\\\/www.oceanum.es\\\/?page_id=441#breadcrumb\"},\"inLanguage\":\"es\",\"potentialAction\":[{\"@type\":\"ReadAction\",\"target\":[\"https:\\\/\\\/www.oceanum.es\\\/?page_id=441\"]}]},{\"@type\":\"ImageObject\",\"inLanguage\":\"es\",\"@id\":\"https:\\\/\\\/www.oceanum.es\\\/?page_id=441#primaryimage\",\"url\":\"https:\\\/\\\/www.oceanum.es\\\/wp-content\\\/uploads\\\/2018\\\/06\\\/flecha2.gif\",\"contentUrl\":\"https:\\\/\\\/www.oceanum.es\\\/wp-content\\\/uploads\\\/2018\\\/06\\\/flecha2.gif\",\"width\":43,\"height\":32},{\"@type\":\"BreadcrumbList\",\"@id\":\"https:\\\/\\\/www.oceanum.es\\\/?page_id=441#breadcrumb\",\"itemListElement\":[{\"@type\":\"ListItem\",\"position\":1,\"name\":\"Portada\",\"item\":\"https:\\\/\\\/www.oceanum.es\\\/\"},{\"@type\":\"ListItem\",\"position\":2,\"name\":\"Bautizos Ni\u00f1os\"}]},{\"@type\":\"WebSite\",\"@id\":\"https:\\\/\\\/www.oceanum.es\\\/#website\",\"url\":\"https:\\\/\\\/www.oceanum.es\\\/\",\"name\":\"Oceanum Diving Experiences\",\"description\":\"Otra forma de Bucear\",\"potentialAction\":[{\"@type\":\"SearchAction\",\"target\":{\"@type\":\"EntryPoint\",\"urlTemplate\":\"https:\\\/\\\/www.oceanum.es\\\/?s={search_term_string}\"},\"query-input\":{\"@type\":\"PropertyValueSpecification\",\"valueRequired\":true,\"valueName\":\"search_term_string\"}}],\"inLanguage\":\"es\"}]}<\/script>","yoast_head_json":{"title":"Bautizos Ni\u00f1os - Oceanum Diving Experiences","robots":{"index":"index","follow":"follow","max-snippet":"max-snippet:-1","max-image-preview":"max-image-preview:large","max-video-preview":"max-video-preview:-1"},"canonical":"https:\/\/www.oceanum.es\/?page_id=441","og_locale":"es_ES","og_type":"article","og_title":"Bautizos Ni\u00f1os - Oceanum Diving Experiences","og_description":"Este programa acerca a los m\u00e1s peque\u00f1os mediante juegos, al mundo del submarinismo. Ser\u00e1 dirigido por un Asistente de Instructor o Instructor, en piscina y con un profundidad m\u00e1xima de 2 metros. El objetivo de esta experiencia es el acercamiento de las actividades acuaticas a los ni\u00f1os, en unas condiciones \u00f3ptimas, todo ello mediante juegos y concursos muy sencillos. T\u00e1mbien buscamos que se desarrollen personalmente, favoreciendo las relaciones sociales entreLeer m\u00e1s","og_url":"https:\/\/www.oceanum.es\/?page_id=441","og_site_name":"Oceanum Diving Experiences","article_publisher":"https:\/\/www.facebook.com\/OceanumDiving\/","article_modified_time":"2018-06-24T15:21:37+00:00","og_image":[{"url":"https:\/\/www.oceanum.es\/wp-content\/uploads\/2018\/06\/flecha2.gif","type":"","width":"","height":""}],"twitter_card":"summary_large_image","twitter_site":"@OceanumDiving","schema":{"@context":"https:\/\/schema.org","@graph":[{"@type":"WebPage","@id":"https:\/\/www.oceanum.es\/?page_id=441","url":"https:\/\/www.oceanum.es\/?page_id=441","name":"Bautizos Ni\u00f1os - Oceanum Diving Experiences","isPartOf":{"@id":"https:\/\/www.oceanum.es\/#website"},"primaryImageOfPage":{"@id":"https:\/\/www.oceanum.es\/?page_id=441#primaryimage"},"image":{"@id":"https:\/\/www.oceanum.es\/?page_id=441#primaryimage"},"thumbnailUrl":"https:\/\/www.oceanum.es\/wp-content\/uploads\/2018\/06\/flecha2.gif","datePublished":"2018-05-24T15:25:59+00:00","dateModified":"2018-06-24T15:21:37+00:00","breadcrumb":{"@id":"https:\/\/www.oceanum.es\/?page_id=441#breadcrumb"},"inLanguage":"es","potentialAction":[{"@type":"ReadAction","target":["https:\/\/www.oceanum.es\/?page_id=441"]}]},{"@type":"ImageObject","inLanguage":"es","@id":"https:\/\/www.oceanum.es\/?page_id=441#primaryimage","url":"https:\/\/www.oceanum.es\/wp-content\/uploads\/2018\/06\/flecha2.gif","contentUrl":"https:\/\/www.oceanum.es\/wp-content\/uploads\/2018\/06\/flecha2.gif","width":43,"height":32},{"@type":"BreadcrumbList","@id":"https:\/\/www.oceanum.es\/?page_id=441#breadcrumb","itemListElement":[{"@type":"ListItem","position":1,"name":"Portada","item":"https:\/\/www.oceanum.es\/"},{"@type":"ListItem","position":2,"name":"Bautizos Ni\u00f1os"}]},{"@type":"WebSite","@id":"https:\/\/www.oceanum.es\/#website","url":"https:\/\/www.oceanum.es\/","name":"Oceanum Diving Experiences","description":"Otra forma de Bucear","potentialAction":[{"@type":"SearchAction","target":{"@type":"EntryPoint","urlTemplate":"https:\/\/www.oceanum.es\/?s={search_term_string}"},"query-input":{"@type":"PropertyValueSpecification","valueRequired":true,"valueName":"search_term_string"}}],"inLanguage":"es"}]}},"amp_enabled":true,"_links":{"self":[{"href":"https:\/\/www.oceanum.es\/index.php?rest_route=\/wp\/v2\/pages\/441","targetHints":{"allow":["GET"]}}],"collection":[{"href":"https:\/\/www.oceanum.es\/index.php?rest_route=\/wp\/v2\/pages"}],"about":[{"href":"https:\/\/www.oceanum.es\/index.php?rest_route=\/wp\/v2\/types\/page"}],"author":[{"embeddable":true,"href":"https:\/\/www.oceanum.es\/index.php?rest_route=\/wp\/v2\/users\/1"}],"replies":[{"embeddable":true,"href":"https:\/\/www.oceanum.es\/index.php?rest_route=%2Fwp%2Fv2%2Fcomments&post=441"}],"version-history":[{"count":3,"href":"https:\/\/www.oceanum.es\/index.php?rest_route=\/wp\/v2\/pages\/441\/revisions"}],"predecessor-version":[{"id":879,"href":"https:\/\/www.oceanum.es\/index.php?rest_route=\/wp\/v2\/pages\/441\/revisions\/879"}],"wp:attachment":[{"href":"https:\/\/www.oceanum.es\/index.php?rest_route=%2Fwp%2Fv2%2Fmedia&parent=441"}],"curies":[{"name":"wp","href":"https:\/\/api.w.org\/{rel}","templated":true}]}}