{"id":422,"date":"2018-05-23T09:02:42","date_gmt":"2018-05-23T09:02:42","guid":{"rendered":"https:\/\/www.oceanum.es\/?page_id=422"},"modified":"2020-06-23T13:19:02","modified_gmt":"2020-06-23T12:19:02","slug":"buceo-tecnico","status":"publish","type":"page","link":"https:\/\/www.oceanum.es\/?page_id=422","title":{"rendered":"Buceo T\u00e9cnico"},"content":{"rendered":"\n<table border=\"0\" width=\"800\" cellspacing=\"0\" cellpadding=\"0\">\n<tbody>\n<tr>\n<th style=\"text-align: left;\" colspan=\"3\">\n<table border=\"0\" width=\"800\" cellspacing=\"1\" align=\"center\">\n<tbody>\n<tr>\n<td><span style=\"color: #333333;\"><span style=\"font-family: Arial, Helvetica, sans-serif; font-size: medium;\"><strong>La formaci\u00f3n en buceo T\u00e9cnico que ofrecemos es de la m\u00e1s alta calidad disponible.<\/strong><br>Los programas impartidos son coherentes, consistentes y compatible con el sistema Hogarthian de buceo, garantizando una formaci\u00f3n basada en el trabajo en equipo, la educaci\u00f3n, la experiencia y la pr\u00e1ctica de buceo, independientemente de la agencia certificadora.<br>Los programas que te ofrecemos incluyen el buceo t\u00e9cnico, trimix, entorno cerrado, rebreather y varias especialidades.<\/span><\/span><\/td>\n<\/tr>\n<\/tbody>\n<\/table>\n<\/th>\n<\/tr>\n<tr>\n<td><strong><span style=\"color: #993300;\">TECHNICAL<\/span><\/strong><\/td>\n<td>&nbsp;<\/td>\n<td>&nbsp;<\/td>\n<\/tr>\n<tr>\n<td style=\"text-align: center;\"><a href=\"https:\/\/www.oceanum.es\/?page_id=549\"><img decoding=\"async\" class=\"aligncenter wp-image-970 size-thumbnail\" src=\"https:\/\/www.oceanum.es\/wp-content\/uploads\/2018\/06\/PICT0630-150x150.jpg\" alt=\"\" width=\"150\" height=\"150\" srcset=\"https:\/\/www.oceanum.es\/wp-content\/uploads\/2018\/06\/PICT0630-150x150.jpg 150w, https:\/\/www.oceanum.es\/wp-content\/uploads\/2018\/06\/PICT0630-300x300.jpg 300w, https:\/\/www.oceanum.es\/wp-content\/uploads\/2018\/06\/PICT0630-100x100.jpg 100w, https:\/\/www.oceanum.es\/wp-content\/uploads\/2018\/06\/PICT0630-250x250.jpg 250w\" sizes=\"(max-width: 150px) 100vw, 150px\" \/><\/a><\/td>\n<td style=\"text-align: center;\"><a href=\"https:\/\/www.oceanum.es\/?page_id=550\"><img decoding=\"async\" class=\"aligncenter wp-image-971 size-thumbnail\" src=\"https:\/\/www.oceanum.es\/wp-content\/uploads\/2018\/06\/TEC2-150x150.gif\" alt=\"\" width=\"150\" height=\"150\" srcset=\"https:\/\/www.oceanum.es\/wp-content\/uploads\/2018\/06\/TEC2-150x150.gif 150w, https:\/\/www.oceanum.es\/wp-content\/uploads\/2018\/06\/TEC2-100x100.gif 100w\" sizes=\"(max-width: 150px) 100vw, 150px\" \/><\/a><\/td>\n<td style=\"text-align: center;\"><a href=\"https:\/\/www.oceanum.es\/?page_id=552\"><img decoding=\"async\" class=\"aligncenter wp-image-972 size-thumbnail\" src=\"https:\/\/www.oceanum.es\/wp-content\/uploads\/2018\/06\/trimix-150x150.jpg\" alt=\"\" width=\"150\" height=\"150\" srcset=\"https:\/\/www.oceanum.es\/wp-content\/uploads\/2018\/06\/trimix-150x150.jpg 150w, https:\/\/www.oceanum.es\/wp-content\/uploads\/2018\/06\/trimix-300x300.jpg 300w, https:\/\/www.oceanum.es\/wp-content\/uploads\/2018\/06\/trimix-100x100.jpg 100w, https:\/\/www.oceanum.es\/wp-content\/uploads\/2018\/06\/trimix-250x250.jpg 250w\" sizes=\"(max-width: 150px) 100vw, 150px\" \/><\/a><\/td>\n<\/tr>\n<tr>\n<td style=\"text-align: center;\"><strong style=\"text-align: center;\">ADV REC TRIMIX<\/strong><\/td>\n<td style=\"text-align: center;\"><strong style=\"text-align: center;\">TRIMIX NORM\u00d3XICO<\/strong><\/td>\n<td style=\"text-align: center;\"><strong style=\"text-align: center;\">TRIMIX HIP\u00d3XICO<\/strong><\/td>\n<\/tr>\n<tr>\n<td colspan=\"3\"><span style=\"color: #993300;\"><strong>OVERHEAD<\/strong><\/span><\/td>\n<\/tr>\n<tr>\n<td style=\"text-align: right;\">&nbsp;<\/td>\n<td style=\"text-align: center;\"><strong style=\"color: #339966; text-align: right;\">CAVE<\/strong><\/td>\n<td>&nbsp;<\/td>\n<\/tr>\n<tr>\n<td><a href=\"https:\/\/www.oceanum.es\/?page_id=554\"><img loading=\"lazy\" decoding=\"async\" class=\"aligncenter wp-image-973 size-thumbnail\" src=\"https:\/\/www.oceanum.es\/wp-content\/uploads\/2018\/06\/P1010182-150x150.gif\" alt=\"\" width=\"150\" height=\"150\" srcset=\"https:\/\/www.oceanum.es\/wp-content\/uploads\/2018\/06\/P1010182-150x150.gif 150w, https:\/\/www.oceanum.es\/wp-content\/uploads\/2018\/06\/P1010182-100x100.gif 100w\" sizes=\"(max-width: 150px) 100vw, 150px\" \/><\/a><\/td>\n<td><a href=\"https:\/\/www.oceanum.es\/?page_id=555\"><img loading=\"lazy\" decoding=\"async\" class=\"aligncenter wp-image-974 size-thumbnail\" src=\"https:\/\/www.oceanum.es\/wp-content\/uploads\/2018\/06\/P1010199-150x150.gif\" alt=\"\" width=\"150\" height=\"150\" srcset=\"https:\/\/www.oceanum.es\/wp-content\/uploads\/2018\/06\/P1010199-150x150.gif 150w, https:\/\/www.oceanum.es\/wp-content\/uploads\/2018\/06\/P1010199-100x100.gif 100w\" sizes=\"(max-width: 150px) 100vw, 150px\" \/><\/a><\/td>\n<td><a href=\"https:\/\/www.oceanum.es\/?page_id=562\"><img loading=\"lazy\" decoding=\"async\" class=\"aligncenter wp-image-980 size-thumbnail\" src=\"https:\/\/www.oceanum.es\/wp-content\/uploads\/2018\/06\/00d9b1e39f02d57be65ad2a9a6eaa3b8_L-150x150.jpg\" alt=\"\" width=\"150\" height=\"150\" srcset=\"https:\/\/www.oceanum.es\/wp-content\/uploads\/2018\/06\/00d9b1e39f02d57be65ad2a9a6eaa3b8_L-150x150.jpg 150w, https:\/\/www.oceanum.es\/wp-content\/uploads\/2018\/06\/00d9b1e39f02d57be65ad2a9a6eaa3b8_L-300x300.jpg 300w, https:\/\/www.oceanum.es\/wp-content\/uploads\/2018\/06\/00d9b1e39f02d57be65ad2a9a6eaa3b8_L-100x100.jpg 100w, https:\/\/www.oceanum.es\/wp-content\/uploads\/2018\/06\/00d9b1e39f02d57be65ad2a9a6eaa3b8_L-250x250.jpg 250w\" sizes=\"(max-width: 150px) 100vw, 150px\" \/><\/a><\/td>\n<\/tr>\n<tr>\n<td style=\"text-align: center;\"><strong>CAVERN<\/strong><\/td>\n<td style=\"text-align: center;\"><strong>INTRO TO CAVE<\/strong><\/td>\n<td style=\"text-align: center;\"><strong>TECHNICAL CAVE<\/strong><\/td>\n<\/tr>\n<tr>\n<td style=\"text-align: right;\">&nbsp;<\/td>\n<td style=\"text-align: center;\"><span style=\"color: #339966;\"><strong>WRECK<\/strong><\/span><\/td>\n<td>&nbsp;<\/td>\n<\/tr>\n<tr>\n<td><a href=\"https:\/\/www.oceanum.es\/?page_id=535\"><img loading=\"lazy\" decoding=\"async\" class=\"aligncenter wp-image-979 size-thumbnail\" src=\"https:\/\/www.oceanum.es\/wp-content\/uploads\/2018\/06\/7-1-150x150.jpg\" alt=\"\" width=\"150\" height=\"150\" srcset=\"https:\/\/www.oceanum.es\/wp-content\/uploads\/2018\/06\/7-1-150x150.jpg 150w, https:\/\/www.oceanum.es\/wp-content\/uploads\/2018\/06\/7-1-300x300.jpg 300w, https:\/\/www.oceanum.es\/wp-content\/uploads\/2018\/06\/7-1-100x100.jpg 100w, https:\/\/www.oceanum.es\/wp-content\/uploads\/2018\/06\/7-1-250x250.jpg 250w\" sizes=\"(max-width: 150px) 100vw, 150px\" \/><\/a><\/td>\n<td><a href=\"https:\/\/www.oceanum.es\/?page_id=558\"><img loading=\"lazy\" decoding=\"async\" class=\"aligncenter wp-image-983 size-thumbnail\" src=\"https:\/\/www.oceanum.es\/wp-content\/uploads\/2018\/06\/wreck2-150x150.gif\" alt=\"\" width=\"150\" height=\"150\" srcset=\"https:\/\/www.oceanum.es\/wp-content\/uploads\/2018\/06\/wreck2-150x150.gif 150w, https:\/\/www.oceanum.es\/wp-content\/uploads\/2018\/06\/wreck2-300x300.gif 300w, https:\/\/www.oceanum.es\/wp-content\/uploads\/2018\/06\/wreck2-100x100.gif 100w, https:\/\/www.oceanum.es\/wp-content\/uploads\/2018\/06\/wreck2-250x250.gif 250w\" sizes=\"(max-width: 150px) 100vw, 150px\" \/><\/a><\/td>\n<td><a href=\"https:\/\/www.oceanum.es\/?page_id=559\"><img loading=\"lazy\" decoding=\"async\" class=\"aligncenter wp-image-982 size-thumbnail\" src=\"https:\/\/www.oceanum.es\/wp-content\/uploads\/2018\/06\/a42a2aa6c7440291c38ba9adc5892a56_M-150x150.jpg\" alt=\"\" width=\"150\" height=\"150\" srcset=\"https:\/\/www.oceanum.es\/wp-content\/uploads\/2018\/06\/a42a2aa6c7440291c38ba9adc5892a56_M-150x150.jpg 150w, https:\/\/www.oceanum.es\/wp-content\/uploads\/2018\/06\/a42a2aa6c7440291c38ba9adc5892a56_M-100x100.jpg 100w\" sizes=\"(max-width: 150px) 100vw, 150px\" \/><\/a><\/td>\n<\/tr>\n<tr>\n<td style=\"text-align: center;\"><strong>WRECK<\/strong><\/td>\n<td style=\"text-align: center;\"><strong>ADV WRECK<\/strong><\/td>\n<td style=\"text-align: center;\"><strong>TECHNICAL WRECK<\/strong><\/td>\n<\/tr>\n<tr>\n<td>&nbsp;<\/td>\n<td>&nbsp;<\/td>\n<td>&nbsp;<\/td>\n<\/tr>\n<tr>\n<td colspan=\"3\"><span style=\"color: #993300;\"><strong>ESPECIALIDADES TEC<\/strong><\/span><\/td>\n<\/tr>\n<tr>\n<td><a href=\"https:\/\/www.oceanum.es\/?page_id=642\"><img loading=\"lazy\" decoding=\"async\" class=\"aligncenter wp-image-984 size-thumbnail\" src=\"https:\/\/www.oceanum.es\/wp-content\/uploads\/2018\/06\/1-150x150.jpg\" alt=\"\" width=\"150\" height=\"150\" srcset=\"https:\/\/www.oceanum.es\/wp-content\/uploads\/2018\/06\/1-150x150.jpg 150w, https:\/\/www.oceanum.es\/wp-content\/uploads\/2018\/06\/1-300x300.jpg 300w, https:\/\/www.oceanum.es\/wp-content\/uploads\/2018\/06\/1-100x100.jpg 100w, https:\/\/www.oceanum.es\/wp-content\/uploads\/2018\/06\/1-250x250.jpg 250w\" sizes=\"(max-width: 150px) 100vw, 150px\" \/><\/a><\/td>\n<td><a href=\"https:\/\/www.oceanum.es\/?page_id=643\"><img loading=\"lazy\" decoding=\"async\" class=\"aligncenter wp-image-976 size-thumbnail\" src=\"https:\/\/www.oceanum.es\/wp-content\/uploads\/2018\/06\/dpv2-1-150x150.jpg\" alt=\"\" width=\"150\" height=\"150\" srcset=\"https:\/\/www.oceanum.es\/wp-content\/uploads\/2018\/06\/dpv2-1-150x150.jpg 150w, https:\/\/www.oceanum.es\/wp-content\/uploads\/2018\/06\/dpv2-1-300x300.jpg 300w, https:\/\/www.oceanum.es\/wp-content\/uploads\/2018\/06\/dpv2-1-100x100.jpg 100w, https:\/\/www.oceanum.es\/wp-content\/uploads\/2018\/06\/dpv2-1-250x250.jpg 250w\" sizes=\"(max-width: 150px) 100vw, 150px\" \/><\/a><\/td>\n<td><a href=\"https:\/\/www.oceanum.es\/?page_id=644\"><img loading=\"lazy\" decoding=\"async\" class=\"aligncenter wp-image-977 size-thumbnail\" src=\"https:\/\/www.oceanum.es\/wp-content\/uploads\/2018\/06\/a27a3b73d355048c6bab885897085f62_M-150x150.jpg\" alt=\"\" width=\"150\" height=\"150\" srcset=\"https:\/\/www.oceanum.es\/wp-content\/uploads\/2018\/06\/a27a3b73d355048c6bab885897085f62_M-150x150.jpg 150w, https:\/\/www.oceanum.es\/wp-content\/uploads\/2018\/06\/a27a3b73d355048c6bab885897085f62_M-100x100.jpg 100w\" sizes=\"(max-width: 150px) 100vw, 150px\" \/><\/a><\/td>\n<\/tr>\n<tr>\n<td style=\"text-align: center;\"><strong>WORKSHOP<\/strong><\/td>\n<td style=\"text-align: center;\"><strong>DPV TEC<\/strong><\/td>\n<td style=\"text-align: center;\"><strong>GAS BLENDER<\/strong><\/td>\n<\/tr>\n<tr>\n<td><a href=\"https:\/\/www.oceanum.es\/?page_id=705\"><img loading=\"lazy\" decoding=\"async\" class=\"aligncenter wp-image-977 size-thumbnail\" src=\"https:\/\/www.oceanum.es\/wp-content\/uploads\/2018\/06\/a27a3b73d355048c6bab885897085f62_M-150x150.jpg\" alt=\"\" width=\"150\" height=\"150\" srcset=\"https:\/\/www.oceanum.es\/wp-content\/uploads\/2018\/06\/a27a3b73d355048c6bab885897085f62_M-150x150.jpg 150w, https:\/\/www.oceanum.es\/wp-content\/uploads\/2018\/06\/a27a3b73d355048c6bab885897085f62_M-100x100.jpg 100w\" sizes=\"(max-width: 150px) 100vw, 150px\" \/><\/a><\/td>\n<td><a href=\"https:\/\/www.oceanum.es\/?page_id=645\"><img loading=\"lazy\" decoding=\"async\" class=\"aligncenter wp-image-981 size-thumbnail\" src=\"https:\/\/www.oceanum.es\/wp-content\/uploads\/2018\/06\/954fb0ebf1d84fb921bfb0b6e045d57f_M-150x150.jpg\" alt=\"\" width=\"150\" height=\"150\" srcset=\"https:\/\/www.oceanum.es\/wp-content\/uploads\/2018\/06\/954fb0ebf1d84fb921bfb0b6e045d57f_M-150x150.jpg 150w, https:\/\/www.oceanum.es\/wp-content\/uploads\/2018\/06\/954fb0ebf1d84fb921bfb0b6e045d57f_M-100x100.jpg 100w\" sizes=\"(max-width: 150px) 100vw, 150px\" \/><\/a><\/td>\n<td><a href=\"https:\/\/www.oceanum.es\/?page_id=646\"><img loading=\"lazy\" decoding=\"async\" class=\"aligncenter wp-image-1016 size-thumbnail\" src=\"https:\/\/www.oceanum.es\/wp-content\/uploads\/2018\/06\/dolphin2-150x134.jpg\" alt=\"\" width=\"150\" height=\"134\"><\/a><\/td>\n<\/tr>\n<tr>\n<td style=\"text-align: center;\"><strong>GAS BLENDER TRIMIX<\/strong><\/td>\n<td style=\"text-align: center;\"><strong>SIDEMOUNT TEC<\/strong><\/td>\n<td style=\"text-align: center;\"><strong>REBREATHER SCR<\/strong><\/td>\n<\/tr>\n<tr>\n<td>&nbsp;<\/td>\n<td>&nbsp;<\/td>\n<td>&nbsp;<\/td>\n<\/tr>\n<tr>\n<td>&nbsp;<\/td>\n<td>&nbsp;<\/td>\n<td>&nbsp;<\/td>\n<\/tr>\n<tr>\n<td>&nbsp;<\/td>\n<td>&nbsp;<\/td>\n<td>&nbsp;<\/td>\n<\/tr>\n<tr>\n<td>&nbsp;<\/td>\n<td>&nbsp;<\/td>\n<td>&nbsp;<\/td>\n<\/tr>\n<\/tbody>\n<\/table>\n","protected":false},"excerpt":{"rendered":"<p>La formaci\u00f3n en buceo T\u00e9cnico que ofrecemos es de la m\u00e1s alta calidad disponible.Los programas impartidos son coherentes, consistentes y compatible con el sistema Hogarthian de buceo, garantizando una formaci\u00f3n basada en el trabajo en equipo, la educaci\u00f3n, la experiencia y la pr\u00e1ctica de buceo, independientemente de la agencia certificadora.Los programas que te ofrecemos incluyen el buceo t\u00e9cnico, trimix, entorno cerrado, rebreather y varias especialidades. TECHNICAL &nbsp; &nbsp; ADV REC<\/p>\n<p><a class=\"more-link\" href=\"https:\/\/www.oceanum.es\/?page_id=422\">Leer m\u00e1s<\/a><\/p>\n","protected":false},"author":1,"featured_media":0,"parent":0,"menu_order":0,"comment_status":"closed","ping_status":"closed","template":"","meta":{"footnotes":""},"class_list":["post-422","page","type-page","status-publish","hentry"],"yoast_head":"<title>Buceo T\u00e9cnico - Oceanum Diving Experiences<\/title>\n<meta name=\"robots\" content=\"index, follow, max-snippet:-1, max-image-preview:large, max-video-preview:-1\" \/>\n<link rel=\"canonical\" href=\"https:\/\/www.oceanum.es\/?page_id=422\" \/>\n<meta property=\"og:locale\" content=\"es_ES\" \/>\n<meta property=\"og:type\" content=\"article\" \/>\n<meta property=\"og:title\" content=\"Buceo T\u00e9cnico - Oceanum Diving Experiences\" \/>\n<meta property=\"og:description\" content=\"La formaci\u00f3n en buceo T\u00e9cnico que ofrecemos es de la m\u00e1s alta calidad disponible.Los programas impartidos son coherentes, consistentes y compatible con el sistema Hogarthian de buceo, garantizando una formaci\u00f3n basada en el trabajo en equipo, la educaci\u00f3n, la experiencia y la pr\u00e1ctica de buceo, independientemente de la agencia certificadora.Los programas que te ofrecemos incluyen el buceo t\u00e9cnico, trimix, entorno cerrado, rebreather y varias especialidades. TECHNICAL &nbsp; &nbsp; ADV RECLeer m\u00e1s\" \/>\n<meta property=\"og:url\" content=\"https:\/\/www.oceanum.es\/?page_id=422\" \/>\n<meta property=\"og:site_name\" content=\"Oceanum Diving Experiences\" \/>\n<meta property=\"article:publisher\" content=\"https:\/\/www.facebook.com\/OceanumDiving\/\" \/>\n<meta property=\"article:modified_time\" content=\"2020-06-23T12:19:02+00:00\" \/>\n<meta property=\"og:image\" content=\"https:\/\/www.oceanum.es\/wp-content\/uploads\/2018\/06\/PICT0630-150x150.jpg\" \/>\n<meta name=\"twitter:card\" content=\"summary_large_image\" \/>\n<meta name=\"twitter:site\" content=\"@OceanumDiving\" \/>\n<meta name=\"twitter:label1\" content=\"Tiempo de lectura\" \/>\n\t<meta name=\"twitter:data1\" content=\"1 minuto\" \/>\n<script type=\"application\/ld+json\" class=\"yoast-schema-graph\">{\"@context\":\"https:\\\/\\\/schema.org\",\"@graph\":[{\"@type\":\"WebPage\",\"@id\":\"https:\\\/\\\/www.oceanum.es\\\/?page_id=422\",\"url\":\"https:\\\/\\\/www.oceanum.es\\\/?page_id=422\",\"name\":\"Buceo T\u00e9cnico - Oceanum Diving Experiences\",\"isPartOf\":{\"@id\":\"https:\\\/\\\/www.oceanum.es\\\/#website\"},\"primaryImageOfPage\":{\"@id\":\"https:\\\/\\\/www.oceanum.es\\\/?page_id=422#primaryimage\"},\"image\":{\"@id\":\"https:\\\/\\\/www.oceanum.es\\\/?page_id=422#primaryimage\"},\"thumbnailUrl\":\"https:\\\/\\\/www.oceanum.es\\\/wp-content\\\/uploads\\\/2018\\\/06\\\/PICT0630-150x150.jpg\",\"datePublished\":\"2018-05-23T09:02:42+00:00\",\"dateModified\":\"2020-06-23T12:19:02+00:00\",\"breadcrumb\":{\"@id\":\"https:\\\/\\\/www.oceanum.es\\\/?page_id=422#breadcrumb\"},\"inLanguage\":\"es\",\"potentialAction\":[{\"@type\":\"ReadAction\",\"target\":[\"https:\\\/\\\/www.oceanum.es\\\/?page_id=422\"]}]},{\"@type\":\"ImageObject\",\"inLanguage\":\"es\",\"@id\":\"https:\\\/\\\/www.oceanum.es\\\/?page_id=422#primaryimage\",\"url\":\"https:\\\/\\\/www.oceanum.es\\\/wp-content\\\/uploads\\\/2018\\\/06\\\/PICT0630-scaled.jpg\",\"contentUrl\":\"https:\\\/\\\/www.oceanum.es\\\/wp-content\\\/uploads\\\/2018\\\/06\\\/PICT0630-scaled.jpg\",\"width\":2560,\"height\":1920,\"caption\":\"DIGITAL CAMERA\"},{\"@type\":\"BreadcrumbList\",\"@id\":\"https:\\\/\\\/www.oceanum.es\\\/?page_id=422#breadcrumb\",\"itemListElement\":[{\"@type\":\"ListItem\",\"position\":1,\"name\":\"Portada\",\"item\":\"https:\\\/\\\/www.oceanum.es\\\/\"},{\"@type\":\"ListItem\",\"position\":2,\"name\":\"Buceo T\u00e9cnico\"}]},{\"@type\":\"WebSite\",\"@id\":\"https:\\\/\\\/www.oceanum.es\\\/#website\",\"url\":\"https:\\\/\\\/www.oceanum.es\\\/\",\"name\":\"Oceanum Diving Experiences\",\"description\":\"Otra forma de Bucear\",\"potentialAction\":[{\"@type\":\"SearchAction\",\"target\":{\"@type\":\"EntryPoint\",\"urlTemplate\":\"https:\\\/\\\/www.oceanum.es\\\/?s={search_term_string}\"},\"query-input\":{\"@type\":\"PropertyValueSpecification\",\"valueRequired\":true,\"valueName\":\"search_term_string\"}}],\"inLanguage\":\"es\"}]}<\/script>","yoast_head_json":{"title":"Buceo T\u00e9cnico - Oceanum Diving Experiences","robots":{"index":"index","follow":"follow","max-snippet":"max-snippet:-1","max-image-preview":"max-image-preview:large","max-video-preview":"max-video-preview:-1"},"canonical":"https:\/\/www.oceanum.es\/?page_id=422","og_locale":"es_ES","og_type":"article","og_title":"Buceo T\u00e9cnico - Oceanum Diving Experiences","og_description":"La formaci\u00f3n en buceo T\u00e9cnico que ofrecemos es de la m\u00e1s alta calidad disponible.Los programas impartidos son coherentes, consistentes y compatible con el sistema Hogarthian de buceo, garantizando una formaci\u00f3n basada en el trabajo en equipo, la educaci\u00f3n, la experiencia y la pr\u00e1ctica de buceo, independientemente de la agencia certificadora.Los programas que te ofrecemos incluyen el buceo t\u00e9cnico, trimix, entorno cerrado, rebreather y varias especialidades. TECHNICAL &nbsp; &nbsp; ADV RECLeer m\u00e1s","og_url":"https:\/\/www.oceanum.es\/?page_id=422","og_site_name":"Oceanum Diving Experiences","article_publisher":"https:\/\/www.facebook.com\/OceanumDiving\/","article_modified_time":"2020-06-23T12:19:02+00:00","og_image":[{"url":"https:\/\/www.oceanum.es\/wp-content\/uploads\/2018\/06\/PICT0630-150x150.jpg","type":"","width":"","height":""}],"twitter_card":"summary_large_image","twitter_site":"@OceanumDiving","twitter_misc":{"Tiempo de lectura":"1 minuto"},"schema":{"@context":"https:\/\/schema.org","@graph":[{"@type":"WebPage","@id":"https:\/\/www.oceanum.es\/?page_id=422","url":"https:\/\/www.oceanum.es\/?page_id=422","name":"Buceo T\u00e9cnico - Oceanum Diving Experiences","isPartOf":{"@id":"https:\/\/www.oceanum.es\/#website"},"primaryImageOfPage":{"@id":"https:\/\/www.oceanum.es\/?page_id=422#primaryimage"},"image":{"@id":"https:\/\/www.oceanum.es\/?page_id=422#primaryimage"},"thumbnailUrl":"https:\/\/www.oceanum.es\/wp-content\/uploads\/2018\/06\/PICT0630-150x150.jpg","datePublished":"2018-05-23T09:02:42+00:00","dateModified":"2020-06-23T12:19:02+00:00","breadcrumb":{"@id":"https:\/\/www.oceanum.es\/?page_id=422#breadcrumb"},"inLanguage":"es","potentialAction":[{"@type":"ReadAction","target":["https:\/\/www.oceanum.es\/?page_id=422"]}]},{"@type":"ImageObject","inLanguage":"es","@id":"https:\/\/www.oceanum.es\/?page_id=422#primaryimage","url":"https:\/\/www.oceanum.es\/wp-content\/uploads\/2018\/06\/PICT0630-scaled.jpg","contentUrl":"https:\/\/www.oceanum.es\/wp-content\/uploads\/2018\/06\/PICT0630-scaled.jpg","width":2560,"height":1920,"caption":"DIGITAL CAMERA"},{"@type":"BreadcrumbList","@id":"https:\/\/www.oceanum.es\/?page_id=422#breadcrumb","itemListElement":[{"@type":"ListItem","position":1,"name":"Portada","item":"https:\/\/www.oceanum.es\/"},{"@type":"ListItem","position":2,"name":"Buceo T\u00e9cnico"}]},{"@type":"WebSite","@id":"https:\/\/www.oceanum.es\/#website","url":"https:\/\/www.oceanum.es\/","name":"Oceanum Diving Experiences","description":"Otra forma de Bucear","potentialAction":[{"@type":"SearchAction","target":{"@type":"EntryPoint","urlTemplate":"https:\/\/www.oceanum.es\/?s={search_term_string}"},"query-input":{"@type":"PropertyValueSpecification","valueRequired":true,"valueName":"search_term_string"}}],"inLanguage":"es"}]}},"amp_enabled":true,"_links":{"self":[{"href":"https:\/\/www.oceanum.es\/index.php?rest_route=\/wp\/v2\/pages\/422","targetHints":{"allow":["GET"]}}],"collection":[{"href":"https:\/\/www.oceanum.es\/index.php?rest_route=\/wp\/v2\/pages"}],"about":[{"href":"https:\/\/www.oceanum.es\/index.php?rest_route=\/wp\/v2\/types\/page"}],"author":[{"embeddable":true,"href":"https:\/\/www.oceanum.es\/index.php?rest_route=\/wp\/v2\/users\/1"}],"replies":[{"embeddable":true,"href":"https:\/\/www.oceanum.es\/index.php?rest_route=%2Fwp%2Fv2%2Fcomments&post=422"}],"version-history":[{"count":20,"href":"https:\/\/www.oceanum.es\/index.php?rest_route=\/wp\/v2\/pages\/422\/revisions"}],"predecessor-version":[{"id":1786,"href":"https:\/\/www.oceanum.es\/index.php?rest_route=\/wp\/v2\/pages\/422\/revisions\/1786"}],"wp:attachment":[{"href":"https:\/\/www.oceanum.es\/index.php?rest_route=%2Fwp%2Fv2%2Fmedia&parent=422"}],"curies":[{"name":"wp","href":"https:\/\/api.w.org\/{rel}","templated":true}]}}