{"id":299,"date":"2018-03-18T08:03:49","date_gmt":"2018-03-18T08:03:49","guid":{"rendered":"https:\/\/www.oceanum.es\/?page_id=299"},"modified":"2019-09-08T20:53:00","modified_gmt":"2019-09-08T20:53:00","slug":"quien-somos","status":"publish","type":"page","link":"https:\/\/www.oceanum.es\/?page_id=299","title":{"rendered":"Quienes somos"},"content":{"rendered":"<p><strong>OCEANUM Diving Experiences<\/strong> es el resultado de fusionar en un nuevo proyecto la experiencia de 16 a\u00f1os en buceo recreativo de <strong>TSUNAMIDIVE<\/strong> y&nbsp;los 12 a\u00f1os en buceo t\u00e9cnico de <strong>AQUA-X.<\/strong><\/p>\n<p><strong>OCEANUM Diving Experiences&nbsp;<\/strong> nace del amor por los oc\u00e9anos y nuestro sue\u00f1o de <img fetchpriority=\"high\" decoding=\"async\" class=\"alignright size-medium wp-image-851\" src=\"https:\/\/www.oceanum.es\/wp-content\/uploads\/2018\/06\/st13-300x175.gif\" alt=\"\" width=\"300\" height=\"175\">disfrutar de ellos, contagiando de nuestra pasi\u00f3n a otras personas pero siempre con seguridad y respeto.<\/p>\n<p>Para ello nos hemos formado con las agencias m\u00e1s importantes del sector e impartimos la formaci\u00f3n en un ambiente familiar, a la vez que profesional.<\/p>\n<p>Nos entusiasma la naturaleza y nos encanta disfrutar de la paz y relajaci\u00f3n que proporciona estar sumergido en el agua, as\u00ed como disfrutar de las maravillas que podemos ver.<\/p>\n<p>Aunque este sea un nuevo proyecto contamos en nuestro equipo con miembros que llevan m\u00e1s de 25 a\u00f1os de experiencia&nbsp; y son formadores de instructores de varios niveles.<br \/>\n<img decoding=\"async\" class=\"alignright size-full wp-image-867\" src=\"https:\/\/www.oceanum.es\/wp-content\/uploads\/2018\/06\/9.jpg\" alt=\"\" width=\"210\" height=\"104\"><\/p>\n","protected":false},"excerpt":{"rendered":"<p>OCEANUM Diving Experiences es el resultado de fusionar en un nuevo proyecto la experiencia de 16 a\u00f1os en buceo recreativo de TSUNAMIDIVE y&nbsp;los 12 a\u00f1os en buceo t\u00e9cnico de AQUA-X. OCEANUM Diving Experiences&nbsp; nace del amor por los oc\u00e9anos y nuestro sue\u00f1o de disfrutar de ellos, contagiando de nuestra pasi\u00f3n a otras personas pero siempre con seguridad y respeto. Para ello nos hemos formado con las agencias m\u00e1s importantes del<\/p>\n<p><a class=\"more-link\" href=\"https:\/\/www.oceanum.es\/?page_id=299\">Leer m\u00e1s<\/a><\/p>\n","protected":false},"author":1,"featured_media":0,"parent":0,"menu_order":0,"comment_status":"closed","ping_status":"closed","template":"","meta":{"footnotes":""},"class_list":["post-299","page","type-page","status-publish","hentry"],"yoast_head":"<title>Quienes somos - Oceanum Diving Experiences<\/title>\n<meta name=\"robots\" content=\"index, follow, max-snippet:-1, max-image-preview:large, max-video-preview:-1\" \/>\n<link rel=\"canonical\" href=\"https:\/\/www.oceanum.es\/?page_id=299\" \/>\n<meta property=\"og:locale\" content=\"es_ES\" \/>\n<meta property=\"og:type\" content=\"article\" \/>\n<meta property=\"og:title\" content=\"Quienes somos - Oceanum Diving Experiences\" \/>\n<meta property=\"og:description\" content=\"OCEANUM Diving Experiences es el resultado de fusionar en un nuevo proyecto la experiencia de 16 a\u00f1os en buceo recreativo de TSUNAMIDIVE y&nbsp;los 12 a\u00f1os en buceo t\u00e9cnico de AQUA-X. OCEANUM Diving Experiences&nbsp; nace del amor por los oc\u00e9anos y nuestro sue\u00f1o de disfrutar de ellos, contagiando de nuestra pasi\u00f3n a otras personas pero siempre con seguridad y respeto. Para ello nos hemos formado con las agencias m\u00e1s importantes delLeer m\u00e1s\" \/>\n<meta property=\"og:url\" content=\"https:\/\/www.oceanum.es\/?page_id=299\" \/>\n<meta property=\"og:site_name\" content=\"Oceanum Diving Experiences\" \/>\n<meta property=\"article:publisher\" content=\"https:\/\/www.facebook.com\/OceanumDiving\/\" \/>\n<meta property=\"article:modified_time\" content=\"2019-09-08T20:53:00+00:00\" \/>\n<meta property=\"og:image\" content=\"https:\/\/www.oceanum.es\/wp-content\/uploads\/2018\/06\/st13-300x175.gif\" \/>\n<meta name=\"twitter:card\" content=\"summary_large_image\" \/>\n<meta name=\"twitter:site\" content=\"@OceanumDiving\" \/>\n<meta name=\"twitter:label1\" content=\"Tiempo de lectura\" \/>\n\t<meta name=\"twitter:data1\" content=\"1 minuto\" \/>\n<script type=\"application\/ld+json\" class=\"yoast-schema-graph\">{\"@context\":\"https:\\\/\\\/schema.org\",\"@graph\":[{\"@type\":\"WebPage\",\"@id\":\"https:\\\/\\\/www.oceanum.es\\\/?page_id=299\",\"url\":\"https:\\\/\\\/www.oceanum.es\\\/?page_id=299\",\"name\":\"Quienes somos - Oceanum Diving Experiences\",\"isPartOf\":{\"@id\":\"https:\\\/\\\/www.oceanum.es\\\/#website\"},\"primaryImageOfPage\":{\"@id\":\"https:\\\/\\\/www.oceanum.es\\\/?page_id=299#primaryimage\"},\"image\":{\"@id\":\"https:\\\/\\\/www.oceanum.es\\\/?page_id=299#primaryimage\"},\"thumbnailUrl\":\"https:\\\/\\\/www.oceanum.es\\\/wp-content\\\/uploads\\\/2018\\\/06\\\/st13-300x175.gif\",\"datePublished\":\"2018-03-18T08:03:49+00:00\",\"dateModified\":\"2019-09-08T20:53:00+00:00\",\"breadcrumb\":{\"@id\":\"https:\\\/\\\/www.oceanum.es\\\/?page_id=299#breadcrumb\"},\"inLanguage\":\"es\",\"potentialAction\":[{\"@type\":\"ReadAction\",\"target\":[\"https:\\\/\\\/www.oceanum.es\\\/?page_id=299\"]}]},{\"@type\":\"ImageObject\",\"inLanguage\":\"es\",\"@id\":\"https:\\\/\\\/www.oceanum.es\\\/?page_id=299#primaryimage\",\"url\":\"https:\\\/\\\/www.oceanum.es\\\/wp-content\\\/uploads\\\/2018\\\/06\\\/st13.gif\",\"contentUrl\":\"https:\\\/\\\/www.oceanum.es\\\/wp-content\\\/uploads\\\/2018\\\/06\\\/st13.gif\",\"width\":500,\"height\":291},{\"@type\":\"BreadcrumbList\",\"@id\":\"https:\\\/\\\/www.oceanum.es\\\/?page_id=299#breadcrumb\",\"itemListElement\":[{\"@type\":\"ListItem\",\"position\":1,\"name\":\"Portada\",\"item\":\"https:\\\/\\\/www.oceanum.es\\\/\"},{\"@type\":\"ListItem\",\"position\":2,\"name\":\"Quienes somos\"}]},{\"@type\":\"WebSite\",\"@id\":\"https:\\\/\\\/www.oceanum.es\\\/#website\",\"url\":\"https:\\\/\\\/www.oceanum.es\\\/\",\"name\":\"Oceanum Diving Experiences\",\"description\":\"Otra forma de Bucear\",\"potentialAction\":[{\"@type\":\"SearchAction\",\"target\":{\"@type\":\"EntryPoint\",\"urlTemplate\":\"https:\\\/\\\/www.oceanum.es\\\/?s={search_term_string}\"},\"query-input\":{\"@type\":\"PropertyValueSpecification\",\"valueRequired\":true,\"valueName\":\"search_term_string\"}}],\"inLanguage\":\"es\"}]}<\/script>","yoast_head_json":{"title":"Quienes somos - Oceanum Diving Experiences","robots":{"index":"index","follow":"follow","max-snippet":"max-snippet:-1","max-image-preview":"max-image-preview:large","max-video-preview":"max-video-preview:-1"},"canonical":"https:\/\/www.oceanum.es\/?page_id=299","og_locale":"es_ES","og_type":"article","og_title":"Quienes somos - Oceanum Diving Experiences","og_description":"OCEANUM Diving Experiences es el resultado de fusionar en un nuevo proyecto la experiencia de 16 a\u00f1os en buceo recreativo de TSUNAMIDIVE y&nbsp;los 12 a\u00f1os en buceo t\u00e9cnico de AQUA-X. OCEANUM Diving Experiences&nbsp; nace del amor por los oc\u00e9anos y nuestro sue\u00f1o de disfrutar de ellos, contagiando de nuestra pasi\u00f3n a otras personas pero siempre con seguridad y respeto. Para ello nos hemos formado con las agencias m\u00e1s importantes delLeer m\u00e1s","og_url":"https:\/\/www.oceanum.es\/?page_id=299","og_site_name":"Oceanum Diving Experiences","article_publisher":"https:\/\/www.facebook.com\/OceanumDiving\/","article_modified_time":"2019-09-08T20:53:00+00:00","og_image":[{"url":"https:\/\/www.oceanum.es\/wp-content\/uploads\/2018\/06\/st13-300x175.gif","type":"","width":"","height":""}],"twitter_card":"summary_large_image","twitter_site":"@OceanumDiving","twitter_misc":{"Tiempo de lectura":"1 minuto"},"schema":{"@context":"https:\/\/schema.org","@graph":[{"@type":"WebPage","@id":"https:\/\/www.oceanum.es\/?page_id=299","url":"https:\/\/www.oceanum.es\/?page_id=299","name":"Quienes somos - Oceanum Diving Experiences","isPartOf":{"@id":"https:\/\/www.oceanum.es\/#website"},"primaryImageOfPage":{"@id":"https:\/\/www.oceanum.es\/?page_id=299#primaryimage"},"image":{"@id":"https:\/\/www.oceanum.es\/?page_id=299#primaryimage"},"thumbnailUrl":"https:\/\/www.oceanum.es\/wp-content\/uploads\/2018\/06\/st13-300x175.gif","datePublished":"2018-03-18T08:03:49+00:00","dateModified":"2019-09-08T20:53:00+00:00","breadcrumb":{"@id":"https:\/\/www.oceanum.es\/?page_id=299#breadcrumb"},"inLanguage":"es","potentialAction":[{"@type":"ReadAction","target":["https:\/\/www.oceanum.es\/?page_id=299"]}]},{"@type":"ImageObject","inLanguage":"es","@id":"https:\/\/www.oceanum.es\/?page_id=299#primaryimage","url":"https:\/\/www.oceanum.es\/wp-content\/uploads\/2018\/06\/st13.gif","contentUrl":"https:\/\/www.oceanum.es\/wp-content\/uploads\/2018\/06\/st13.gif","width":500,"height":291},{"@type":"BreadcrumbList","@id":"https:\/\/www.oceanum.es\/?page_id=299#breadcrumb","itemListElement":[{"@type":"ListItem","position":1,"name":"Portada","item":"https:\/\/www.oceanum.es\/"},{"@type":"ListItem","position":2,"name":"Quienes somos"}]},{"@type":"WebSite","@id":"https:\/\/www.oceanum.es\/#website","url":"https:\/\/www.oceanum.es\/","name":"Oceanum Diving Experiences","description":"Otra forma de Bucear","potentialAction":[{"@type":"SearchAction","target":{"@type":"EntryPoint","urlTemplate":"https:\/\/www.oceanum.es\/?s={search_term_string}"},"query-input":{"@type":"PropertyValueSpecification","valueRequired":true,"valueName":"search_term_string"}}],"inLanguage":"es"}]}},"amp_enabled":true,"_links":{"self":[{"href":"https:\/\/www.oceanum.es\/index.php?rest_route=\/wp\/v2\/pages\/299","targetHints":{"allow":["GET"]}}],"collection":[{"href":"https:\/\/www.oceanum.es\/index.php?rest_route=\/wp\/v2\/pages"}],"about":[{"href":"https:\/\/www.oceanum.es\/index.php?rest_route=\/wp\/v2\/types\/page"}],"author":[{"embeddable":true,"href":"https:\/\/www.oceanum.es\/index.php?rest_route=\/wp\/v2\/users\/1"}],"replies":[{"embeddable":true,"href":"https:\/\/www.oceanum.es\/index.php?rest_route=%2Fwp%2Fv2%2Fcomments&post=299"}],"version-history":[{"count":10,"href":"https:\/\/www.oceanum.es\/index.php?rest_route=\/wp\/v2\/pages\/299\/revisions"}],"predecessor-version":[{"id":1526,"href":"https:\/\/www.oceanum.es\/index.php?rest_route=\/wp\/v2\/pages\/299\/revisions\/1526"}],"wp:attachment":[{"href":"https:\/\/www.oceanum.es\/index.php?rest_route=%2Fwp%2Fv2%2Fmedia&parent=299"}],"curies":[{"name":"wp","href":"https:\/\/api.w.org\/{rel}","templated":true}]}}