{"id":281,"date":"2018-03-17T12:46:06","date_gmt":"2018-03-17T12:46:06","guid":{"rendered":"https:\/\/www.oceanum.es\/?page_id=281"},"modified":"2022-11-14T19:46:01","modified_gmt":"2022-11-14T18:46:01","slug":"seguro-buceo","status":"publish","type":"page","link":"https:\/\/www.oceanum.es\/?page_id=281","title":{"rendered":"Seguro Buceo"},"content":{"rendered":"<p>Para bucear en Espa\u00f1a y en muchos lugares del mundo es obligatorio tener un seguro de accidentes y responsabilidad civil.<\/p>\n<h4><span style=\"color: #ff0000;\">\u00bfPor qu\u00e9 escoger DA<img decoding=\"async\" class=\"wp-image-2015  alignright\" src=\"https:\/\/www.oceanum.es\/wp-content\/uploads\/2022\/11\/Sin-titulo-300x204.jpg\" alt=\"\" width=\"208\" height=\"142\" srcset=\"https:\/\/www.oceanum.es\/wp-content\/uploads\/2022\/11\/Sin-titulo-300x204.jpg 300w, https:\/\/www.oceanum.es\/wp-content\/uploads\/2022\/11\/Sin-titulo-600x408.jpg 600w, https:\/\/www.oceanum.es\/wp-content\/uploads\/2022\/11\/Sin-titulo-768x522.jpg 768w, https:\/\/www.oceanum.es\/wp-content\/uploads\/2022\/11\/Sin-titulo-800x544.jpg 800w, https:\/\/www.oceanum.es\/wp-content\/uploads\/2022\/11\/Sin-titulo.jpg 881w\" sizes=\"(max-width: 208px) 100vw, 208px\" \/>N?<\/span><\/h4>\n<h6>\u00a1No te conformes con imitaciones; elige el original!<br \/>\n10 buenas razones para unirte a DAN<\/h6>\n<div class=\"content\">\n<div class=\"ten-reasons\">\n<ol>\n<li><span style=\"color: #ff0000;\"><strong>DAN es la mayor organizaci\u00f3n mundial orientada hacia la seguridad en el buceo<\/strong><\/span>\n<div>DAN es la mayor organizaci\u00f3n del mundo que investiga la seguridad en el buceo, \u00a1con m\u00e1s de 400,000 afiliados!<\/div>\n<\/li>\n<li><span style=\"color: #ff0000;\"><strong>DAN cre\u00f3 la primera l\u00ednea telef\u00f3nica de emergencia para buceadores<\/strong><\/span>\n<div>Desde 1980, DAN ide\u00f3 y cre\u00f3 el primer centro de alerta internacional exclusivamente para emergencias de buceo. Nuestra l\u00ednea de atenci\u00f3n multiling\u00fce est\u00e1 a cargo de personal experimentado, que ofrece asistencia a los buceadores de todo el mundo, 24\/7<\/div>\n<\/li>\n<li><span style=\"color: #ff0000;\"><strong>DAN cuenta con renombrados especialistas internacionales en medicina del buceo<\/strong><\/span>\n<div>Los mejores especialistas en medicina hiperb\u00e1rica y subacu\u00e1tica forman parte de la red de alerta internacional de DAN. Todos los a\u00f1os, los m\u00e9dicos DAN gestionan miles de llamadas de emergencia y proporcionan consejos m\u00e9dicos en m\u00e1s de 20 idiomas.<\/div>\n<\/li>\n<li><span style=\"color: #ff0000;\"><strong>DAN est\u00e1 altamente involucrado en la investigaci\u00f3n cient\u00edfica<\/strong><\/span>\n<div>El departamento de Investigaci\u00f3n de DAN constituye un importante referente para la comunidad cient\u00edfica internacional y de los buceadores. Nuestros cient\u00edficos realizan\u00a0<a href=\"https:\/\/www.daneurope.org\/es\/investigaci%C3%B3n-m%C3%A9dica-de-buceo\">estudios e investigaciones<\/a>\u00a0en fisiolog\u00eda y medicina del buceo, para mejorar la seguridad en el buceo, en todo el mundo.<\/div>\n<\/li>\n<li><span style=\"color: #ff0000;\"><strong>DAN visita regularmente y comprueba las c\u00e1maras hiperb\u00e1ricas<\/strong><\/span>\n<div>La mayor\u00eda de las instalaciones hiperb\u00e1ricas utilizadas por los buceadores son visitadas y evaluadas por expertos de DAN. DAN financia y lleva a cabo un programa espec\u00edfico (<a href=\"https:\/\/www.daneurope.org\/es\/rcapp\">RCAPP<\/a>) para mejorar la calidad y disponibilidad de los centros hiperb\u00e1ricos, especialmente aquellos ubicados en los pa\u00edses en desarrollo y lugares remotos.<\/div>\n<\/li>\n<li><span style=\"color: #ff0000;\"><strong>DAN realiza campa\u00f1as de seguridad<\/strong><\/span>\n<div>DAN apoya y promueve\u00a0<a href=\"https:\/\/www.daneurope.org\/es\/prevenci%C3%B3n-y-seguridad-en-el-buceo\">campa\u00f1as de investigaci\u00f3n<\/a>\u00a0con el objetivo de reducir los accidentes evitables, como las \u00abLesiones por h\u00e9lice\u00bb y la campa\u00f1a \u00abCalidad del Aire\u00bb.<\/div>\n<\/li>\n<li><span style=\"color: #ff0000;\"><strong>DAN estableci\u00f3 un fondo de caridad para ayudar a buceadores<\/strong><\/span>\n<div>DAN ha creado un\u00a0<a href=\"https:\/\/www.paypal.com\/donate?hosted_button_id=5MP6D3TKQFPMY\">Fondo<\/a>\u00a0para ayudar a los buceadores y a sus familias necesitadas. Se recogen y se eval\u00faa los informes de la comunidad de buceadores y, hasta ahora, se han ayudado a cientos de casos.<\/div>\n<\/li>\n<li><span style=\"color: #ff0000;\"><strong>DAN cre\u00f3 el primer seguro especializado para buceadores<\/strong><\/span>\n<div>Hace 30 a\u00f1os, DAN fue la primera organizaci\u00f3n que dise\u00f1\u00f3 p\u00f3lizas de seguros espec\u00edficas para las actividades de buceo. S\u00f3lo en DAN encuentras un sistema de seguros administrado por buceadores y para buceadores. Todas las reclamaciones son gestionadas por un competente equipo de experimentados especialistas .<\/div>\n<\/li>\n<li><span style=\"color: #ff0000;\"><strong>DAN cuenta con una red de abogados especialistas en derecho de los buceadores<\/strong><\/span>\n<div>Con el tiempo, hemos logrado reunir un equipo global de abogados &#8211; la mayor\u00eda de los cuales son, ellos mismos, buceadores &#8211; especializados en el campo del buceo, disponible para ofrecer asesoramiento y asistencia cuando sea necesario.<\/div>\n<\/li>\n<li><span style=\"color: #ff0000;\"><strong>DAN garantiza a sus afiliados una serie de beneficios<\/strong><\/span>\n<div>\n<ul>\n<li>acceso gratuito\u00a0<a href=\"http:\/\/www.daneurope.org\/web\/guest\/online-seminars\">online a seminarios<\/a>\u00a0sobre medicina del buceo<\/li>\n<li><a href=\"https:\/\/alertdiver.eu\/en_US\">revista electr\u00f2nica Alert Diver<\/a><\/li>\n<li>informaci\u00f3n acerca de\u00a0<a href=\"http:\/\/www.daneurope.org\/web\/guest\/news-events\">conferencias<\/a>\u00a0y\u00a0<a href=\"http:\/\/www.daneurope.org\/web\/guest\/news-events\">seminarios<\/a><\/li>\n<li>descuentos en la\u00a0<a href=\"http:\/\/www.daneurope.org\/danshop\">Tienda<\/a>\u00a0de DAN, inclu\u00eddos equipaci\u00f3n, viajes y mucho m\u00e1s.<\/li>\n<\/ul>\n<\/div>\n<\/li>\n<\/ol>\n<\/div>\n<\/div>\n<p>Aqu\u00ed tienes la oportunidad de contratar el mejor seguro de buceo que existe en la industria del buceo. Pulsa en el logo y rellena tus datos<\/p>\n<p><a href=\"https:\/\/www.daneurope.org\/en\/buy-dive-insurance#!\/partnerCode=54364\" target=\"_blank\" rel=\"noopener\"><img decoding=\"async\" class=\"aligncenter\" src=\"https:\/\/mydan.daneurope.org\/documents\/20181\/15073043\/DanPartner.png\/c796fcc5-87b5-43de-83ae-b011f921b85a?t=1622033526770\" width=\"216\" height=\"91\" \/><\/a><\/p>\n","protected":false},"excerpt":{"rendered":"<p>Para bucear en Espa\u00f1a y en muchos lugares del mundo es obligatorio tener un seguro de accidentes y responsabilidad civil. \u00bfPor qu\u00e9 escoger DAN? \u00a1No te conformes con imitaciones; elige el original! 10 buenas razones para unirte a DAN DAN es la mayor organizaci\u00f3n mundial orientada hacia la seguridad en el buceo DAN es la mayor organizaci\u00f3n del mundo que investiga la seguridad en el buceo, \u00a1con m\u00e1s de 400,000<\/p>\n<p><a class=\"more-link\" href=\"https:\/\/www.oceanum.es\/?page_id=281\">Leer m\u00e1s<\/a><\/p>\n","protected":false},"author":1,"featured_media":0,"parent":0,"menu_order":0,"comment_status":"closed","ping_status":"closed","template":"","meta":{"footnotes":""},"class_list":["post-281","page","type-page","status-publish","hentry"],"yoast_head":"<title>Seguro Buceo - Oceanum Diving Experiences<\/title>\n<meta name=\"robots\" content=\"index, follow, max-snippet:-1, max-image-preview:large, max-video-preview:-1\" \/>\n<link rel=\"canonical\" href=\"https:\/\/www.oceanum.es\/?page_id=281\" \/>\n<meta property=\"og:locale\" content=\"es_ES\" \/>\n<meta property=\"og:type\" content=\"article\" \/>\n<meta property=\"og:title\" content=\"Seguro Buceo - Oceanum Diving Experiences\" \/>\n<meta property=\"og:description\" content=\"Para bucear en Espa\u00f1a y en muchos lugares del mundo es obligatorio tener un seguro de accidentes y responsabilidad civil. \u00bfPor qu\u00e9 escoger DAN? \u00a1No te conformes con imitaciones; elige el original! 10 buenas razones para unirte a DAN DAN es la mayor organizaci\u00f3n mundial orientada hacia la seguridad en el buceo DAN es la mayor organizaci\u00f3n del mundo que investiga la seguridad en el buceo, \u00a1con m\u00e1s de 400,000Leer m\u00e1s\" \/>\n<meta property=\"og:url\" content=\"https:\/\/www.oceanum.es\/?page_id=281\" \/>\n<meta property=\"og:site_name\" content=\"Oceanum Diving Experiences\" \/>\n<meta property=\"article:publisher\" content=\"https:\/\/www.facebook.com\/OceanumDiving\/\" \/>\n<meta property=\"article:modified_time\" content=\"2022-11-14T18:46:01+00:00\" \/>\n<meta property=\"og:image\" content=\"https:\/\/www.oceanum.es\/wp-content\/uploads\/2022\/11\/Sin-titulo-300x204.jpg\" \/>\n<meta name=\"twitter:card\" content=\"summary_large_image\" \/>\n<meta name=\"twitter:site\" content=\"@OceanumDiving\" \/>\n<meta name=\"twitter:label1\" content=\"Tiempo de lectura\" \/>\n\t<meta name=\"twitter:data1\" content=\"3 minutos\" \/>\n<script type=\"application\/ld+json\" class=\"yoast-schema-graph\">{\"@context\":\"https:\\\/\\\/schema.org\",\"@graph\":[{\"@type\":\"WebPage\",\"@id\":\"https:\\\/\\\/www.oceanum.es\\\/?page_id=281\",\"url\":\"https:\\\/\\\/www.oceanum.es\\\/?page_id=281\",\"name\":\"Seguro Buceo - Oceanum Diving Experiences\",\"isPartOf\":{\"@id\":\"https:\\\/\\\/www.oceanum.es\\\/#website\"},\"primaryImageOfPage\":{\"@id\":\"https:\\\/\\\/www.oceanum.es\\\/?page_id=281#primaryimage\"},\"image\":{\"@id\":\"https:\\\/\\\/www.oceanum.es\\\/?page_id=281#primaryimage\"},\"thumbnailUrl\":\"https:\\\/\\\/www.oceanum.es\\\/wp-content\\\/uploads\\\/2022\\\/11\\\/Sin-titulo-300x204.jpg\",\"datePublished\":\"2018-03-17T12:46:06+00:00\",\"dateModified\":\"2022-11-14T18:46:01+00:00\",\"breadcrumb\":{\"@id\":\"https:\\\/\\\/www.oceanum.es\\\/?page_id=281#breadcrumb\"},\"inLanguage\":\"es\",\"potentialAction\":[{\"@type\":\"ReadAction\",\"target\":[\"https:\\\/\\\/www.oceanum.es\\\/?page_id=281\"]}]},{\"@type\":\"ImageObject\",\"inLanguage\":\"es\",\"@id\":\"https:\\\/\\\/www.oceanum.es\\\/?page_id=281#primaryimage\",\"url\":\"https:\\\/\\\/www.oceanum.es\\\/wp-content\\\/uploads\\\/2022\\\/11\\\/Sin-titulo.jpg\",\"contentUrl\":\"https:\\\/\\\/www.oceanum.es\\\/wp-content\\\/uploads\\\/2022\\\/11\\\/Sin-titulo.jpg\",\"width\":881,\"height\":599},{\"@type\":\"BreadcrumbList\",\"@id\":\"https:\\\/\\\/www.oceanum.es\\\/?page_id=281#breadcrumb\",\"itemListElement\":[{\"@type\":\"ListItem\",\"position\":1,\"name\":\"Portada\",\"item\":\"https:\\\/\\\/www.oceanum.es\\\/\"},{\"@type\":\"ListItem\",\"position\":2,\"name\":\"Seguro Buceo\"}]},{\"@type\":\"WebSite\",\"@id\":\"https:\\\/\\\/www.oceanum.es\\\/#website\",\"url\":\"https:\\\/\\\/www.oceanum.es\\\/\",\"name\":\"Oceanum Diving Experiences\",\"description\":\"Otra forma de Bucear\",\"potentialAction\":[{\"@type\":\"SearchAction\",\"target\":{\"@type\":\"EntryPoint\",\"urlTemplate\":\"https:\\\/\\\/www.oceanum.es\\\/?s={search_term_string}\"},\"query-input\":{\"@type\":\"PropertyValueSpecification\",\"valueRequired\":true,\"valueName\":\"search_term_string\"}}],\"inLanguage\":\"es\"}]}<\/script>","yoast_head_json":{"title":"Seguro Buceo - Oceanum Diving Experiences","robots":{"index":"index","follow":"follow","max-snippet":"max-snippet:-1","max-image-preview":"max-image-preview:large","max-video-preview":"max-video-preview:-1"},"canonical":"https:\/\/www.oceanum.es\/?page_id=281","og_locale":"es_ES","og_type":"article","og_title":"Seguro Buceo - Oceanum Diving Experiences","og_description":"Para bucear en Espa\u00f1a y en muchos lugares del mundo es obligatorio tener un seguro de accidentes y responsabilidad civil. \u00bfPor qu\u00e9 escoger DAN? \u00a1No te conformes con imitaciones; elige el original! 10 buenas razones para unirte a DAN DAN es la mayor organizaci\u00f3n mundial orientada hacia la seguridad en el buceo DAN es la mayor organizaci\u00f3n del mundo que investiga la seguridad en el buceo, \u00a1con m\u00e1s de 400,000Leer m\u00e1s","og_url":"https:\/\/www.oceanum.es\/?page_id=281","og_site_name":"Oceanum Diving Experiences","article_publisher":"https:\/\/www.facebook.com\/OceanumDiving\/","article_modified_time":"2022-11-14T18:46:01+00:00","og_image":[{"url":"https:\/\/www.oceanum.es\/wp-content\/uploads\/2022\/11\/Sin-titulo-300x204.jpg","type":"","width":"","height":""}],"twitter_card":"summary_large_image","twitter_site":"@OceanumDiving","twitter_misc":{"Tiempo de lectura":"3 minutos"},"schema":{"@context":"https:\/\/schema.org","@graph":[{"@type":"WebPage","@id":"https:\/\/www.oceanum.es\/?page_id=281","url":"https:\/\/www.oceanum.es\/?page_id=281","name":"Seguro Buceo - Oceanum Diving Experiences","isPartOf":{"@id":"https:\/\/www.oceanum.es\/#website"},"primaryImageOfPage":{"@id":"https:\/\/www.oceanum.es\/?page_id=281#primaryimage"},"image":{"@id":"https:\/\/www.oceanum.es\/?page_id=281#primaryimage"},"thumbnailUrl":"https:\/\/www.oceanum.es\/wp-content\/uploads\/2022\/11\/Sin-titulo-300x204.jpg","datePublished":"2018-03-17T12:46:06+00:00","dateModified":"2022-11-14T18:46:01+00:00","breadcrumb":{"@id":"https:\/\/www.oceanum.es\/?page_id=281#breadcrumb"},"inLanguage":"es","potentialAction":[{"@type":"ReadAction","target":["https:\/\/www.oceanum.es\/?page_id=281"]}]},{"@type":"ImageObject","inLanguage":"es","@id":"https:\/\/www.oceanum.es\/?page_id=281#primaryimage","url":"https:\/\/www.oceanum.es\/wp-content\/uploads\/2022\/11\/Sin-titulo.jpg","contentUrl":"https:\/\/www.oceanum.es\/wp-content\/uploads\/2022\/11\/Sin-titulo.jpg","width":881,"height":599},{"@type":"BreadcrumbList","@id":"https:\/\/www.oceanum.es\/?page_id=281#breadcrumb","itemListElement":[{"@type":"ListItem","position":1,"name":"Portada","item":"https:\/\/www.oceanum.es\/"},{"@type":"ListItem","position":2,"name":"Seguro Buceo"}]},{"@type":"WebSite","@id":"https:\/\/www.oceanum.es\/#website","url":"https:\/\/www.oceanum.es\/","name":"Oceanum Diving Experiences","description":"Otra forma de Bucear","potentialAction":[{"@type":"SearchAction","target":{"@type":"EntryPoint","urlTemplate":"https:\/\/www.oceanum.es\/?s={search_term_string}"},"query-input":{"@type":"PropertyValueSpecification","valueRequired":true,"valueName":"search_term_string"}}],"inLanguage":"es"}]}},"amp_enabled":true,"_links":{"self":[{"href":"https:\/\/www.oceanum.es\/index.php?rest_route=\/wp\/v2\/pages\/281","targetHints":{"allow":["GET"]}}],"collection":[{"href":"https:\/\/www.oceanum.es\/index.php?rest_route=\/wp\/v2\/pages"}],"about":[{"href":"https:\/\/www.oceanum.es\/index.php?rest_route=\/wp\/v2\/types\/page"}],"author":[{"embeddable":true,"href":"https:\/\/www.oceanum.es\/index.php?rest_route=\/wp\/v2\/users\/1"}],"replies":[{"embeddable":true,"href":"https:\/\/www.oceanum.es\/index.php?rest_route=%2Fwp%2Fv2%2Fcomments&post=281"}],"version-history":[{"count":12,"href":"https:\/\/www.oceanum.es\/index.php?rest_route=\/wp\/v2\/pages\/281\/revisions"}],"predecessor-version":[{"id":2016,"href":"https:\/\/www.oceanum.es\/index.php?rest_route=\/wp\/v2\/pages\/281\/revisions\/2016"}],"wp:attachment":[{"href":"https:\/\/www.oceanum.es\/index.php?rest_route=%2Fwp%2Fv2%2Fmedia&parent=281"}],"curies":[{"name":"wp","href":"https:\/\/api.w.org\/{rel}","templated":true}]}}