{"id":168,"date":"2018-03-13T20:13:21","date_gmt":"2018-03-13T20:13:21","guid":{"rendered":"https:\/\/www.oceanum.es\/?page_id=168"},"modified":"2018-06-23T17:46:08","modified_gmt":"2018-06-23T17:46:08","slug":"proyecto-1","status":"publish","type":"page","link":"https:\/\/www.oceanum.es\/?page_id=168","title":{"rendered":"Burriana"},"content":{"rendered":"<p>El proyecto se basa en el an\u00e1lisis social, tur\u00edstico y medio ambiental del impacto que provocan los <img decoding=\"async\" class=\"alignright size-medium wp-image-853\" src=\"https:\/\/www.oceanum.es\/wp-content\/uploads\/2018\/06\/7-300x141.jpg\" alt=\"\" width=\"300\" height=\"141\" srcset=\"https:\/\/www.oceanum.es\/wp-content\/uploads\/2018\/06\/7-300x141.jpg 300w, https:\/\/www.oceanum.es\/wp-content\/uploads\/2018\/06\/7-600x281.jpg 600w, https:\/\/www.oceanum.es\/wp-content\/uploads\/2018\/06\/7.jpg 648w\" sizes=\"(max-width: 300px) 100vw, 300px\" \/>barcos hundidos como Arrecifes artificiales y como generadores de actividad econ\u00f3mica en la zona.<br \/>\nEl proyecto se centra en los dos pecios m\u00e1s emblem\u00e1ticos de la costa castellonense y en particular del municipio de Burriana, nos referimos al Litri y Cala Egos, que reposan sobre un fondo de arena entre los 20 y los 25 metros de profundidad.<br \/>\nDesde 1992 que fueron reflotados en el puerto de Burriana, transportados y hundidos a 1,5 millas del mismo, se ha convertido en un atractivo para los buceadores de la zona y de toda Espa\u00f1a.<br \/>\nEn este proyecto engloba cuatro l\u00edneas de trabajo que pasaremos a desarrollar m\u00e1s adelante:<\/p>\n<ul>\n<li>Valoraci\u00f3n del deterioro de los pecios<\/li>\n<li>An\u00e1lisis del entorno acu\u00e1tico<\/li>\n<li>Mapeado 3D<\/li>\n<li>Ghost Fishing \u2013 redes fantasmas<\/li>\n<\/ul>\n","protected":false},"excerpt":{"rendered":"<p>El proyecto se basa en el an\u00e1lisis social, tur\u00edstico y medio ambiental del impacto que provocan los barcos hundidos como Arrecifes artificiales y como generadores de actividad econ\u00f3mica en la zona. El proyecto se centra en los dos pecios m\u00e1s emblem\u00e1ticos de la costa castellonense y en particular del municipio de Burriana, nos referimos al Litri y Cala Egos, que reposan sobre un fondo de arena entre los 20 y<\/p>\n<p><a class=\"more-link\" href=\"https:\/\/www.oceanum.es\/?page_id=168\">Leer m\u00e1s<\/a><\/p>\n","protected":false},"author":1,"featured_media":0,"parent":0,"menu_order":0,"comment_status":"closed","ping_status":"closed","template":"","meta":{"footnotes":""},"class_list":["post-168","page","type-page","status-publish","hentry"],"yoast_head":"<title>Burriana - Oceanum Diving Experiences<\/title>\n<meta name=\"robots\" content=\"index, follow, max-snippet:-1, max-image-preview:large, max-video-preview:-1\" \/>\n<link rel=\"canonical\" href=\"https:\/\/www.oceanum.es\/?page_id=168\" \/>\n<meta property=\"og:locale\" content=\"es_ES\" \/>\n<meta property=\"og:type\" content=\"article\" \/>\n<meta property=\"og:title\" content=\"Burriana - Oceanum Diving Experiences\" \/>\n<meta property=\"og:description\" content=\"El proyecto se basa en el an\u00e1lisis social, tur\u00edstico y medio ambiental del impacto que provocan los barcos hundidos como Arrecifes artificiales y como generadores de actividad econ\u00f3mica en la zona. El proyecto se centra en los dos pecios m\u00e1s emblem\u00e1ticos de la costa castellonense y en particular del municipio de Burriana, nos referimos al Litri y Cala Egos, que reposan sobre un fondo de arena entre los 20 yLeer m\u00e1s\" \/>\n<meta property=\"og:url\" content=\"https:\/\/www.oceanum.es\/?page_id=168\" \/>\n<meta property=\"og:site_name\" content=\"Oceanum Diving Experiences\" \/>\n<meta property=\"article:publisher\" content=\"https:\/\/www.facebook.com\/OceanumDiving\/\" \/>\n<meta property=\"article:modified_time\" content=\"2018-06-23T17:46:08+00:00\" \/>\n<meta property=\"og:image\" content=\"https:\/\/www.oceanum.es\/wp-content\/uploads\/2018\/06\/7-300x141.jpg\" \/>\n<meta name=\"twitter:card\" content=\"summary_large_image\" \/>\n<meta name=\"twitter:site\" content=\"@OceanumDiving\" \/>\n<meta name=\"twitter:label1\" content=\"Tiempo de lectura\" \/>\n\t<meta name=\"twitter:data1\" content=\"1 minuto\" \/>\n<script type=\"application\/ld+json\" class=\"yoast-schema-graph\">{\"@context\":\"https:\\\/\\\/schema.org\",\"@graph\":[{\"@type\":\"WebPage\",\"@id\":\"https:\\\/\\\/www.oceanum.es\\\/?page_id=168\",\"url\":\"https:\\\/\\\/www.oceanum.es\\\/?page_id=168\",\"name\":\"Burriana - Oceanum Diving Experiences\",\"isPartOf\":{\"@id\":\"https:\\\/\\\/www.oceanum.es\\\/#website\"},\"primaryImageOfPage\":{\"@id\":\"https:\\\/\\\/www.oceanum.es\\\/?page_id=168#primaryimage\"},\"image\":{\"@id\":\"https:\\\/\\\/www.oceanum.es\\\/?page_id=168#primaryimage\"},\"thumbnailUrl\":\"https:\\\/\\\/www.oceanum.es\\\/wp-content\\\/uploads\\\/2018\\\/06\\\/7-300x141.jpg\",\"datePublished\":\"2018-03-13T20:13:21+00:00\",\"dateModified\":\"2018-06-23T17:46:08+00:00\",\"breadcrumb\":{\"@id\":\"https:\\\/\\\/www.oceanum.es\\\/?page_id=168#breadcrumb\"},\"inLanguage\":\"es\",\"potentialAction\":[{\"@type\":\"ReadAction\",\"target\":[\"https:\\\/\\\/www.oceanum.es\\\/?page_id=168\"]}]},{\"@type\":\"ImageObject\",\"inLanguage\":\"es\",\"@id\":\"https:\\\/\\\/www.oceanum.es\\\/?page_id=168#primaryimage\",\"url\":\"https:\\\/\\\/www.oceanum.es\\\/wp-content\\\/uploads\\\/2018\\\/06\\\/7.jpg\",\"contentUrl\":\"https:\\\/\\\/www.oceanum.es\\\/wp-content\\\/uploads\\\/2018\\\/06\\\/7.jpg\",\"width\":648,\"height\":304},{\"@type\":\"BreadcrumbList\",\"@id\":\"https:\\\/\\\/www.oceanum.es\\\/?page_id=168#breadcrumb\",\"itemListElement\":[{\"@type\":\"ListItem\",\"position\":1,\"name\":\"Portada\",\"item\":\"https:\\\/\\\/www.oceanum.es\\\/\"},{\"@type\":\"ListItem\",\"position\":2,\"name\":\"Burriana\"}]},{\"@type\":\"WebSite\",\"@id\":\"https:\\\/\\\/www.oceanum.es\\\/#website\",\"url\":\"https:\\\/\\\/www.oceanum.es\\\/\",\"name\":\"Oceanum Diving Experiences\",\"description\":\"Otra forma de Bucear\",\"potentialAction\":[{\"@type\":\"SearchAction\",\"target\":{\"@type\":\"EntryPoint\",\"urlTemplate\":\"https:\\\/\\\/www.oceanum.es\\\/?s={search_term_string}\"},\"query-input\":{\"@type\":\"PropertyValueSpecification\",\"valueRequired\":true,\"valueName\":\"search_term_string\"}}],\"inLanguage\":\"es\"}]}<\/script>","yoast_head_json":{"title":"Burriana - Oceanum Diving Experiences","robots":{"index":"index","follow":"follow","max-snippet":"max-snippet:-1","max-image-preview":"max-image-preview:large","max-video-preview":"max-video-preview:-1"},"canonical":"https:\/\/www.oceanum.es\/?page_id=168","og_locale":"es_ES","og_type":"article","og_title":"Burriana - Oceanum Diving Experiences","og_description":"El proyecto se basa en el an\u00e1lisis social, tur\u00edstico y medio ambiental del impacto que provocan los barcos hundidos como Arrecifes artificiales y como generadores de actividad econ\u00f3mica en la zona. El proyecto se centra en los dos pecios m\u00e1s emblem\u00e1ticos de la costa castellonense y en particular del municipio de Burriana, nos referimos al Litri y Cala Egos, que reposan sobre un fondo de arena entre los 20 yLeer m\u00e1s","og_url":"https:\/\/www.oceanum.es\/?page_id=168","og_site_name":"Oceanum Diving Experiences","article_publisher":"https:\/\/www.facebook.com\/OceanumDiving\/","article_modified_time":"2018-06-23T17:46:08+00:00","og_image":[{"url":"https:\/\/www.oceanum.es\/wp-content\/uploads\/2018\/06\/7-300x141.jpg","type":"","width":"","height":""}],"twitter_card":"summary_large_image","twitter_site":"@OceanumDiving","twitter_misc":{"Tiempo de lectura":"1 minuto"},"schema":{"@context":"https:\/\/schema.org","@graph":[{"@type":"WebPage","@id":"https:\/\/www.oceanum.es\/?page_id=168","url":"https:\/\/www.oceanum.es\/?page_id=168","name":"Burriana - Oceanum Diving Experiences","isPartOf":{"@id":"https:\/\/www.oceanum.es\/#website"},"primaryImageOfPage":{"@id":"https:\/\/www.oceanum.es\/?page_id=168#primaryimage"},"image":{"@id":"https:\/\/www.oceanum.es\/?page_id=168#primaryimage"},"thumbnailUrl":"https:\/\/www.oceanum.es\/wp-content\/uploads\/2018\/06\/7-300x141.jpg","datePublished":"2018-03-13T20:13:21+00:00","dateModified":"2018-06-23T17:46:08+00:00","breadcrumb":{"@id":"https:\/\/www.oceanum.es\/?page_id=168#breadcrumb"},"inLanguage":"es","potentialAction":[{"@type":"ReadAction","target":["https:\/\/www.oceanum.es\/?page_id=168"]}]},{"@type":"ImageObject","inLanguage":"es","@id":"https:\/\/www.oceanum.es\/?page_id=168#primaryimage","url":"https:\/\/www.oceanum.es\/wp-content\/uploads\/2018\/06\/7.jpg","contentUrl":"https:\/\/www.oceanum.es\/wp-content\/uploads\/2018\/06\/7.jpg","width":648,"height":304},{"@type":"BreadcrumbList","@id":"https:\/\/www.oceanum.es\/?page_id=168#breadcrumb","itemListElement":[{"@type":"ListItem","position":1,"name":"Portada","item":"https:\/\/www.oceanum.es\/"},{"@type":"ListItem","position":2,"name":"Burriana"}]},{"@type":"WebSite","@id":"https:\/\/www.oceanum.es\/#website","url":"https:\/\/www.oceanum.es\/","name":"Oceanum Diving Experiences","description":"Otra forma de Bucear","potentialAction":[{"@type":"SearchAction","target":{"@type":"EntryPoint","urlTemplate":"https:\/\/www.oceanum.es\/?s={search_term_string}"},"query-input":{"@type":"PropertyValueSpecification","valueRequired":true,"valueName":"search_term_string"}}],"inLanguage":"es"}]}},"amp_enabled":true,"_links":{"self":[{"href":"https:\/\/www.oceanum.es\/index.php?rest_route=\/wp\/v2\/pages\/168","targetHints":{"allow":["GET"]}}],"collection":[{"href":"https:\/\/www.oceanum.es\/index.php?rest_route=\/wp\/v2\/pages"}],"about":[{"href":"https:\/\/www.oceanum.es\/index.php?rest_route=\/wp\/v2\/types\/page"}],"author":[{"embeddable":true,"href":"https:\/\/www.oceanum.es\/index.php?rest_route=\/wp\/v2\/users\/1"}],"replies":[{"embeddable":true,"href":"https:\/\/www.oceanum.es\/index.php?rest_route=%2Fwp%2Fv2%2Fcomments&post=168"}],"version-history":[{"count":7,"href":"https:\/\/www.oceanum.es\/index.php?rest_route=\/wp\/v2\/pages\/168\/revisions"}],"predecessor-version":[{"id":854,"href":"https:\/\/www.oceanum.es\/index.php?rest_route=\/wp\/v2\/pages\/168\/revisions\/854"}],"wp:attachment":[{"href":"https:\/\/www.oceanum.es\/index.php?rest_route=%2Fwp%2Fv2%2Fmedia&parent=168"}],"curies":[{"name":"wp","href":"https:\/\/api.w.org\/{rel}","templated":true}]}}