{"id":1024,"date":"2018-06-25T11:33:24","date_gmt":"2018-06-25T11:33:24","guid":{"rendered":"https:\/\/www.oceanum.es\/?page_id=1024"},"modified":"2024-04-16T17:19:05","modified_gmt":"2024-04-16T16:19:05","slug":"oscar-alegre","status":"publish","type":"page","link":"https:\/\/www.oceanum.es\/?page_id=1024","title":{"rendered":"Oscar ALEGRE"},"content":{"rendered":"<ul>\n<li><span style=\"color: #333399;\"><strong>PADI Course Director<img decoding=\"async\" class=\"alignright wp-image-1505\" src=\"https:\/\/www.oceanum.es\/wp-content\/uploads\/2019\/09\/IMG_2719-244x300.jpg\" alt=\"\" width=\"172\" height=\"211\" srcset=\"https:\/\/www.oceanum.es\/wp-content\/uploads\/2019\/09\/IMG_2719-244x300.jpg 244w, https:\/\/www.oceanum.es\/wp-content\/uploads\/2019\/09\/IMG_2719-600x736.jpg 600w, https:\/\/www.oceanum.es\/wp-content\/uploads\/2019\/09\/IMG_2719-768x943.jpg 768w, https:\/\/www.oceanum.es\/wp-content\/uploads\/2019\/09\/IMG_2719-834x1024.jpg 834w, https:\/\/www.oceanum.es\/wp-content\/uploads\/2019\/09\/IMG_2719-800x982.jpg 800w, https:\/\/www.oceanum.es\/wp-content\/uploads\/2019\/09\/IMG_2719.jpg 1716w\" sizes=\"(max-width: 172px) 100vw, 172px\" \/><\/strong><\/span><\/li>\n<li><span style=\"color: #333399;\"><strong>TEC 50 TRIMIX Instructor Trainer<\/strong><\/span><\/li>\n<li><span style=\"color: #333399;\"><strong>TEC TRIMIX Instructor<\/strong><\/span><\/li>\n<li><span style=\"color: #333399;\"><strong>PADI GAS BLENDER Instructor Trainer<\/strong><\/span><\/li>\n<li><span style=\"color: #333399;\"><strong>IANTD Instructor Trainer<\/strong><\/span><\/li>\n<li><span style=\"color: #333399;\"><strong>JJ-CCR Instructor<\/strong><\/span><\/li>\n<li><span style=\"color: #333399;\"><strong>PADI SPECIALTY Instructor Trainer<\/strong><\/span><\/li>\n<li><span style=\"color: #333399;\"><strong>EFR Instructor Trainer<\/strong><\/span><\/li>\n<li><span style=\"color: #333399;\"><em><strong>IAHD Course Director<\/strong><\/em><\/span><\/li>\n<li><span style=\"color: #333399;\"><em><strong>GUE Instructor (no activo)<\/strong><\/em><\/span><\/li>\n<\/ul>\n<p><em>\u00abMe inici\u00e9 en este fant\u00e1stico mundo del buceo hace m\u00e1s de 30 a\u00f1os, \u00a0aunque mi pasi\u00f3n por el mar se remonta a mi infancia. Durante todos estos a\u00f1os he ido acumulando experiencia , aprendiendo de distintas fuentes y evolucionando en el buceo en distintos entornos y equipamiento, as\u00ed como en la docencia a todos los niveles, lo que me permite el poder transmitir de la mejor manera la pasi\u00f3n por los oc\u00e9anos y contagiar a otras personas,\u00a0 siempre con seguridad, comodidad y de forma agradable, respetando el medio ambiente.<\/em><\/p>\n<p><em>Perm\u00edtenos que te ayudemos a descubrir un mundo lleno de posibilidades y evoluciona hasta conseguir los objetivos que tu establezcas en tu aventura subacu\u00e1tica&#8230;\u00bb.<\/em><\/p>\n<p>TITULACIONES:<\/p>\n<table style=\"height: 1150px;\" border=\"0\" width=\"617\" cellspacing=\"2\" cellpadding=\"0\">\n<tbody>\n<tr>\n<td rowspan=\"2\" valign=\"top\"><span style=\"color: #cf0808;\"><strong><img decoding=\"async\" class=\"alignnone wp-image-2066\" src=\"https:\/\/www.oceanum.es\/wp-content\/uploads\/2024\/04\/logo-PADI-300x141.png\" alt=\"\" width=\"203\" height=\"95\" srcset=\"https:\/\/www.oceanum.es\/wp-content\/uploads\/2024\/04\/logo-PADI-300x141.png 300w, https:\/\/www.oceanum.es\/wp-content\/uploads\/2024\/04\/logo-PADI.png 328w\" sizes=\"(max-width: 203px) 100vw, 203px\" \/><\/strong><\/span><br \/>\n<span style=\"color: #cf0808;\"><strong>PADI Specialty Instructor Trainer<\/strong><\/span><br \/>\n\u2022 Tec 50 Trimix Instructor Trainer<br \/>\n\u2022 Diver Propulsion Vehicle Instructor Trainer<br \/>\n\u2022 Dry Suit Instructor Trainer<br \/>\n\u2022 Wreck Instructor Trainer<br \/>\n\u2022 Enriched Air Instructor Trainer<br \/>\n\u2022 Deep Instructor Trainer<br \/>\n\u2022 Night Diver Instructor Trainer<br \/>\n\u2022 Underwater Navigator Instructor Trainer<br \/>\n\u2022 Sidemount Rec Instructor Trainer<br \/>\n\u2022 Altitude Instructor Trainer<br \/>\n\u2022 Search &amp; Recovery Instructor Trainer<br \/>\n\u2022 Digital Underwater Photography Instructor Trainer<strong><span style=\"color: #cf0808;\"><br \/>\n<\/span><\/strong><strong><span style=\"color: #cf0808;\">PADI Specialty Instructor<\/span>\u00a0<\/strong><br \/>\n\u2022 Tec Trimix Instructor<br \/>\n\u2022 SCR Draeger Dolphin\/Atlantis\/Ray Instructor<br \/>\n\u2022 Underwater Naturalist Instructor<br \/>\n\u2022 Underwater Photographer Instructor<br \/>\n\u2022 AWARE Coral Reef Conservation Instructor<br \/>\n\u2022 Project Aware Instructor<br \/>\n\u2022 Peak Performance Buoyancy Instructor<br \/>\n\u2022 Multilevel Instructor<br \/>\n\u2022 Equipment Specialist Instructor<br \/>\n\u2022 Underwater VideoGrapher<br \/>\n\u2022 Distintive Oxygen Provider<br \/>\n\u2022 PADI\/DAN Snorkeler Research Operator Instructor<br \/>\n\u2022 PADI\/DAN Basic Research Diver Instructor<br \/>\n\u2022 PADI\/DAN Deep-X Diver Instructor<img decoding=\"async\" class=\"alignnone size-full wp-image-2067\" src=\"https:\/\/www.oceanum.es\/wp-content\/uploads\/2024\/04\/Logo_IAHD.png\" alt=\"\" width=\"263\" height=\"65\" \/><br \/>\n<strong>\u00a0<span style=\"color: #cf0808;\">IAHD Instructor Trainer<\/span><\/strong><br \/>\n\u2022 Curso de Iniciaci\u00f3n y Avanzado<br \/>\n\u2022 Curso de Ayudantes (DivePartner y Surface Support)<br \/>\n\u2022 Curso de Asistente de Instructor e Instructor<br \/>\n\u2022 Curso de Especialidades e Instructor de Especialidades<img decoding=\"async\" class=\"aligncenter\" src=\"http:\/\/tsunamidive.com\/CURSOSEFR\/imagesEFR\/0161_EFR_003.gif\" alt=\"\" height=\"100\" align=\"absmiddle\" \/><span style=\"color: #cf0808;\"><strong>\u00a0EFR Instructor Trainer<\/strong><\/span><br \/>\n\u2022 Atenci\u00f3n Primaria (RCP)<br \/>\n\u2022 Atenci\u00f3n Secundaria (Primeros Auxilios)<br \/>\n\u2022 Atenci\u00f3n de Ni\u00f1os (Care for Children)<br \/>\n\u2022 Curso de Instructor EFR<\/td>\n<td valign=\"top\" height=\"859\"><img loading=\"lazy\" decoding=\"async\" class=\"wp-image-840 aligncenter\" src=\"https:\/\/www.oceanum.es\/wp-content\/uploads\/2018\/06\/iantdspain-logo-300x109.png\" alt=\"\" width=\"245\" height=\"89\" srcset=\"https:\/\/www.oceanum.es\/wp-content\/uploads\/2018\/06\/iantdspain-logo-300x109.png 300w, https:\/\/www.oceanum.es\/wp-content\/uploads\/2018\/06\/iantdspain-logo-600x219.png 600w, https:\/\/www.oceanum.es\/wp-content\/uploads\/2018\/06\/iantdspain-logo.png 700w\" sizes=\"(max-width: 245px) 100vw, 245px\" \/><span style=\"color: #cf0808;\"><strong>IANTD Instructor Trainer<\/strong><\/span><br \/>\n\u2022 Essentials of Diving IT<br \/>\n\u2022 Nitrox IT<br \/>\n\u2022 Advanced Nitrox Diver IT<br \/>\n\u2022 Recreational Trimix IT<br \/>\n\u2022 Advanced Recreational Trimix IT<br \/>\n\u2022 Technical IT<br \/>\n\u2022 Trimix Normoxic IT<br \/>\n\u2022 Tek Sidemount IT<br \/>\n\u2022 Gas Blender IT<br \/>\n\u2022 Technical DPV IT<br \/>\n\u2022 Technical Wreck IT<br \/>\n<span style=\"color: #cf0808;\"><strong>IANTD Instructor\u00a0<\/strong><\/span><br \/>\n\u2022 CCR Advanced Eanx JJ-CCR Instructor<br \/>\n\u2022 Cavern Instructor<br \/>\n\u2022 Intro to Cave Instructor<br \/>\n\u2022 Decompression Specialist Instructor<br \/>\n<span style=\"color: #cf0808;\"><strong><img loading=\"lazy\" decoding=\"async\" class=\"wp-image-1716 alignleft\" src=\"https:\/\/www.oceanum.es\/wp-content\/uploads\/2020\/03\/GUE-logo_new-300x126.png\" alt=\"\" width=\"250\" height=\"105\" srcset=\"https:\/\/www.oceanum.es\/wp-content\/uploads\/2020\/03\/GUE-logo_new-300x126.png 300w, https:\/\/www.oceanum.es\/wp-content\/uploads\/2020\/03\/GUE-logo_new-600x251.png 600w, https:\/\/www.oceanum.es\/wp-content\/uploads\/2020\/03\/GUE-logo_new.png 668w\" sizes=\"(max-width: 250px) 100vw, 250px\" \/><\/strong><\/span><br \/>\n<span style=\"color: #cf0808;\"><strong>GUE Instructor (No Activo)<\/strong><\/span><br \/>\n<span style=\"color: #333333;\">\u2022 REC1 Instructor<\/span><img decoding=\"async\" class=\"aligncenter\" src=\"http:\/\/tsunamidive.com\/images\/dansponsor1.gif\" alt=\"\" height=\"114\" align=\"absmiddle\" \/><strong>\u00a0<\/strong><span style=\"color: #cf0808;\"><strong>DAN Instructor Trainer (No Activo)<\/strong><\/span><br \/>\n\u2022 BLS<br \/>\n\u2022 DEA<br \/>\n\u2022 FA<br \/>\n\u2022 O2 y Advanced O2<br \/>\n\u2022 REMO2<br \/>\n\u2022 Vida Marina Peligrosa<br \/>\n\u2022 Aquatic<br \/>\n\u2022 Neuro<br \/>\n<span style=\"color: #cf0808;\"><strong>Otras Titulaciones:<\/strong><\/span><br \/>\n\u2022 GUE Fundamentals<br \/>\n\u2022 GUE Triox<br \/>\n\u2022 GUE Tec1<br \/>\n\u2022 GUE Documentation<br \/>\n\u2022 T\u00e9cnico deportivo en Buceo CSD<br \/>\n\u2022 Monitor\/Instructor por la Generalitat Catalana.<br \/>\n\u2022 Patr\u00f3n Powerboat 2 \u2013 RYA<br \/>\n\u2022 Patr\u00f3n de Embarcaciones de Recreo con habilitaci\u00f3n profesional.<br \/>\n\u2022 Servicio Asistencia T\u00e9cnica: Cressi, Poseidon, Atomic y Tecline<\/td>\n<\/tr>\n<\/tbody>\n<\/table>\n","protected":false},"excerpt":{"rendered":"<p>PADI Course Director TEC 50 TRIMIX Instructor Trainer TEC TRIMIX Instructor PADI GAS BLENDER Instructor Trainer IANTD Instructor Trainer JJ-CCR Instructor PADI SPECIALTY Instructor Trainer EFR Instructor Trainer IAHD Course Director GUE Instructor (no activo) \u00abMe inici\u00e9 en este fant\u00e1stico mundo del buceo hace m\u00e1s de 30 a\u00f1os, \u00a0aunque mi pasi\u00f3n por el mar se remonta a mi infancia. Durante todos estos a\u00f1os he ido acumulando experiencia , aprendiendo de<\/p>\n<p><a class=\"more-link\" href=\"https:\/\/www.oceanum.es\/?page_id=1024\">Leer m\u00e1s<\/a><\/p>\n","protected":false},"author":1,"featured_media":0,"parent":0,"menu_order":0,"comment_status":"closed","ping_status":"closed","template":"","meta":{"footnotes":""},"class_list":["post-1024","page","type-page","status-publish","hentry"],"yoast_head":"<title>Oscar ALEGRE - Oceanum Diving Experiences<\/title>\n<meta name=\"robots\" content=\"index, follow, max-snippet:-1, max-image-preview:large, max-video-preview:-1\" \/>\n<link rel=\"canonical\" href=\"https:\/\/www.oceanum.es\/?page_id=1024\" \/>\n<meta property=\"og:locale\" content=\"es_ES\" \/>\n<meta property=\"og:type\" content=\"article\" \/>\n<meta property=\"og:title\" content=\"Oscar ALEGRE - Oceanum Diving Experiences\" \/>\n<meta property=\"og:description\" content=\"PADI Course Director TEC 50 TRIMIX Instructor Trainer TEC TRIMIX Instructor PADI GAS BLENDER Instructor Trainer IANTD Instructor Trainer JJ-CCR Instructor PADI SPECIALTY Instructor Trainer EFR Instructor Trainer IAHD Course Director GUE Instructor (no activo) \u00abMe inici\u00e9 en este fant\u00e1stico mundo del buceo hace m\u00e1s de 30 a\u00f1os, \u00a0aunque mi pasi\u00f3n por el mar se remonta a mi infancia. Durante todos estos a\u00f1os he ido acumulando experiencia , aprendiendo deLeer m\u00e1s\" \/>\n<meta property=\"og:url\" content=\"https:\/\/www.oceanum.es\/?page_id=1024\" \/>\n<meta property=\"og:site_name\" content=\"Oceanum Diving Experiences\" \/>\n<meta property=\"article:publisher\" content=\"https:\/\/www.facebook.com\/OceanumDiving\/\" \/>\n<meta property=\"article:modified_time\" content=\"2024-04-16T16:19:05+00:00\" \/>\n<meta property=\"og:image\" content=\"https:\/\/www.oceanum.es\/wp-content\/uploads\/2019\/09\/IMG_2719-244x300.jpg\" \/>\n<meta name=\"twitter:card\" content=\"summary_large_image\" \/>\n<meta name=\"twitter:site\" content=\"@OceanumDiving\" \/>\n<meta name=\"twitter:label1\" content=\"Tiempo de lectura\" \/>\n\t<meta name=\"twitter:data1\" content=\"4 minutos\" \/>\n<script type=\"application\/ld+json\" class=\"yoast-schema-graph\">{\"@context\":\"https:\\\/\\\/schema.org\",\"@graph\":[{\"@type\":\"WebPage\",\"@id\":\"https:\\\/\\\/www.oceanum.es\\\/?page_id=1024\",\"url\":\"https:\\\/\\\/www.oceanum.es\\\/?page_id=1024\",\"name\":\"Oscar ALEGRE - Oceanum Diving Experiences\",\"isPartOf\":{\"@id\":\"https:\\\/\\\/www.oceanum.es\\\/#website\"},\"primaryImageOfPage\":{\"@id\":\"https:\\\/\\\/www.oceanum.es\\\/?page_id=1024#primaryimage\"},\"image\":{\"@id\":\"https:\\\/\\\/www.oceanum.es\\\/?page_id=1024#primaryimage\"},\"thumbnailUrl\":\"https:\\\/\\\/www.oceanum.es\\\/wp-content\\\/uploads\\\/2019\\\/09\\\/IMG_2719-244x300.jpg\",\"datePublished\":\"2018-06-25T11:33:24+00:00\",\"dateModified\":\"2024-04-16T16:19:05+00:00\",\"breadcrumb\":{\"@id\":\"https:\\\/\\\/www.oceanum.es\\\/?page_id=1024#breadcrumb\"},\"inLanguage\":\"es\",\"potentialAction\":[{\"@type\":\"ReadAction\",\"target\":[\"https:\\\/\\\/www.oceanum.es\\\/?page_id=1024\"]}]},{\"@type\":\"ImageObject\",\"inLanguage\":\"es\",\"@id\":\"https:\\\/\\\/www.oceanum.es\\\/?page_id=1024#primaryimage\",\"url\":\"https:\\\/\\\/www.oceanum.es\\\/wp-content\\\/uploads\\\/2019\\\/09\\\/IMG_2719.jpg\",\"contentUrl\":\"https:\\\/\\\/www.oceanum.es\\\/wp-content\\\/uploads\\\/2019\\\/09\\\/IMG_2719.jpg\",\"width\":1716,\"height\":2106},{\"@type\":\"BreadcrumbList\",\"@id\":\"https:\\\/\\\/www.oceanum.es\\\/?page_id=1024#breadcrumb\",\"itemListElement\":[{\"@type\":\"ListItem\",\"position\":1,\"name\":\"Portada\",\"item\":\"https:\\\/\\\/www.oceanum.es\\\/\"},{\"@type\":\"ListItem\",\"position\":2,\"name\":\"Oscar ALEGRE\"}]},{\"@type\":\"WebSite\",\"@id\":\"https:\\\/\\\/www.oceanum.es\\\/#website\",\"url\":\"https:\\\/\\\/www.oceanum.es\\\/\",\"name\":\"Oceanum Diving Experiences\",\"description\":\"Otra forma de Bucear\",\"potentialAction\":[{\"@type\":\"SearchAction\",\"target\":{\"@type\":\"EntryPoint\",\"urlTemplate\":\"https:\\\/\\\/www.oceanum.es\\\/?s={search_term_string}\"},\"query-input\":{\"@type\":\"PropertyValueSpecification\",\"valueRequired\":true,\"valueName\":\"search_term_string\"}}],\"inLanguage\":\"es\"}]}<\/script>","yoast_head_json":{"title":"Oscar ALEGRE - Oceanum Diving Experiences","robots":{"index":"index","follow":"follow","max-snippet":"max-snippet:-1","max-image-preview":"max-image-preview:large","max-video-preview":"max-video-preview:-1"},"canonical":"https:\/\/www.oceanum.es\/?page_id=1024","og_locale":"es_ES","og_type":"article","og_title":"Oscar ALEGRE - Oceanum Diving Experiences","og_description":"PADI Course Director TEC 50 TRIMIX Instructor Trainer TEC TRIMIX Instructor PADI GAS BLENDER Instructor Trainer IANTD Instructor Trainer JJ-CCR Instructor PADI SPECIALTY Instructor Trainer EFR Instructor Trainer IAHD Course Director GUE Instructor (no activo) \u00abMe inici\u00e9 en este fant\u00e1stico mundo del buceo hace m\u00e1s de 30 a\u00f1os, \u00a0aunque mi pasi\u00f3n por el mar se remonta a mi infancia. Durante todos estos a\u00f1os he ido acumulando experiencia , aprendiendo deLeer m\u00e1s","og_url":"https:\/\/www.oceanum.es\/?page_id=1024","og_site_name":"Oceanum Diving Experiences","article_publisher":"https:\/\/www.facebook.com\/OceanumDiving\/","article_modified_time":"2024-04-16T16:19:05+00:00","og_image":[{"url":"https:\/\/www.oceanum.es\/wp-content\/uploads\/2019\/09\/IMG_2719-244x300.jpg","type":"","width":"","height":""}],"twitter_card":"summary_large_image","twitter_site":"@OceanumDiving","twitter_misc":{"Tiempo de lectura":"4 minutos"},"schema":{"@context":"https:\/\/schema.org","@graph":[{"@type":"WebPage","@id":"https:\/\/www.oceanum.es\/?page_id=1024","url":"https:\/\/www.oceanum.es\/?page_id=1024","name":"Oscar ALEGRE - Oceanum Diving Experiences","isPartOf":{"@id":"https:\/\/www.oceanum.es\/#website"},"primaryImageOfPage":{"@id":"https:\/\/www.oceanum.es\/?page_id=1024#primaryimage"},"image":{"@id":"https:\/\/www.oceanum.es\/?page_id=1024#primaryimage"},"thumbnailUrl":"https:\/\/www.oceanum.es\/wp-content\/uploads\/2019\/09\/IMG_2719-244x300.jpg","datePublished":"2018-06-25T11:33:24+00:00","dateModified":"2024-04-16T16:19:05+00:00","breadcrumb":{"@id":"https:\/\/www.oceanum.es\/?page_id=1024#breadcrumb"},"inLanguage":"es","potentialAction":[{"@type":"ReadAction","target":["https:\/\/www.oceanum.es\/?page_id=1024"]}]},{"@type":"ImageObject","inLanguage":"es","@id":"https:\/\/www.oceanum.es\/?page_id=1024#primaryimage","url":"https:\/\/www.oceanum.es\/wp-content\/uploads\/2019\/09\/IMG_2719.jpg","contentUrl":"https:\/\/www.oceanum.es\/wp-content\/uploads\/2019\/09\/IMG_2719.jpg","width":1716,"height":2106},{"@type":"BreadcrumbList","@id":"https:\/\/www.oceanum.es\/?page_id=1024#breadcrumb","itemListElement":[{"@type":"ListItem","position":1,"name":"Portada","item":"https:\/\/www.oceanum.es\/"},{"@type":"ListItem","position":2,"name":"Oscar ALEGRE"}]},{"@type":"WebSite","@id":"https:\/\/www.oceanum.es\/#website","url":"https:\/\/www.oceanum.es\/","name":"Oceanum Diving Experiences","description":"Otra forma de Bucear","potentialAction":[{"@type":"SearchAction","target":{"@type":"EntryPoint","urlTemplate":"https:\/\/www.oceanum.es\/?s={search_term_string}"},"query-input":{"@type":"PropertyValueSpecification","valueRequired":true,"valueName":"search_term_string"}}],"inLanguage":"es"}]}},"amp_enabled":true,"_links":{"self":[{"href":"https:\/\/www.oceanum.es\/index.php?rest_route=\/wp\/v2\/pages\/1024","targetHints":{"allow":["GET"]}}],"collection":[{"href":"https:\/\/www.oceanum.es\/index.php?rest_route=\/wp\/v2\/pages"}],"about":[{"href":"https:\/\/www.oceanum.es\/index.php?rest_route=\/wp\/v2\/types\/page"}],"author":[{"embeddable":true,"href":"https:\/\/www.oceanum.es\/index.php?rest_route=\/wp\/v2\/users\/1"}],"replies":[{"embeddable":true,"href":"https:\/\/www.oceanum.es\/index.php?rest_route=%2Fwp%2Fv2%2Fcomments&post=1024"}],"version-history":[{"count":26,"href":"https:\/\/www.oceanum.es\/index.php?rest_route=\/wp\/v2\/pages\/1024\/revisions"}],"predecessor-version":[{"id":2115,"href":"https:\/\/www.oceanum.es\/index.php?rest_route=\/wp\/v2\/pages\/1024\/revisions\/2115"}],"wp:attachment":[{"href":"https:\/\/www.oceanum.es\/index.php?rest_route=%2Fwp%2Fv2%2Fmedia&parent=1024"}],"curies":[{"name":"wp","href":"https:\/\/api.w.org\/{rel}","templated":true}]}}